{"id":662,"date":"2018-05-03T14:20:06","date_gmt":"2018-05-03T11:20:06","guid":{"rendered":"http:\/\/www.remet.ee\/?page_id=662"},"modified":"2023-01-20T10:00:52","modified_gmt":"2023-01-20T08:00:52","slug":"about-the-company","status":"publish","type":"page","link":"http:\/\/www.remet.ee\/en\/about-the-company\/","title":{"rendered":"About the Company"},"content":{"rendered":"<div class=\"wpb-content-wrapper\">[vc_row][vc_column width=&#8221;1\/2&#8243;][vc_custom_heading text=&#8221;AS Remet&#8221; font_container=&#8221;tag:h2|font_size:25px|text_align:left|color:%23265ea1|line_height:30px&#8221; google_fonts=&#8221;font_family:Quicksand%3A300%2Cregular%2C700|font_style:700%20bold%20regular%3A700%3Anormal&#8221; css=&#8221;.vc_custom_1520260462673{margin-bottom: 20px !important;}&#8221;][vc_column_text css=&#8221;.vc_custom_1525766479926{margin-bottom: 45px !important;}&#8221;]Remet is a construction company founded in 1989. The company has sustained its excellent performance over the years regardless of varied macroeconomic conditions, remaining a reliable partner for our clients.[\/vc_column_text][vc_custom_heading text=&#8221;Services&#8221; font_container=&#8221;tag:h2|font_size:25px|text_align:left|color:%23265ea1|line_height:30px&#8221; google_fonts=&#8221;font_family:Quicksand%3A300%2Cregular%2C700|font_style:700%20bold%20regular%3A700%3Anormal&#8221; css=&#8221;.vc_custom_1525346333309{margin-bottom: 20px !important;}&#8221;][vc_column_text css=&#8221;.vc_custom_1525766510562{margin-bottom: 45px !important;}&#8221; el_class=&#8221;bulletiga&#8221;]\n<ul>\n<li>Construction main contractor and project management<\/li>\n<li>General construction, reconstruction works, renovation<\/li>\n<li>Restoration and repair of architectural buildings<\/li>\n<li>Building design and interior design<\/li>\n<li>Calculations and price quotations<\/li>\n<\/ul>\n[\/vc_column_text][\/vc_column][vc_column width=&#8221;1\/2&#8243;][vc_custom_heading text=&#8221;Quality and Leadership&#8221; font_container=&#8221;tag:h3|font_size:25px|text_align:left|color:%23265ea1|line_height:30px&#8221; google_fonts=&#8221;font_family:Quicksand%3A300%2Cregular%2C700|font_style:700%20bold%20regular%3A700%3Anormal&#8221; css=&#8221;.vc_custom_1525766470988{margin-bottom: 20px !important;}&#8221;][vc_column_text css=&#8221;.vc_custom_1525766527487{margin-bottom: 20px !important;}&#8221; el_class=&#8221;bulletiga&#8221;]The key expert in construction is an engineer. When building our team, we value qualified engineers and put effort into further developing the knowledge and skills of our engineers.<\/p>\n<p>To recognize the superior quality of our services, we have been awarded the following certificates by Lloyd\u2019s Register Quality Assurance Ltd:[\/vc_column_text][vc_row_inner][vc_column_inner width=&#8221;1\/2&#8243;][vc_column_text el_class=&#8221;bulletiga&#8221;]\n<ul>\n<li>ISO 9001:2015<\/li>\n<li>ISO 14001:2015<\/li>\n<li>ISO 45001:2018<\/li>\n<\/ul>\n[\/vc_column_text][\/vc_column_inner][vc_column_inner width=&#8221;1\/2&#8243;][vc_single_image image=&#8221;1271&#8243; img_size=&#8221;100&#215;124&#8243;][\/vc_column_inner][\/vc_row_inner][vc_column_text css=&#8221;.vc_custom_1525766537267{margin-top: 20px !important;margin-bottom: 45px !important;}&#8221; el_class=&#8221;bulletiga&#8221;]In addittion, we are accredited in various areas of building design and construction management, including a licence for building restoration by the Heritage Board of Estonia.[\/vc_column_text][\/vc_column][\/vc_row]\n<\/div>","protected":false},"excerpt":{"rendered":"<p>[vc_row][vc_column width=&#8221;1\/2&#8243;][vc_custom_heading text=&#8221;AS Remet&#8221; font_container=&#8221;tag:h2|font_size:25px|text_align:left|color:%23265ea1|line_height:30px&#8221; google_fonts=&#8221;font_family:Quicksand%3A300%2Cregular%2C700|font_style:700%20bold%20regular%3A700%3Anormal&#8221; css=&#8221;.vc_custom_1520260462673{margin-bottom: 20px !important;}&#8221;][vc_column_text css=&#8221;.vc_custom_1525766479926{margin-bottom: 45px !important;}&#8221;]Remet is a construction company founded in 1989. The company has sustained its excellent performance over the years regardless of varied macroeconomic conditions, remaining a reliable partner for our clients.[\/vc_column_text][vc_custom_heading text=&#8221;Services&#8221; font_container=&#8221;tag:h2|font_size:25px|text_align:left|color:%23265ea1|line_height:30px&#8221; google_fonts=&#8221;font_family:Quicksand%3A300%2Cregular%2C700|font_style:700%20bold%20regular%3A700%3Anormal&#8221; css=&#8221;.vc_custom_1525346333309{margin-bottom: 20px !important;}&#8221;][vc_column_text css=&#8221;.vc_custom_1525766510562{margin-bottom: 45px !important;}&#8221; el_class=&#8221;bulletiga&#8221;] Construction main contractor and&#8230;<\/p>\n","protected":false},"author":1,"featured_media":0,"parent":0,"menu_order":0,"comment_status":"closed","ping_status":"closed","template":"page-full-alam.php","meta":{"_acf_changed":false,"footnotes":""},"class_list":["post-662","page","type-page","status-publish","hentry"],"acf":[],"yoast_head":"<!-- This site is optimized with the Yoast SEO plugin v25.6 - https:\/\/yoast.com\/wordpress\/plugins\/seo\/ -->\n<title>REMET EHITUSETTEV\u00d5TE - About the Company - AS Remet<\/title>\n<meta name=\"description\" content=\"Remet ehitus on ehitusettev\u00f5te, mis on loodud 1990. aastal. AS Remet pakub koos oma inseneridest koosneva meeskonnaga juhtimist ehituse peat\u00f6\u00f6v\u00f5tu meetodil k.a. projekteerimis-ehituse peat\u00f6\u00f6v\u00f5tt.\" \/>\n<meta name=\"robots\" content=\"index, follow, max-snippet:-1, max-image-preview:large, max-video-preview:-1\" \/>\n<link rel=\"canonical\" href=\"http:\/\/www.remet.ee\/ettevottest\/\" \/>\n<meta property=\"og:locale\" content=\"en_US\" \/>\n<meta property=\"og:type\" content=\"article\" \/>\n<meta property=\"og:title\" content=\"REMET EHITUSETTEV\u00d5TE - About the Company - AS Remet\" \/>\n<meta property=\"og:description\" content=\"Remet ehitus on ehitusettev\u00f5te, mis on loodud 1990. aastal. AS Remet pakub koos oma inseneridest koosneva meeskonnaga juhtimist ehituse peat\u00f6\u00f6v\u00f5tu meetodil k.a. projekteerimis-ehituse peat\u00f6\u00f6v\u00f5tt.\" \/>\n<meta property=\"og:url\" content=\"http:\/\/www.remet.ee\/ettevottest\/\" \/>\n<meta property=\"og:site_name\" content=\"REMET EHITUSETTEV\u00d5TE\" \/>\n<meta property=\"article:modified_time\" content=\"2023-01-20T08:00:52+00:00\" \/>\n<meta name=\"twitter:card\" content=\"summary_large_image\" \/>\n<meta name=\"twitter:label1\" content=\"Est. reading time\" \/>\n\t<meta name=\"twitter:data1\" content=\"2 minutes\" \/>\n<script type=\"application\/ld+json\" class=\"yoast-schema-graph\">{\"@context\":\"https:\/\/schema.org\",\"@graph\":[{\"@type\":\"WebPage\",\"@id\":\"http:\/\/www.remet.ee\/ettevottest\/\",\"url\":\"http:\/\/www.remet.ee\/ettevottest\/\",\"name\":\"REMET EHITUSETTEV\u00d5TE - About the Company - AS Remet\",\"isPartOf\":{\"@id\":\"http:\/\/www.remet.ee\/#website\"},\"datePublished\":\"2018-05-03T11:20:06+00:00\",\"dateModified\":\"2023-01-20T08:00:52+00:00\",\"description\":\"Remet ehitus on ehitusettev\u00f5te, mis on loodud 1990. aastal. AS Remet pakub koos oma inseneridest koosneva meeskonnaga juhtimist ehituse peat\u00f6\u00f6v\u00f5tu meetodil k.a. projekteerimis-ehituse peat\u00f6\u00f6v\u00f5tt.\",\"breadcrumb\":{\"@id\":\"http:\/\/www.remet.ee\/ettevottest\/#breadcrumb\"},\"inLanguage\":\"en-US\",\"potentialAction\":[{\"@type\":\"ReadAction\",\"target\":[\"http:\/\/www.remet.ee\/ettevottest\/\"]}]},{\"@type\":\"BreadcrumbList\",\"@id\":\"http:\/\/www.remet.ee\/ettevottest\/#breadcrumb\",\"itemListElement\":[{\"@type\":\"ListItem\",\"position\":1,\"name\":\"Home\",\"item\":\"http:\/\/www.remet.ee\/\"},{\"@type\":\"ListItem\",\"position\":2,\"name\":\"About the Company\"}]},{\"@type\":\"WebSite\",\"@id\":\"http:\/\/www.remet.ee\/#website\",\"url\":\"http:\/\/www.remet.ee\/\",\"name\":\"REMET EHITUSETTEV\u00d5TE\",\"description\":\"Ehitusettev\u00f5te Remet omab kogemust ehituses aastast 1989\",\"potentialAction\":[{\"@type\":\"SearchAction\",\"target\":{\"@type\":\"EntryPoint\",\"urlTemplate\":\"http:\/\/www.remet.ee\/?s={search_term_string}\"},\"query-input\":{\"@type\":\"PropertyValueSpecification\",\"valueRequired\":true,\"valueName\":\"search_term_string\"}}],\"inLanguage\":\"en-US\"}]}<\/script>\n<!-- \/ Yoast SEO plugin. -->","yoast_head_json":{"title":"REMET EHITUSETTEV\u00d5TE - About the Company - AS Remet","description":"Remet ehitus on ehitusettev\u00f5te, mis on loodud 1990. aastal. AS Remet pakub koos oma inseneridest koosneva meeskonnaga juhtimist ehituse peat\u00f6\u00f6v\u00f5tu meetodil k.a. projekteerimis-ehituse peat\u00f6\u00f6v\u00f5tt.","robots":{"index":"index","follow":"follow","max-snippet":"max-snippet:-1","max-image-preview":"max-image-preview:large","max-video-preview":"max-video-preview:-1"},"canonical":"http:\/\/www.remet.ee\/ettevottest\/","og_locale":"en_US","og_type":"article","og_title":"REMET EHITUSETTEV\u00d5TE - About the Company - AS Remet","og_description":"Remet ehitus on ehitusettev\u00f5te, mis on loodud 1990. aastal. AS Remet pakub koos oma inseneridest koosneva meeskonnaga juhtimist ehituse peat\u00f6\u00f6v\u00f5tu meetodil k.a. projekteerimis-ehituse peat\u00f6\u00f6v\u00f5tt.","og_url":"http:\/\/www.remet.ee\/ettevottest\/","og_site_name":"REMET EHITUSETTEV\u00d5TE","article_modified_time":"2023-01-20T08:00:52+00:00","twitter_card":"summary_large_image","twitter_misc":{"Est. reading time":"2 minutes"},"schema":{"@context":"https:\/\/schema.org","@graph":[{"@type":"WebPage","@id":"http:\/\/www.remet.ee\/ettevottest\/","url":"http:\/\/www.remet.ee\/ettevottest\/","name":"REMET EHITUSETTEV\u00d5TE - About the Company - AS Remet","isPartOf":{"@id":"http:\/\/www.remet.ee\/#website"},"datePublished":"2018-05-03T11:20:06+00:00","dateModified":"2023-01-20T08:00:52+00:00","description":"Remet ehitus on ehitusettev\u00f5te, mis on loodud 1990. aastal. AS Remet pakub koos oma inseneridest koosneva meeskonnaga juhtimist ehituse peat\u00f6\u00f6v\u00f5tu meetodil k.a. projekteerimis-ehituse peat\u00f6\u00f6v\u00f5tt.","breadcrumb":{"@id":"http:\/\/www.remet.ee\/ettevottest\/#breadcrumb"},"inLanguage":"en-US","potentialAction":[{"@type":"ReadAction","target":["http:\/\/www.remet.ee\/ettevottest\/"]}]},{"@type":"BreadcrumbList","@id":"http:\/\/www.remet.ee\/ettevottest\/#breadcrumb","itemListElement":[{"@type":"ListItem","position":1,"name":"Home","item":"http:\/\/www.remet.ee\/"},{"@type":"ListItem","position":2,"name":"About the Company"}]},{"@type":"WebSite","@id":"http:\/\/www.remet.ee\/#website","url":"http:\/\/www.remet.ee\/","name":"REMET EHITUSETTEV\u00d5TE","description":"Ehitusettev\u00f5te Remet omab kogemust ehituses aastast 1989","potentialAction":[{"@type":"SearchAction","target":{"@type":"EntryPoint","urlTemplate":"http:\/\/www.remet.ee\/?s={search_term_string}"},"query-input":{"@type":"PropertyValueSpecification","valueRequired":true,"valueName":"search_term_string"}}],"inLanguage":"en-US"}]}},"_links":{"self":[{"href":"http:\/\/www.remet.ee\/en\/wp-json\/wp\/v2\/pages\/662"}],"collection":[{"href":"http:\/\/www.remet.ee\/en\/wp-json\/wp\/v2\/pages"}],"about":[{"href":"http:\/\/www.remet.ee\/en\/wp-json\/wp\/v2\/types\/page"}],"author":[{"embeddable":true,"href":"http:\/\/www.remet.ee\/en\/wp-json\/wp\/v2\/users\/1"}],"replies":[{"embeddable":true,"href":"http:\/\/www.remet.ee\/en\/wp-json\/wp\/v2\/comments?post=662"}],"version-history":[{"count":7,"href":"http:\/\/www.remet.ee\/en\/wp-json\/wp\/v2\/pages\/662\/revisions"}],"predecessor-version":[{"id":1274,"href":"http:\/\/www.remet.ee\/en\/wp-json\/wp\/v2\/pages\/662\/revisions\/1274"}],"wp:attachment":[{"href":"http:\/\/www.remet.ee\/en\/wp-json\/wp\/v2\/media?parent=662"}],"curies":[{"name":"wp","href":"https:\/\/api.w.org\/{rel}","templated":true}]}}