{"id":666,"date":"2018-05-03T14:31:18","date_gmt":"2018-05-03T11:31:18","guid":{"rendered":"http:\/\/www.remet.ee\/?page_id=666"},"modified":"2023-05-31T09:39:59","modified_gmt":"2023-05-31T06:39:59","slug":"developments","status":"publish","type":"page","link":"http:\/\/www.remet.ee\/en\/developments\/","title":{"rendered":"Real Estate Currently on Offer"},"content":{"rendered":"<div class=\"wpb-content-wrapper\">[vc_row el_class=&#8221;kinnisvaraarenduse-plokk&#8221;][vc_column width=&#8221;1\/4&#8243;][vc_single_image image=&#8221;1217&#8243; img_size=&#8221;400&#215;300&#8243; add_caption=&#8221;yes&#8221; alignment=&#8221;center&#8221; onclick=&#8221;img_link_large&#8221;][vc_custom_heading text=&#8221;Hane tn 4, Tallinn&#8221; font_container=&#8221;tag:h3|font_size:17px|text_align:center|line_height:22px&#8221; use_theme_fonts=&#8221;yes&#8221;][vc_column_text]\n<p style=\"text-align: center;\">Residental building with 40 apartments has been completed in Kristiine at Hane 4. The building was completed in 2023 and consists of spacious and well planned 2-4 room apartments which are available for rent.<\/p>\n<p style=\"text-align: center;\">Contact:\u00a0<a href=\"mailto:marek@remet.ee\">marek@remet.ee<\/a> ,<\/p>\n<p style=\"text-align: center;\">+372 5342 8128<\/p>\n[\/vc_column_text][\/vc_column][vc_column width=&#8221;1\/4&#8243;][vc_single_image image=&#8221;1228&#8243; img_size=&#8221;400&#215;300&#8243; add_caption=&#8221;yes&#8221; alignment=&#8221;center&#8221; onclick=&#8221;img_link_large&#8221;][vc_custom_heading text=&#8221;Kaare tee 9, J\u00e4rvek\u00fcla<br \/>\n&#8221; font_container=&#8221;tag:h3|font_size:17mp|text_align:center|color:%23000000|line_height:22mp&#8221; use_theme_fonts=&#8221;yes&#8221;][vc_column_text]\n<p style=\"text-align: center;\">A high-quality terraced house has been completed in J\u00e4rvek\u00fcla at Kaare tee 9. The house was completed in the end of 2021 and the energy class of the house is A. Each terraced house has a large private yard.<\/p>\n<p style=\"text-align: center;\">Contact:\u00a0<a href=\"mailto:marek@remet.ee\">marek@remet.ee<\/a> ,<\/p>\n<p style=\"text-align: center;\">+372 5342 8128<\/p>\n[\/vc_column_text][\/vc_column][vc_column width=&#8221;1\/4&#8243;][vc_single_image image=&#8221;984&#8243; img_size=&#8221;400&#215;300&#8243; add_caption=&#8221;yes&#8221; alignment=&#8221;center&#8221; onclick=&#8221;img_link_large&#8221;][vc_custom_heading text=&#8221;Paepargi 50, Tallinn&#8221; font_container=&#8221;tag:h3|font_size:17px|text_align:center|color:%23000000|line_height:22px&#8221; use_theme_fonts=&#8221;yes&#8221;][vc_column_text el_class=&#8221;kinnisvaraarenduse-plokk-sisutekst&#8221;]\n<p style=\"text-align: center;\">Two new apartment buildings have been built in Paepargi residential area at the address Paepargi 50\/1 and Paepargi 50\/2.<br \/>\nThe construction was completed in summer 2020. We rent out 2-, 3- and 4-room apartments.<\/p>\n<p style=\"text-align: center;\">Contact:\u00a0<a href=\"mailto:marek@remet.ee\">marek@remet.ee<\/a><\/p>\n<p style=\"text-align: center;\">+372 5342 8128<\/p>\n[\/vc_column_text][\/vc_column][vc_column width=&#8221;1\/4&#8243;][vc_single_image image=&#8221;1106&#8243; img_size=&#8221;400&#215;300&#8243; add_caption=&#8221;yes&#8221; alignment=&#8221;center&#8221; onclick=&#8221;img_link_large&#8221;][vc_custom_heading text=&#8221;Nurmenuku residential plots<br \/>\n&#8221; font_container=&#8221;tag:h3|font_size:17px|text_align:center|line_height:22px&#8221; use_theme_fonts=&#8221;yes&#8221;][vc_column_text]\n<p style=\"text-align: center;\">Twelve new private house plots have been built in Keila, Nurmenuku residential area. The plots have tall landscaping and are in the size of 800-1300 m2.<\/p>\n<p style=\"text-align: center;\">Contact:\u00a0<a href=\"mailto:marek@remet.ee\">marek@remet.ee<\/a> ,<\/p>\n<p style=\"text-align: center;\">+372 5342 8128<\/p>\n[\/vc_column_text][\/vc_column][\/vc_row][vc_row css=&#8221;.vc_custom_1520195536058{margin-top: 80px !important;margin-bottom: 30px !important;}&#8221;][vc_column][vc_custom_heading text=&#8221;Previous Real Estate Projects&#8221; font_container=&#8221;tag:h2|font_size:46px|text_align:center|color:%23235ca3|line_height:50px&#8221; use_theme_fonts=&#8221;yes&#8221;][\/vc_column][\/vc_row][vc_row el_class=&#8221;pealkirjad&#8221;][vc_column width=&#8221;1\/4&#8243;][vc_single_image image=&#8221;80&#8243; img_size=&#8221;400&#215;300&#8243; add_caption=&#8221;yes&#8221; alignment=&#8221;center&#8221; onclick=&#8221;img_link_large&#8221;][vc_custom_heading text=&#8221;K\u00e4rneri 2\/4 apartment buildings&#8221; font_container=&#8221;tag:h3|font_size:17px|text_align:center|color:%23000000|line_height:22px&#8221; use_theme_fonts=&#8221;yes&#8221;][\/vc_column][vc_column width=&#8221;1\/4&#8243;][vc_single_image image=&#8221;870&#8243; img_size=&#8221;400&#215;300&#8243; add_caption=&#8221;yes&#8221; alignment=&#8221;center&#8221; onclick=&#8221;img_link_large&#8221;][vc_custom_heading text=&#8221;Nelgi tee 5, Nelgi p\u00f5ik 1, H\u00fcatsindi tee 1 and 2 apartment buildings&#8221; font_container=&#8221;tag:h3|font_size:17px|text_align:center|color:%23000000|line_height:22px&#8221; use_theme_fonts=&#8221;yes&#8221;][\/vc_column][vc_column width=&#8221;1\/4&#8243;][vc_single_image image=&#8221;594&#8243; img_size=&#8221;400&#215;300&#8243; add_caption=&#8221;yes&#8221; alignment=&#8221;center&#8221; onclick=&#8221;img_link_large&#8221;][vc_custom_heading text=&#8221;K\u00e4rneri 6-1 and K\u00e4rner 6-2 apartment buildings&#8221; font_container=&#8221;tag:h3|font_size:17px|text_align:center|color:%23000000|line_height:22px&#8221; use_theme_fonts=&#8221;yes&#8221;][\/vc_column][vc_column width=&#8221;1\/4&#8243;][vc_single_image image=&#8221;609&#8243; img_size=&#8221;400&#215;300&#8243; add_caption=&#8221;yes&#8221; alignment=&#8221;center&#8221; onclick=&#8221;img_link_large&#8221;][vc_custom_heading text=&#8221;K\u00e4rner 5 apartment building&#8221; font_container=&#8221;tag:h3|font_size:17px|text_align:center|color:%23000000|line_height:22px&#8221; use_theme_fonts=&#8221;yes&#8221;][\/vc_column][\/vc_row][vc_row el_class=&#8221;pealkirjad&#8221;][vc_column width=&#8221;1\/4&#8243;][vc_single_image image=&#8221;603&#8243; img_size=&#8221;400&#215;300&#8243; add_caption=&#8221;yes&#8221; alignment=&#8221;center&#8221; onclick=&#8221;img_link_large&#8221;][vc_custom_heading text=&#8221;K\u00e4rneri 3 apartment building&#8221; font_container=&#8221;tag:h3|font_size:17px|text_align:center|color:%23000000|line_height:22px&#8221; use_theme_fonts=&#8221;yes&#8221;][\/vc_column][vc_column width=&#8221;1\/4&#8243;][vc_single_image image=&#8221;597&#8243; img_size=&#8221;400&#215;300&#8243; add_caption=&#8221;yes&#8221; alignment=&#8221;center&#8221; onclick=&#8221;img_link_large&#8221;][vc_custom_heading text=&#8221;K\u00e4rner 1 apartment building&#8221; font_container=&#8221;tag:h3|font_size:17px|text_align:center|color:%23000000|line_height:22px&#8221; use_theme_fonts=&#8221;yes&#8221;][\/vc_column][vc_column width=&#8221;1\/4&#8243;][vc_single_image image=&#8221;81&#8243; img_size=&#8221;400&#215;300&#8243; add_caption=&#8221;yes&#8221; alignment=&#8221;center&#8221; onclick=&#8221;img_link_large&#8221;][vc_custom_heading text=&#8221;Uus-Tatari 12 apartment building&#8221; font_container=&#8221;tag:h3|font_size:17px|text_align:center|color:%23000000|line_height:22px&#8221; use_theme_fonts=&#8221;yes&#8221;][\/vc_column][vc_column width=&#8221;1\/4&#8243;][vc_single_image image=&#8221;606&#8243; img_size=&#8221;400&#215;300&#8243; add_caption=&#8221;yes&#8221; alignment=&#8221;center&#8221; onclick=&#8221;img_link_large&#8221;][vc_custom_heading text=&#8221;Vabaduse pst 185 apartment buildings&#8221; font_container=&#8221;tag:h3|font_size:17px|text_align:center|color:%23000000|line_height:22px&#8221; use_theme_fonts=&#8221;yes&#8221;][\/vc_column][\/vc_row][vc_row el_class=&#8221;pealkirjad&#8221;][vc_column width=&#8221;1\/4&#8243;][vc_single_image image=&#8221;600&#8243; img_size=&#8221;400&#215;300&#8243; add_caption=&#8221;yes&#8221; alignment=&#8221;center&#8221; onclick=&#8221;img_link_large&#8221;][vc_custom_heading text=&#8221;K\u00fclma 1 terraced house&#8221; font_container=&#8221;tag:h3|font_size:17px|text_align:center|color:%23000000|line_height:22px&#8221; use_theme_fonts=&#8221;yes&#8221;][\/vc_column][vc_column width=&#8221;1\/4&#8243;][vc_single_image image=&#8221;615&#8243; img_size=&#8221;400&#215;300&#8243; add_caption=&#8221;yes&#8221; alignment=&#8221;center&#8221; onclick=&#8221;img_link_large&#8221;][vc_custom_heading text=&#8221;Udeselja 4 terraced house&#8221; font_container=&#8221;tag:h3|font_size:17px|text_align:center|color:%23000000|line_height:22px&#8221; use_theme_fonts=&#8221;yes&#8221;][\/vc_column][vc_column width=&#8221;1\/4&#8243;][\/vc_column][\/vc_row]\n<\/div>","protected":false},"excerpt":{"rendered":"<p>[vc_row el_class=&#8221;kinnisvaraarenduse-plokk&#8221;][vc_column width=&#8221;1\/4&#8243;][vc_single_image image=&#8221;1217&#8243; img_size=&#8221;400&#215;300&#8243; add_caption=&#8221;yes&#8221; alignment=&#8221;center&#8221; onclick=&#8221;img_link_large&#8221;][vc_custom_heading text=&#8221;Hane tn 4, Tallinn&#8221; font_container=&#8221;tag:h3|font_size:17px|text_align:center|line_height:22px&#8221; use_theme_fonts=&#8221;yes&#8221;][vc_column_text] Residental building with 40 apartments has been completed in Kristiine at Hane 4. The building was completed in 2023 and consists of spacious and well planned 2-4 room apartments which are available for rent. Contact:\u00a0marek@remet.ee , +372 5342 8128 [\/vc_column_text][\/vc_column][vc_column width=&#8221;1\/4&#8243;][vc_single_image&#8230;<\/p>\n","protected":false},"author":1,"featured_media":0,"parent":0,"menu_order":0,"comment_status":"closed","ping_status":"closed","template":"page-full-alam.php","meta":{"_acf_changed":false,"footnotes":""},"class_list":["post-666","page","type-page","status-publish","hentry"],"acf":[],"yoast_head":"<!-- This site is optimized with the Yoast SEO plugin v25.6 - https:\/\/yoast.com\/wordpress\/plugins\/seo\/ -->\n<title>REMET EHITUSETTEV\u00d5TE - Real Estate Currently on Offer - AS Remet<\/title>\n<meta name=\"description\" content=\"Remet ehitus on ehitusettev\u00f5te, mis on loodud 1990. aastal. AS Remet pakub koos oma inseneridest koosneva meeskonnaga juhtimist ehituse peat\u00f6\u00f6v\u00f5tu meetodil k.a. projekteerimis-ehituse peat\u00f6\u00f6v\u00f5tt.\" \/>\n<meta name=\"robots\" content=\"index, follow, max-snippet:-1, max-image-preview:large, max-video-preview:-1\" \/>\n<link rel=\"canonical\" href=\"http:\/\/www.remet.ee\/kinnisvaraarendus\/\" \/>\n<meta property=\"og:locale\" content=\"en_US\" \/>\n<meta property=\"og:type\" content=\"article\" \/>\n<meta property=\"og:title\" content=\"REMET EHITUSETTEV\u00d5TE - Real Estate Currently on Offer - AS Remet\" \/>\n<meta property=\"og:description\" content=\"Remet ehitus on ehitusettev\u00f5te, mis on loodud 1990. aastal. AS Remet pakub koos oma inseneridest koosneva meeskonnaga juhtimist ehituse peat\u00f6\u00f6v\u00f5tu meetodil k.a. projekteerimis-ehituse peat\u00f6\u00f6v\u00f5tt.\" \/>\n<meta property=\"og:url\" content=\"http:\/\/www.remet.ee\/kinnisvaraarendus\/\" \/>\n<meta property=\"og:site_name\" content=\"REMET EHITUSETTEV\u00d5TE\" \/>\n<meta property=\"article:modified_time\" content=\"2023-05-31T06:39:59+00:00\" \/>\n<meta name=\"twitter:card\" content=\"summary_large_image\" \/>\n<meta name=\"twitter:label1\" content=\"Est. reading time\" \/>\n\t<meta name=\"twitter:data1\" content=\"5 minutes\" \/>\n<script type=\"application\/ld+json\" class=\"yoast-schema-graph\">{\"@context\":\"https:\/\/schema.org\",\"@graph\":[{\"@type\":\"WebPage\",\"@id\":\"http:\/\/www.remet.ee\/kinnisvaraarendus\/\",\"url\":\"http:\/\/www.remet.ee\/kinnisvaraarendus\/\",\"name\":\"REMET EHITUSETTEV\u00d5TE - Real Estate Currently on Offer - AS Remet\",\"isPartOf\":{\"@id\":\"http:\/\/www.remet.ee\/#website\"},\"datePublished\":\"2018-05-03T11:31:18+00:00\",\"dateModified\":\"2023-05-31T06:39:59+00:00\",\"description\":\"Remet ehitus on ehitusettev\u00f5te, mis on loodud 1990. aastal. AS Remet pakub koos oma inseneridest koosneva meeskonnaga juhtimist ehituse peat\u00f6\u00f6v\u00f5tu meetodil k.a. projekteerimis-ehituse peat\u00f6\u00f6v\u00f5tt.\",\"breadcrumb\":{\"@id\":\"http:\/\/www.remet.ee\/kinnisvaraarendus\/#breadcrumb\"},\"inLanguage\":\"en-US\",\"potentialAction\":[{\"@type\":\"ReadAction\",\"target\":[\"http:\/\/www.remet.ee\/kinnisvaraarendus\/\"]}]},{\"@type\":\"BreadcrumbList\",\"@id\":\"http:\/\/www.remet.ee\/kinnisvaraarendus\/#breadcrumb\",\"itemListElement\":[{\"@type\":\"ListItem\",\"position\":1,\"name\":\"Home\",\"item\":\"http:\/\/www.remet.ee\/\"},{\"@type\":\"ListItem\",\"position\":2,\"name\":\"Real Estate Currently on Offer\"}]},{\"@type\":\"WebSite\",\"@id\":\"http:\/\/www.remet.ee\/#website\",\"url\":\"http:\/\/www.remet.ee\/\",\"name\":\"REMET EHITUSETTEV\u00d5TE\",\"description\":\"Ehitusettev\u00f5te Remet omab kogemust ehituses aastast 1989\",\"potentialAction\":[{\"@type\":\"SearchAction\",\"target\":{\"@type\":\"EntryPoint\",\"urlTemplate\":\"http:\/\/www.remet.ee\/?s={search_term_string}\"},\"query-input\":{\"@type\":\"PropertyValueSpecification\",\"valueRequired\":true,\"valueName\":\"search_term_string\"}}],\"inLanguage\":\"en-US\"}]}<\/script>\n<!-- \/ Yoast SEO plugin. -->","yoast_head_json":{"title":"REMET EHITUSETTEV\u00d5TE - Real Estate Currently on Offer - AS Remet","description":"Remet ehitus on ehitusettev\u00f5te, mis on loodud 1990. aastal. AS Remet pakub koos oma inseneridest koosneva meeskonnaga juhtimist ehituse peat\u00f6\u00f6v\u00f5tu meetodil k.a. projekteerimis-ehituse peat\u00f6\u00f6v\u00f5tt.","robots":{"index":"index","follow":"follow","max-snippet":"max-snippet:-1","max-image-preview":"max-image-preview:large","max-video-preview":"max-video-preview:-1"},"canonical":"http:\/\/www.remet.ee\/kinnisvaraarendus\/","og_locale":"en_US","og_type":"article","og_title":"REMET EHITUSETTEV\u00d5TE - Real Estate Currently on Offer - AS Remet","og_description":"Remet ehitus on ehitusettev\u00f5te, mis on loodud 1990. aastal. AS Remet pakub koos oma inseneridest koosneva meeskonnaga juhtimist ehituse peat\u00f6\u00f6v\u00f5tu meetodil k.a. projekteerimis-ehituse peat\u00f6\u00f6v\u00f5tt.","og_url":"http:\/\/www.remet.ee\/kinnisvaraarendus\/","og_site_name":"REMET EHITUSETTEV\u00d5TE","article_modified_time":"2023-05-31T06:39:59+00:00","twitter_card":"summary_large_image","twitter_misc":{"Est. reading time":"5 minutes"},"schema":{"@context":"https:\/\/schema.org","@graph":[{"@type":"WebPage","@id":"http:\/\/www.remet.ee\/kinnisvaraarendus\/","url":"http:\/\/www.remet.ee\/kinnisvaraarendus\/","name":"REMET EHITUSETTEV\u00d5TE - Real Estate Currently on Offer - AS Remet","isPartOf":{"@id":"http:\/\/www.remet.ee\/#website"},"datePublished":"2018-05-03T11:31:18+00:00","dateModified":"2023-05-31T06:39:59+00:00","description":"Remet ehitus on ehitusettev\u00f5te, mis on loodud 1990. aastal. AS Remet pakub koos oma inseneridest koosneva meeskonnaga juhtimist ehituse peat\u00f6\u00f6v\u00f5tu meetodil k.a. projekteerimis-ehituse peat\u00f6\u00f6v\u00f5tt.","breadcrumb":{"@id":"http:\/\/www.remet.ee\/kinnisvaraarendus\/#breadcrumb"},"inLanguage":"en-US","potentialAction":[{"@type":"ReadAction","target":["http:\/\/www.remet.ee\/kinnisvaraarendus\/"]}]},{"@type":"BreadcrumbList","@id":"http:\/\/www.remet.ee\/kinnisvaraarendus\/#breadcrumb","itemListElement":[{"@type":"ListItem","position":1,"name":"Home","item":"http:\/\/www.remet.ee\/"},{"@type":"ListItem","position":2,"name":"Real Estate Currently on Offer"}]},{"@type":"WebSite","@id":"http:\/\/www.remet.ee\/#website","url":"http:\/\/www.remet.ee\/","name":"REMET EHITUSETTEV\u00d5TE","description":"Ehitusettev\u00f5te Remet omab kogemust ehituses aastast 1989","potentialAction":[{"@type":"SearchAction","target":{"@type":"EntryPoint","urlTemplate":"http:\/\/www.remet.ee\/?s={search_term_string}"},"query-input":{"@type":"PropertyValueSpecification","valueRequired":true,"valueName":"search_term_string"}}],"inLanguage":"en-US"}]}},"_links":{"self":[{"href":"http:\/\/www.remet.ee\/en\/wp-json\/wp\/v2\/pages\/666"}],"collection":[{"href":"http:\/\/www.remet.ee\/en\/wp-json\/wp\/v2\/pages"}],"about":[{"href":"http:\/\/www.remet.ee\/en\/wp-json\/wp\/v2\/types\/page"}],"author":[{"embeddable":true,"href":"http:\/\/www.remet.ee\/en\/wp-json\/wp\/v2\/users\/1"}],"replies":[{"embeddable":true,"href":"http:\/\/www.remet.ee\/en\/wp-json\/wp\/v2\/comments?post=666"}],"version-history":[{"count":42,"href":"http:\/\/www.remet.ee\/en\/wp-json\/wp\/v2\/pages\/666\/revisions"}],"predecessor-version":[{"id":1296,"href":"http:\/\/www.remet.ee\/en\/wp-json\/wp\/v2\/pages\/666\/revisions\/1296"}],"wp:attachment":[{"href":"http:\/\/www.remet.ee\/en\/wp-json\/wp\/v2\/media?parent=666"}],"curies":[{"name":"wp","href":"https:\/\/api.w.org\/{rel}","templated":true}]}}