{"id":685,"date":"2018-05-03T14:55:19","date_gmt":"2018-05-03T11:55:19","guid":{"rendered":"http:\/\/www.remet.ee\/?page_id=685"},"modified":"2018-05-08T11:08:01","modified_gmt":"2018-05-08T08:08:01","slug":"apartment-buildings","status":"publish","type":"page","link":"http:\/\/www.remet.ee\/en\/completed-projects\/apartment-buildings\/","title":{"rendered":"Apartment buildings"},"content":{"rendered":"<div class=\"wpb-content-wrapper\">[vc_row][vc_column][vc_column_text]<div class=\"gallery-wrap\"><div class=\"gallery-image-container\"><a class=\"gallery_picture\" href=\"http:\/\/www.remet.ee\/wp-content\/uploads\/2021\/10\/Picture1.png\" data-fancybox=\"gallery-195\"><div class=\"gallery_picture-wrap\"><img decoding=\"async\" src=\"http:\/\/www.remet.ee\/wp-content\/uploads\/2021\/10\/Picture1-271x198.png\" \/><h3 class=\"gallery-title\">Hane 4 apartment building<\/h3><\/div><\/a><a class=\"gallery_picture\" href=\"http:\/\/www.remet.ee\/wp-content\/uploads\/2019\/04\/Paepargi-50.jpg\" data-fancybox=\"gallery-195\"><div class=\"gallery_picture-wrap\"><img decoding=\"async\" src=\"http:\/\/www.remet.ee\/wp-content\/uploads\/2019\/04\/Paepargi-50-271x198.jpg\" \/><h3 class=\"gallery-title\">Apartment buildings Paepargi 50<\/h3><\/div><\/a><a class=\"gallery_picture\" href=\"http:\/\/www.remet.ee\/wp-content\/uploads\/2018\/04\/N1-H2-5.jpg\" data-fancybox=\"gallery-195\"><div class=\"gallery_picture-wrap\"><img decoding=\"async\" src=\"http:\/\/www.remet.ee\/wp-content\/uploads\/2018\/04\/N1-H2-5-271x198.jpg\" \/><h3 class=\"gallery-title\">Construction works of apartment buildings at Nelgi p\u00f5ik 1 and H\u00fcatsindi tee 2 <\/h3><\/div><\/a><a class=\"gallery_picture\" href=\"http:\/\/www.remet.ee\/wp-content\/uploads\/2018\/04\/1-2018.1-Ka\u0308rneri-2-ja-4-kortermaja-ehitusto\u0308o\u0308d.jpg\" data-fancybox=\"gallery-195\"><div class=\"gallery_picture-wrap\"><img decoding=\"async\" src=\"http:\/\/www.remet.ee\/wp-content\/uploads\/2018\/04\/1-2018.1-Ka\u0308rneri-2-ja-4-kortermaja-ehitusto\u0308o\u0308d-271x198.jpg\" \/><h3 class=\"gallery-title\">Construction works of apartment buildings at K\u00e4rner 2 and 4<\/h3><\/div><\/a><a class=\"gallery_picture\" href=\"http:\/\/www.remet.ee\/wp-content\/uploads\/2018\/11\/city_viimsi_vald_nelgi_tee_5_1_2_1461923697375.jpg\" data-fancybox=\"gallery-195\"><div class=\"gallery_picture-wrap\"><img decoding=\"async\" src=\"http:\/\/www.remet.ee\/wp-content\/uploads\/2018\/11\/city_viimsi_vald_nelgi_tee_5_1_2_1461923697375-271x198.jpg\" \/><h3 class=\"gallery-title\">Construction works of apartment buildings at Nelgi 5 and H\u00fcatsindi 1<\/h3><\/div><\/a><a class=\"gallery_picture\" href=\"http:\/\/www.remet.ee\/wp-content\/uploads\/2018\/04\/3-2015.2-Ka\u0308rneri-6-1-ja-Ka\u0308rneri-6-2-kortermajad-ehitusto\u0308o\u0308d.jpg\" data-fancybox=\"gallery-195\"><div class=\"gallery_picture-wrap\"><img decoding=\"async\" src=\"http:\/\/www.remet.ee\/wp-content\/uploads\/2018\/04\/3-2015.2-Ka\u0308rneri-6-1-ja-Ka\u0308rneri-6-2-kortermajad-ehitusto\u0308o\u0308d-271x198.jpg\" \/><h3 class=\"gallery-title\">Construction works of apartment buildings at K\u00e4rneri 6-1 and K\u00e4rner 6-2<\/h3><\/div><\/a><a class=\"gallery_picture\" href=\"http:\/\/www.remet.ee\/wp-content\/uploads\/2018\/04\/4-2007.5-Vabaduse-pst.-185-kortermajade-ehitusto\u0308o\u0308d.jpg\" data-fancybox=\"gallery-195\"><div class=\"gallery_picture-wrap\"><img decoding=\"async\" src=\"http:\/\/www.remet.ee\/wp-content\/uploads\/2018\/04\/4-2007.5-Vabaduse-pst.-185-kortermajade-ehitusto\u0308o\u0308d-271x198.jpg\" \/><h3 class=\"gallery-title\">Construction works of apartment buildings at Vabaduse pst 185 <\/h3><\/div><\/a><a class=\"gallery_picture\" href=\"http:\/\/www.remet.ee\/wp-content\/uploads\/2018\/04\/5-2010.1-Juhkentali-15-kortermaja-ehitusto\u0308o\u0308d.jpg\" data-fancybox=\"gallery-195\"><div class=\"gallery_picture-wrap\"><img decoding=\"async\" src=\"http:\/\/www.remet.ee\/wp-content\/uploads\/2018\/04\/5-2010.1-Juhkentali-15-kortermaja-ehitusto\u0308o\u0308d-271x198.jpg\" \/><h3 class=\"gallery-title\">Construction works of apartment building at Juhkentali 15<\/h3><\/div><\/a><a class=\"gallery_picture\" href=\"http:\/\/www.remet.ee\/wp-content\/uploads\/2018\/04\/6-2005.6-Suur-Kaare-45495357-kortermajade-ehitusto\u0308o\u0308d.jpg\" data-fancybox=\"gallery-195\"><div class=\"gallery_picture-wrap\"><img decoding=\"async\" src=\"http:\/\/www.remet.ee\/wp-content\/uploads\/2018\/04\/6-2005.6-Suur-Kaare-45495357-kortermajade-ehitusto\u0308o\u0308d-271x198.jpg\" \/><h3 class=\"gallery-title\">Construction works of apartment buildings at Suure-Kaare <\/h3><\/div><\/a><a class=\"gallery_picture\" href=\"http:\/\/www.remet.ee\/wp-content\/uploads\/2018\/04\/7-2011.1-Pirita-tee-26c-kortermajade-ehitusto\u0308o\u0308d.jpg\" data-fancybox=\"gallery-195\"><div class=\"gallery_picture-wrap\"><img decoding=\"async\" src=\"http:\/\/www.remet.ee\/wp-content\/uploads\/2018\/04\/7-2011.1-Pirita-tee-26c-kortermajade-ehitusto\u0308o\u0308d-271x198.jpg\" \/><h3 class=\"gallery-title\">Construction works of apartment buildings at Pirita 26c<\/h3><\/div><\/a><a class=\"gallery_picture\" href=\"http:\/\/www.remet.ee\/wp-content\/uploads\/2018\/03\/tatari-kodu.jpg\" data-fancybox=\"gallery-195\"><div class=\"gallery_picture-wrap\"><img decoding=\"async\" src=\"http:\/\/www.remet.ee\/wp-content\/uploads\/2018\/03\/tatari-kodu-271x198.jpg\" \/><h3 class=\"gallery-title\">Construction works of apartment buildings at Uus-Tatari 12<\/h3><\/div><\/a><a class=\"gallery_picture\" href=\"http:\/\/www.remet.ee\/wp-content\/uploads\/2018\/04\/8-2005.5-Pikaliiva-korterelamurajooni-ehitusto\u0308o\u0308d.jpg\" data-fancybox=\"gallery-195\"><div class=\"gallery_picture-wrap\"><img decoding=\"async\" src=\"http:\/\/www.remet.ee\/wp-content\/uploads\/2018\/04\/8-2005.5-Pikaliiva-korterelamurajooni-ehitusto\u0308o\u0308d-271x198.jpg\" \/><h3 class=\"gallery-title\">Construction of the Pikaliiva residential area<\/h3><\/div><\/a><a class=\"gallery_picture\" href=\"http:\/\/www.remet.ee\/wp-content\/uploads\/2018\/04\/9-2003.12-Loometsa-6-kortermaja-ehitusto\u0308o\u0308d.jpg\" data-fancybox=\"gallery-195\"><div class=\"gallery_picture-wrap\"><img decoding=\"async\" src=\"http:\/\/www.remet.ee\/wp-content\/uploads\/2018\/04\/9-2003.12-Loometsa-6-kortermaja-ehitusto\u0308o\u0308d-271x198.jpg\" \/><h3 class=\"gallery-title\">Construction works of apartment building at Loometsa 6<\/h3><\/div><\/a><a class=\"gallery_picture\" href=\"http:\/\/www.remet.ee\/wp-content\/uploads\/2018\/04\/10-2007.1-Ka\u0308rneri-1-kortermaja-ehitusto\u0308o\u0308d.jpg\" data-fancybox=\"gallery-195\"><div class=\"gallery_picture-wrap\"><img decoding=\"async\" src=\"http:\/\/www.remet.ee\/wp-content\/uploads\/2018\/04\/10-2007.1-Ka\u0308rneri-1-kortermaja-ehitusto\u0308o\u0308d-271x198.jpg\" \/><h3 class=\"gallery-title\">Construction works of apartment building at K\u00e4rner 1<\/h3><\/div><\/a><a class=\"gallery_picture\" href=\"http:\/\/www.remet.ee\/wp-content\/uploads\/2018\/04\/11-2008.1-Ka\u0308rneri-3-kortermaja-ehitusto\u0308o\u0308d.jpg\" data-fancybox=\"gallery-195\"><div class=\"gallery_picture-wrap\"><img decoding=\"async\" src=\"http:\/\/www.remet.ee\/wp-content\/uploads\/2018\/04\/11-2008.1-Ka\u0308rneri-3-kortermaja-ehitusto\u0308o\u0308d-271x198.jpg\" \/><h3 class=\"gallery-title\">Construction works of apartment building at K\u00e4rneri 3<\/h3><\/div><\/a><a class=\"gallery_picture\" href=\"http:\/\/www.remet.ee\/wp-content\/uploads\/2018\/04\/12-2013.2-Ka\u0308rneri-5-kortermaja-ehitusto\u0308o\u0308d.jpg\" data-fancybox=\"gallery-195\"><div class=\"gallery_picture-wrap\"><img decoding=\"async\" src=\"http:\/\/www.remet.ee\/wp-content\/uploads\/2018\/04\/12-2013.2-Ka\u0308rneri-5-kortermaja-ehitusto\u0308o\u0308d-271x198.jpg\" \/><h3 class=\"gallery-title\">Construction works of apartment building at K\u00e4rner 5<\/h3><\/div><\/a><a class=\"gallery_picture\" href=\"http:\/\/www.remet.ee\/wp-content\/uploads\/2018\/04\/13-2005.7-Muraste-tee-3577a-kortermajade-ehitusto\u0308o\u0308d.jpg\" data-fancybox=\"gallery-195\"><div class=\"gallery_picture-wrap\"><img decoding=\"async\" src=\"http:\/\/www.remet.ee\/wp-content\/uploads\/2018\/04\/13-2005.7-Muraste-tee-3577a-kortermajade-ehitusto\u0308o\u0308d-271x198.jpg\" \/><h3 class=\"gallery-title\">Construction works of apartment buildings at Muraste <\/h3><\/div><\/a><a class=\"gallery_picture\" href=\"http:\/\/www.remet.ee\/wp-content\/uploads\/2018\/04\/14-2007.2-Ku\u0308lma-tn-1-ridaelamute-ehitusto\u0308o\u0308d.jpg\" data-fancybox=\"gallery-195\"><div class=\"gallery_picture-wrap\"><img decoding=\"async\" src=\"http:\/\/www.remet.ee\/wp-content\/uploads\/2018\/04\/14-2007.2-Ku\u0308lma-tn-1-ridaelamute-ehitusto\u0308o\u0308d-271x198.jpg\" \/><h3 class=\"gallery-title\">Construction works of K\u00e4lma Street terraced house<\/h3><\/div><\/a><a class=\"gallery_picture\" href=\"http:\/\/www.remet.ee\/wp-content\/uploads\/2018\/04\/15-2000.9-Roopa-4a-kortermaja-ehitusto\u0308o\u0308d.png\" data-fancybox=\"gallery-195\"><div class=\"gallery_picture-wrap\"><img decoding=\"async\" src=\"http:\/\/www.remet.ee\/wp-content\/uploads\/2018\/04\/15-2000.9-Roopa-4a-kortermaja-ehitusto\u0308o\u0308d-271x198.png\" \/><h3 class=\"gallery-title\">Construction works of apartment building at Roopa 4a<\/h3><\/div><\/a><a class=\"gallery_picture\" href=\"http:\/\/www.remet.ee\/wp-content\/uploads\/2018\/04\/16-2003.5-Po\u0303ldma-2-ja-Ko\u0303lviku-42-ridamajade-ehitusto\u0308o\u0308d.jpg\" data-fancybox=\"gallery-195\"><div class=\"gallery_picture-wrap\"><img decoding=\"async\" src=\"http:\/\/www.remet.ee\/wp-content\/uploads\/2018\/04\/16-2003.5-Po\u0303ldma-2-ja-Ko\u0303lviku-42-ridamajade-ehitusto\u0308o\u0308d-271x198.jpg\" \/><h3 class=\"gallery-title\">Construction works of P\u00f5ldma 2 and K\u00f5lviku 42 terraced houses<\/h3><\/div><\/a><a class=\"gallery_picture\" href=\"http:\/\/www.remet.ee\/wp-content\/uploads\/2018\/04\/17-2004.5-Udeselja-4-ridamajade-ehitusto\u0308o\u0308d.png\" data-fancybox=\"gallery-195\"><div class=\"gallery_picture-wrap\"><img decoding=\"async\" src=\"http:\/\/www.remet.ee\/wp-content\/uploads\/2018\/04\/17-2004.5-Udeselja-4-ridamajade-ehitusto\u0308o\u0308d-271x198.png\" \/><h3 class=\"gallery-title\">Construction works of Udeselja 4 terraced house <\/h3><\/div><\/a><a class=\"gallery_picture\" href=\"http:\/\/www.remet.ee\/wp-content\/uploads\/2018\/04\/18-1998.16-Wismari-35a-ehitusto\u0308o\u0308d.jpg\" data-fancybox=\"gallery-195\"><div class=\"gallery_picture-wrap\"><img decoding=\"async\" src=\"http:\/\/www.remet.ee\/wp-content\/uploads\/2018\/04\/18-1998.16-Wismari-35a-ehitusto\u0308o\u0308d-271x198.jpg\" \/><h3 class=\"gallery-title\">Construction works of apartment building at Wismari 35a<\/h3><\/div><\/a><a class=\"gallery_picture\" href=\"http:\/\/www.remet.ee\/wp-content\/uploads\/2018\/04\/19-1999.4-Pikk-tn-30-renoveerimisto\u0308o\u0308d.jpg\" data-fancybox=\"gallery-195\"><div class=\"gallery_picture-wrap\"><img decoding=\"async\" src=\"http:\/\/www.remet.ee\/wp-content\/uploads\/2018\/04\/19-1999.4-Pikk-tn-30-renoveerimisto\u0308o\u0308d-271x198.jpg\" \/><h3 class=\"gallery-title\">Pikk 30 renovations<\/h3><\/div><\/a><a class=\"gallery_picture\" href=\"http:\/\/www.remet.ee\/wp-content\/uploads\/2018\/04\/20-...-Eramu-ehitusto\u0308o\u0308d-Puki-ta\u0308naval.jpg\" data-fancybox=\"gallery-195\"><div class=\"gallery_picture-wrap\"><img decoding=\"async\" src=\"http:\/\/www.remet.ee\/wp-content\/uploads\/2018\/04\/20-...-Eramu-ehitusto\u0308o\u0308d-Puki-ta\u0308naval-271x198.jpg\" \/><h3 class=\"gallery-title\">Construction works of private house at Puki Street<\/h3><\/div><\/a><\/div><div class=\"clr\"><\/div><\/div>[\/vc_column_text][\/vc_column][\/vc_row]\n<\/div>","protected":false},"excerpt":{"rendered":"<p>[vc_row][vc_column][vc_column_text][\/vc_column_text][\/vc_column][\/vc_row]<\/p>\n","protected":false},"author":1,"featured_media":0,"parent":682,"menu_order":0,"comment_status":"closed","ping_status":"closed","template":"","meta":{"_acf_changed":false,"footnotes":""},"class_list":["post-685","page","type-page","status-publish","hentry"],"acf":[],"yoast_head":"<!-- This site is optimized with the Yoast SEO plugin v25.6 - https:\/\/yoast.com\/wordpress\/plugins\/seo\/ -->\n<title>REMET EHITUSETTEV\u00d5TE - Apartment buildings - AS Remet<\/title>\n<meta name=\"description\" content=\"Remet ehitus on ehitusettev\u00f5te, mis on loodud 1990. aastal. AS Remet pakub koos oma inseneridest koosneva meeskonnaga juhtimist ehituse peat\u00f6\u00f6v\u00f5tu meetodil k.a. projekteerimis-ehituse peat\u00f6\u00f6v\u00f5tt.\" \/>\n<meta name=\"robots\" content=\"index, follow, max-snippet:-1, max-image-preview:large, max-video-preview:-1\" \/>\n<link rel=\"canonical\" href=\"http:\/\/www.remet.ee\/tehtud-tood\/kortermajad\/\" \/>\n<meta property=\"og:locale\" content=\"en_US\" \/>\n<meta property=\"og:type\" content=\"article\" \/>\n<meta property=\"og:title\" content=\"REMET EHITUSETTEV\u00d5TE - Apartment buildings - AS Remet\" \/>\n<meta property=\"og:description\" content=\"Remet ehitus on ehitusettev\u00f5te, mis on loodud 1990. aastal. AS Remet pakub koos oma inseneridest koosneva meeskonnaga juhtimist ehituse peat\u00f6\u00f6v\u00f5tu meetodil k.a. projekteerimis-ehituse peat\u00f6\u00f6v\u00f5tt.\" \/>\n<meta property=\"og:url\" content=\"http:\/\/www.remet.ee\/tehtud-tood\/kortermajad\/\" \/>\n<meta property=\"og:site_name\" content=\"REMET EHITUSETTEV\u00d5TE\" \/>\n<meta property=\"article:modified_time\" content=\"2018-05-08T08:08:01+00:00\" \/>\n<meta name=\"twitter:card\" content=\"summary_large_image\" \/>\n<script type=\"application\/ld+json\" class=\"yoast-schema-graph\">{\"@context\":\"https:\/\/schema.org\",\"@graph\":[{\"@type\":\"WebPage\",\"@id\":\"http:\/\/www.remet.ee\/tehtud-tood\/kortermajad\/\",\"url\":\"http:\/\/www.remet.ee\/tehtud-tood\/kortermajad\/\",\"name\":\"REMET EHITUSETTEV\u00d5TE - Apartment buildings - AS Remet\",\"isPartOf\":{\"@id\":\"http:\/\/www.remet.ee\/#website\"},\"datePublished\":\"2018-05-03T11:55:19+00:00\",\"dateModified\":\"2018-05-08T08:08:01+00:00\",\"description\":\"Remet ehitus on ehitusettev\u00f5te, mis on loodud 1990. aastal. AS Remet pakub koos oma inseneridest koosneva meeskonnaga juhtimist ehituse peat\u00f6\u00f6v\u00f5tu meetodil k.a. projekteerimis-ehituse peat\u00f6\u00f6v\u00f5tt.\",\"breadcrumb\":{\"@id\":\"http:\/\/www.remet.ee\/tehtud-tood\/kortermajad\/#breadcrumb\"},\"inLanguage\":\"en-US\",\"potentialAction\":[{\"@type\":\"ReadAction\",\"target\":[\"http:\/\/www.remet.ee\/tehtud-tood\/kortermajad\/\"]}]},{\"@type\":\"BreadcrumbList\",\"@id\":\"http:\/\/www.remet.ee\/tehtud-tood\/kortermajad\/#breadcrumb\",\"itemListElement\":[{\"@type\":\"ListItem\",\"position\":1,\"name\":\"Home\",\"item\":\"http:\/\/www.remet.ee\/\"},{\"@type\":\"ListItem\",\"position\":2,\"name\":\"Completed projects\",\"item\":\"http:\/\/www.remet.ee\/tehtud-tood\/\"},{\"@type\":\"ListItem\",\"position\":3,\"name\":\"Apartment buildings\"}]},{\"@type\":\"WebSite\",\"@id\":\"http:\/\/www.remet.ee\/#website\",\"url\":\"http:\/\/www.remet.ee\/\",\"name\":\"REMET EHITUSETTEV\u00d5TE\",\"description\":\"Ehitusettev\u00f5te Remet omab kogemust ehituses aastast 1989\",\"potentialAction\":[{\"@type\":\"SearchAction\",\"target\":{\"@type\":\"EntryPoint\",\"urlTemplate\":\"http:\/\/www.remet.ee\/?s={search_term_string}\"},\"query-input\":{\"@type\":\"PropertyValueSpecification\",\"valueRequired\":true,\"valueName\":\"search_term_string\"}}],\"inLanguage\":\"en-US\"}]}<\/script>\n<!-- \/ Yoast SEO plugin. -->","yoast_head_json":{"title":"REMET EHITUSETTEV\u00d5TE - Apartment buildings - AS Remet","description":"Remet ehitus on ehitusettev\u00f5te, mis on loodud 1990. aastal. AS Remet pakub koos oma inseneridest koosneva meeskonnaga juhtimist ehituse peat\u00f6\u00f6v\u00f5tu meetodil k.a. projekteerimis-ehituse peat\u00f6\u00f6v\u00f5tt.","robots":{"index":"index","follow":"follow","max-snippet":"max-snippet:-1","max-image-preview":"max-image-preview:large","max-video-preview":"max-video-preview:-1"},"canonical":"http:\/\/www.remet.ee\/tehtud-tood\/kortermajad\/","og_locale":"en_US","og_type":"article","og_title":"REMET EHITUSETTEV\u00d5TE - Apartment buildings - AS Remet","og_description":"Remet ehitus on ehitusettev\u00f5te, mis on loodud 1990. aastal. AS Remet pakub koos oma inseneridest koosneva meeskonnaga juhtimist ehituse peat\u00f6\u00f6v\u00f5tu meetodil k.a. projekteerimis-ehituse peat\u00f6\u00f6v\u00f5tt.","og_url":"http:\/\/www.remet.ee\/tehtud-tood\/kortermajad\/","og_site_name":"REMET EHITUSETTEV\u00d5TE","article_modified_time":"2018-05-08T08:08:01+00:00","twitter_card":"summary_large_image","schema":{"@context":"https:\/\/schema.org","@graph":[{"@type":"WebPage","@id":"http:\/\/www.remet.ee\/tehtud-tood\/kortermajad\/","url":"http:\/\/www.remet.ee\/tehtud-tood\/kortermajad\/","name":"REMET EHITUSETTEV\u00d5TE - Apartment buildings - AS Remet","isPartOf":{"@id":"http:\/\/www.remet.ee\/#website"},"datePublished":"2018-05-03T11:55:19+00:00","dateModified":"2018-05-08T08:08:01+00:00","description":"Remet ehitus on ehitusettev\u00f5te, mis on loodud 1990. aastal. AS Remet pakub koos oma inseneridest koosneva meeskonnaga juhtimist ehituse peat\u00f6\u00f6v\u00f5tu meetodil k.a. projekteerimis-ehituse peat\u00f6\u00f6v\u00f5tt.","breadcrumb":{"@id":"http:\/\/www.remet.ee\/tehtud-tood\/kortermajad\/#breadcrumb"},"inLanguage":"en-US","potentialAction":[{"@type":"ReadAction","target":["http:\/\/www.remet.ee\/tehtud-tood\/kortermajad\/"]}]},{"@type":"BreadcrumbList","@id":"http:\/\/www.remet.ee\/tehtud-tood\/kortermajad\/#breadcrumb","itemListElement":[{"@type":"ListItem","position":1,"name":"Home","item":"http:\/\/www.remet.ee\/"},{"@type":"ListItem","position":2,"name":"Completed projects","item":"http:\/\/www.remet.ee\/tehtud-tood\/"},{"@type":"ListItem","position":3,"name":"Apartment buildings"}]},{"@type":"WebSite","@id":"http:\/\/www.remet.ee\/#website","url":"http:\/\/www.remet.ee\/","name":"REMET EHITUSETTEV\u00d5TE","description":"Ehitusettev\u00f5te Remet omab kogemust ehituses aastast 1989","potentialAction":[{"@type":"SearchAction","target":{"@type":"EntryPoint","urlTemplate":"http:\/\/www.remet.ee\/?s={search_term_string}"},"query-input":{"@type":"PropertyValueSpecification","valueRequired":true,"valueName":"search_term_string"}}],"inLanguage":"en-US"}]}},"_links":{"self":[{"href":"http:\/\/www.remet.ee\/en\/wp-json\/wp\/v2\/pages\/685"}],"collection":[{"href":"http:\/\/www.remet.ee\/en\/wp-json\/wp\/v2\/pages"}],"about":[{"href":"http:\/\/www.remet.ee\/en\/wp-json\/wp\/v2\/types\/page"}],"author":[{"embeddable":true,"href":"http:\/\/www.remet.ee\/en\/wp-json\/wp\/v2\/users\/1"}],"replies":[{"embeddable":true,"href":"http:\/\/www.remet.ee\/en\/wp-json\/wp\/v2\/comments?post=685"}],"version-history":[{"count":3,"href":"http:\/\/www.remet.ee\/en\/wp-json\/wp\/v2\/pages\/685\/revisions"}],"predecessor-version":[{"id":785,"href":"http:\/\/www.remet.ee\/en\/wp-json\/wp\/v2\/pages\/685\/revisions\/785"}],"up":[{"embeddable":true,"href":"http:\/\/www.remet.ee\/en\/wp-json\/wp\/v2\/pages\/682"}],"wp:attachment":[{"href":"http:\/\/www.remet.ee\/en\/wp-json\/wp\/v2\/media?parent=685"}],"curies":[{"name":"wp","href":"https:\/\/api.w.org\/{rel}","templated":true}]}}