{"id":688,"date":"2018-05-03T14:55:37","date_gmt":"2018-05-03T11:55:37","guid":{"rendered":"http:\/\/www.remet.ee\/?page_id=688"},"modified":"2018-05-08T11:08:19","modified_gmt":"2018-05-08T08:08:19","slug":"educational-and-sports-buildings","status":"publish","type":"page","link":"http:\/\/www.remet.ee\/en\/completed-projects\/educational-and-sports-buildings\/","title":{"rendered":"Educational and sports buildings"},"content":{"rendered":"<div class=\"wpb-content-wrapper\">[vc_row][vc_column][vc_column_text]<div class=\"gallery-wrap\"><div class=\"gallery-image-container\"><a class=\"gallery_picture\" href=\"http:\/\/www.remet.ee\/wp-content\/uploads\/2020\/09\/Tralli.png\" data-fancybox=\"gallery-260\"><div class=\"gallery_picture-wrap\"><img decoding=\"async\" src=\"http:\/\/www.remet.ee\/wp-content\/uploads\/2020\/09\/Tralli-271x198.png\" \/><h3 class=\"gallery-title\">Tralli kindergarten courtyard fence construction works<\/h3><\/div><\/a><a class=\"gallery_picture\" href=\"http:\/\/www.remet.ee\/wp-content\/uploads\/2020\/10\/P\u00e4ikesej\u00e4nku.png\" data-fancybox=\"gallery-260\"><div class=\"gallery_picture-wrap\"><img decoding=\"async\" src=\"http:\/\/www.remet.ee\/wp-content\/uploads\/2020\/10\/P\u00e4ikesej\u00e4nku-271x198.png\" \/><h3 class=\"gallery-title\">Construction works of P\u00e4ikesej\u00e4nku kindergarten<\/h3><\/div><\/a><a class=\"gallery_picture\" href=\"http:\/\/www.remet.ee\/wp-content\/uploads\/2020\/09\/Kose-g\u00fcmnaasium.png\" data-fancybox=\"gallery-260\"><div class=\"gallery_picture-wrap\"><img decoding=\"async\" src=\"http:\/\/www.remet.ee\/wp-content\/uploads\/2020\/09\/Kose-g\u00fcmnaasium-271x198.png\" \/><h3 class=\"gallery-title\">Construction works of Kose Gymnasium primary school premises<\/h3><\/div><\/a><a class=\"gallery_picture\" href=\"http:\/\/www.remet.ee\/wp-content\/uploads\/2020\/10\/Ravila.png\" data-fancybox=\"gallery-260\"><div class=\"gallery_picture-wrap\"><img decoding=\"async\" src=\"http:\/\/www.remet.ee\/wp-content\/uploads\/2020\/10\/Ravila-271x198.png\" \/><h3 class=\"gallery-title\">Renovation works of Ravila kindergarten<\/h3><\/div><\/a><a class=\"gallery_picture\" href=\"http:\/\/www.remet.ee\/wp-content\/uploads\/2019\/10\/Kernu.jpg\" data-fancybox=\"gallery-260\"><div class=\"gallery_picture-wrap\"><img decoding=\"async\" src=\"http:\/\/www.remet.ee\/wp-content\/uploads\/2019\/10\/Kernu-271x198.jpg\" \/><h3 class=\"gallery-title\">Kernu Basic School reconstruction<\/h3><\/div><\/a><a class=\"gallery_picture\" href=\"http:\/\/www.remet.ee\/wp-content\/uploads\/2018\/04\/Haapsalu-kutsehariduskeskus.jpg\" data-fancybox=\"gallery-260\"><div class=\"gallery_picture-wrap\"><img decoding=\"async\" src=\"http:\/\/www.remet.ee\/wp-content\/uploads\/2018\/04\/Haapsalu-kutsehariduskeskus-271x198.jpg\" \/><h3 class=\"gallery-title\">Repair works of Haapsalu Vocational Education and Training Centre<\/h3><\/div><\/a><a class=\"gallery_picture\" href=\"http:\/\/www.remet.ee\/wp-content\/uploads\/2018\/04\/1-2003.9-Po\u0303lva-Mesika\u0308pa-Halli-ehitusto\u0308o\u0308d.jpg\" data-fancybox=\"gallery-260\"><div class=\"gallery_picture-wrap\"><img decoding=\"async\" src=\"http:\/\/www.remet.ee\/wp-content\/uploads\/2018\/04\/1-2003.9-Po\u0303lva-Mesika\u0308pa-Halli-ehitusto\u0308o\u0308d-271x198.jpg\" \/><h3 class=\"gallery-title\">P\u00f5lva Mesik\u00e4pa Hall construction work<\/h3><\/div><\/a><a class=\"gallery_picture\" href=\"http:\/\/www.remet.ee\/wp-content\/uploads\/2018\/04\/2-2004.4-TTU\u0308-Energiateaduskonna-o\u0303ppehoone-ehitusto\u0308o\u0308d.jpg\" data-fancybox=\"gallery-260\"><div class=\"gallery_picture-wrap\"><img decoding=\"async\" src=\"http:\/\/www.remet.ee\/wp-content\/uploads\/2018\/04\/2-2004.4-TTU\u0308-Energiateaduskonna-o\u0303ppehoone-ehitusto\u0308o\u0308d-271x198.jpg\" \/><h3 class=\"gallery-title\">Construction work of the TUT Faculty of Power Engineering<\/h3><\/div><\/a><a class=\"gallery_picture\" href=\"http:\/\/www.remet.ee\/wp-content\/uploads\/2018\/04\/3-2002.19-Vo\u0303su-spordihoone-ehitusto\u0308o\u0308d.jpg\" data-fancybox=\"gallery-260\"><div class=\"gallery_picture-wrap\"><img decoding=\"async\" src=\"http:\/\/www.remet.ee\/wp-content\/uploads\/2018\/04\/3-2002.19-Vo\u0303su-spordihoone-ehitusto\u0308o\u0308d-271x198.jpg\" \/><h3 class=\"gallery-title\">V\u00f5su sports hall construction work<\/h3><\/div><\/a><a class=\"gallery_picture\" href=\"http:\/\/www.remet.ee\/wp-content\/uploads\/2018\/04\/4-2006.2-Muraste-Piirivalvekolledzi-rekonstrueerimisto\u0308o\u0308d.jpg\" data-fancybox=\"gallery-260\"><div class=\"gallery_picture-wrap\"><img decoding=\"async\" src=\"http:\/\/www.remet.ee\/wp-content\/uploads\/2018\/04\/4-2006.2-Muraste-Piirivalvekolledzi-rekonstrueerimisto\u0308o\u0308d-271x198.jpg\" \/><h3 class=\"gallery-title\">Muraste Border Guard College reconstruction<\/h3><\/div><\/a><a class=\"gallery_picture\" href=\"http:\/\/www.remet.ee\/wp-content\/uploads\/2018\/04\/5-2009.2-Pa\u0308rnu-Hansagu\u0308mnaasiumi-rekonstrueerimisto\u0308o\u0308d.jpg\" data-fancybox=\"gallery-260\"><div class=\"gallery_picture-wrap\"><img decoding=\"async\" src=\"http:\/\/www.remet.ee\/wp-content\/uploads\/2018\/04\/5-2009.2-Pa\u0308rnu-Hansagu\u0308mnaasiumi-rekonstrueerimisto\u0308o\u0308d-271x198.jpg\" \/><h3 class=\"gallery-title\">P\u00e4rnu Hanseatic Gymnasium reconstruction work<\/h3><\/div><\/a><a class=\"gallery_picture\" href=\"http:\/\/www.remet.ee\/wp-content\/uploads\/2018\/04\/6-2017.6-Kadrioru-Lotte-lasteaia-rekonstrueerimisto\u0308o\u0308d.jpg\" data-fancybox=\"gallery-260\"><div class=\"gallery_picture-wrap\"><img decoding=\"async\" src=\"http:\/\/www.remet.ee\/wp-content\/uploads\/2018\/04\/6-2017.6-Kadrioru-Lotte-lasteaia-rekonstrueerimisto\u0308o\u0308d-271x198.jpg\" \/><h3 class=\"gallery-title\">Kadrioru Lotte Kindergarten reconstruction<\/h3><\/div><\/a><a class=\"gallery_picture\" href=\"http:\/\/www.remet.ee\/wp-content\/uploads\/2018\/04\/7-2007.3-Laagri-kool-lasteaed-ehitusto\u0308o\u0308d.jpg\" data-fancybox=\"gallery-260\"><div class=\"gallery_picture-wrap\"><img decoding=\"async\" src=\"http:\/\/www.remet.ee\/wp-content\/uploads\/2018\/04\/7-2007.3-Laagri-kool-lasteaed-ehitusto\u0308o\u0308d-271x198.jpg\" \/><h3 class=\"gallery-title\">Laagri school\/kindergarten construction work<\/h3><\/div><\/a><a class=\"gallery_picture\" href=\"http:\/\/www.remet.ee\/wp-content\/uploads\/2018\/04\/8-2004.7-Loksa-linna-ujula-ehitusto\u0308o\u0308d-I-etapp.jpg\" data-fancybox=\"gallery-260\"><div class=\"gallery_picture-wrap\"><img decoding=\"async\" src=\"http:\/\/www.remet.ee\/wp-content\/uploads\/2018\/04\/8-2004.7-Loksa-linna-ujula-ehitusto\u0308o\u0308d-I-etapp-271x198.jpg\" \/><h3 class=\"gallery-title\">Loksa town swimming pool construction stage I<\/h3><\/div><\/a><a class=\"gallery_picture\" href=\"http:\/\/www.remet.ee\/wp-content\/uploads\/2018\/04\/9-2006.4-Lavakunstikooli-renoveerimisto\u0308o\u0308d.jpg\" data-fancybox=\"gallery-260\"><div class=\"gallery_picture-wrap\"><img decoding=\"async\" src=\"http:\/\/www.remet.ee\/wp-content\/uploads\/2018\/04\/9-2006.4-Lavakunstikooli-renoveerimisto\u0308o\u0308d-271x198.jpg\" \/><h3 class=\"gallery-title\">Renovation of  Drama School at Estonian Academy of Music and Theatre<\/h3><\/div><\/a><a class=\"gallery_picture\" href=\"http:\/\/www.remet.ee\/wp-content\/uploads\/2018\/04\/10-2009.4-Koigi-mo\u0303isa-rekonstrueerimisto\u0308o\u0308d.jpg\" data-fancybox=\"gallery-260\"><div class=\"gallery_picture-wrap\"><img decoding=\"async\" src=\"http:\/\/www.remet.ee\/wp-content\/uploads\/2018\/04\/10-2009.4-Koigi-mo\u0303isa-rekonstrueerimisto\u0308o\u0308d-271x198.jpg\" \/><h3 class=\"gallery-title\">Reconstruction work of Koigi manor<\/h3><\/div><\/a><a class=\"gallery_picture\" href=\"http:\/\/www.remet.ee\/wp-content\/uploads\/2018\/04\/11-2002.13-No\u0303mme-Po\u0303hikooli-juurdeehitus-ja-rekonstrueerimisto\u0308o\u0308d.jpg\" data-fancybox=\"gallery-260\"><div class=\"gallery_picture-wrap\"><img decoding=\"async\" src=\"http:\/\/www.remet.ee\/wp-content\/uploads\/2018\/04\/11-2002.13-No\u0303mme-Po\u0303hikooli-juurdeehitus-ja-rekonstrueerimisto\u0308o\u0308d-271x198.jpg\" \/><h3 class=\"gallery-title\">N\u00f5mme Basic School extension and reconstruction<\/h3><\/div><\/a><a class=\"gallery_picture\" href=\"http:\/\/www.remet.ee\/wp-content\/uploads\/2018\/04\/12-2015.8-IVKHK-E-korpuse-rekonstrueerimisto\u0308o\u0308d.jpg\" data-fancybox=\"gallery-260\"><div class=\"gallery_picture-wrap\"><img decoding=\"async\" src=\"http:\/\/www.remet.ee\/wp-content\/uploads\/2018\/04\/12-2015.8-IVKHK-E-korpuse-rekonstrueerimisto\u0308o\u0308d-271x198.jpg\" \/><h3 class=\"gallery-title\">IVKHK Wing E reconstruction works<\/h3><\/div><\/a><a class=\"gallery_picture\" href=\"http:\/\/www.remet.ee\/wp-content\/uploads\/2018\/04\/13-2007.7-Tabasalu-ujula-ja-U\u0308hisgumnaasiumi-rekonstrueerimisto\u0308o\u0308d.jpg\" data-fancybox=\"gallery-260\"><div class=\"gallery_picture-wrap\"><img decoding=\"async\" src=\"http:\/\/www.remet.ee\/wp-content\/uploads\/2018\/04\/13-2007.7-Tabasalu-ujula-ja-U\u0308hisgumnaasiumi-rekonstrueerimisto\u0308o\u0308d-271x198.jpg\" \/><h3 class=\"gallery-title\">Reconstruction of the Tabasalu swimming pool and Tabasalu High School<\/h3><\/div><\/a><a class=\"gallery_picture\" href=\"http:\/\/www.remet.ee\/wp-content\/uploads\/2018\/04\/14-2014.3-Pa\u0308rnu-Mai-koolihoone-juurdeehitusto\u0308o\u0308d.jpg\" data-fancybox=\"gallery-260\"><div class=\"gallery_picture-wrap\"><img decoding=\"async\" src=\"http:\/\/www.remet.ee\/wp-content\/uploads\/2018\/04\/14-2014.3-Pa\u0308rnu-Mai-koolihoone-juurdeehitusto\u0308o\u0308d-271x198.jpg\" \/><h3 class=\"gallery-title\">The extension of the P\u00e4rnu Mai School building<\/h3><\/div><\/a><a class=\"gallery_picture\" href=\"http:\/\/www.remet.ee\/wp-content\/uploads\/2018\/04\/15-2001.2-Jo\u0303ela\u0308htme-spordihoone-rekonstrueerimisto\u0308o\u0308d.jpg\" data-fancybox=\"gallery-260\"><div class=\"gallery_picture-wrap\"><img decoding=\"async\" src=\"http:\/\/www.remet.ee\/wp-content\/uploads\/2018\/04\/15-2001.2-Jo\u0303ela\u0308htme-spordihoone-rekonstrueerimisto\u0308o\u0308d-271x198.jpg\" \/><h3 class=\"gallery-title\">Reconstruction of J\u00f5el\u00e4htme sports building<\/h3><\/div><\/a><a class=\"gallery_picture\" href=\"http:\/\/www.remet.ee\/wp-content\/uploads\/2018\/04\/16-2004.3-Arte-Gu\u0308mnaasiumi-staadioni-ehitusto\u0308o\u0308d.jpg\" data-fancybox=\"gallery-260\"><div class=\"gallery_picture-wrap\"><img decoding=\"async\" src=\"http:\/\/www.remet.ee\/wp-content\/uploads\/2018\/04\/16-2004.3-Arte-Gu\u0308mnaasiumi-staadioni-ehitusto\u0308o\u0308d-271x198.jpg\" \/><h3 class=\"gallery-title\">Arte Gymnasium stadium construction work<\/h3><\/div><\/a><a class=\"gallery_picture\" href=\"http:\/\/www.remet.ee\/wp-content\/uploads\/2018\/04\/17-2015.6-Tallinna-Tehnikako\u0303rgkooli-remontto\u0308o\u0308d.jpg\" data-fancybox=\"gallery-260\"><div class=\"gallery_picture-wrap\"><img decoding=\"async\" src=\"http:\/\/www.remet.ee\/wp-content\/uploads\/2018\/04\/17-2015.6-Tallinna-Tehnikako\u0303rgkooli-remontto\u0308o\u0308d-271x198.jpg\" \/><h3 class=\"gallery-title\">Repair works of Tallinn University of Applied Sciences<\/h3><\/div><\/a><a class=\"gallery_picture\" href=\"http:\/\/www.remet.ee\/wp-content\/uploads\/2018\/04\/18-2002.15-No\u0303va-Po\u0303hikooli-rekonstrueerimisto\u0308o\u0308d.jpg\" data-fancybox=\"gallery-260\"><div class=\"gallery_picture-wrap\"><img decoding=\"async\" src=\"http:\/\/www.remet.ee\/wp-content\/uploads\/2018\/04\/18-2002.15-No\u0303va-Po\u0303hikooli-rekonstrueerimisto\u0308o\u0308d-271x198.jpg\" \/><h3 class=\"gallery-title\">N\u00f5va Basic School reconstruction<\/h3><\/div><\/a><a class=\"gallery_picture\" href=\"http:\/\/www.remet.ee\/wp-content\/uploads\/2018\/04\/19-2013.6-Laagri-Tuleviku-lasteaia-osaline-rekostrueerimisto\u0308o\u0308d.jpg\" data-fancybox=\"gallery-260\"><div class=\"gallery_picture-wrap\"><img decoding=\"async\" src=\"http:\/\/www.remet.ee\/wp-content\/uploads\/2018\/04\/19-2013.6-Laagri-Tuleviku-lasteaia-osaline-rekostrueerimisto\u0308o\u0308d-271x198.jpg\" \/><h3 class=\"gallery-title\">Partial reconstruction of Laagri Tuleviku kindergarten<\/h3><\/div><\/a><a class=\"gallery_picture\" href=\"http:\/\/www.remet.ee\/wp-content\/uploads\/2018\/04\/20-2007.9-Lasteaed-Su\u0308dameke-fassaadito\u0308o\u0308d.jpg\" data-fancybox=\"gallery-260\"><div class=\"gallery_picture-wrap\"><img decoding=\"async\" src=\"http:\/\/www.remet.ee\/wp-content\/uploads\/2018\/04\/20-2007.9-Lasteaed-Su\u0308dameke-fassaadito\u0308o\u0308d-271x198.jpg\" \/><h3 class=\"gallery-title\">Kindergarten S\u00fcdameke facade work <\/h3><\/div><\/a><a class=\"gallery_picture\" href=\"http:\/\/www.remet.ee\/wp-content\/uploads\/2018\/04\/21-1998.5-Tallinna-Prantsuse-Lu\u0308tseumi-rekonstrueerimisto\u0308o\u0308d.jpg\" data-fancybox=\"gallery-260\"><div class=\"gallery_picture-wrap\"><img decoding=\"async\" src=\"http:\/\/www.remet.ee\/wp-content\/uploads\/2018\/04\/21-1998.5-Tallinna-Prantsuse-Lu\u0308tseumi-rekonstrueerimisto\u0308o\u0308d-271x198.jpg\" \/><h3 class=\"gallery-title\">Reconstruction of Tallinn French School<\/h3><\/div><\/a><a class=\"gallery_picture\" href=\"http:\/\/www.remet.ee\/wp-content\/uploads\/2018\/04\/22-2014.1-Paldisiki-vene-kooli-fassaadito\u0308o\u0308d.jpg\" data-fancybox=\"gallery-260\"><div class=\"gallery_picture-wrap\"><img decoding=\"async\" src=\"http:\/\/www.remet.ee\/wp-content\/uploads\/2018\/04\/22-2014.1-Paldisiki-vene-kooli-fassaadito\u0308o\u0308d-271x198.jpg\" \/><h3 class=\"gallery-title\">Paldiski Russian School facade work<\/h3><\/div><\/a><a class=\"gallery_picture\" href=\"http:\/\/www.remet.ee\/wp-content\/uploads\/2018\/04\/23-1999.7-Tallinna-Kivima\u0308e-Po\u0303hikooli-rekonstrueerimisto\u0308o\u0308d.jpg\" data-fancybox=\"gallery-260\"><div class=\"gallery_picture-wrap\"><img decoding=\"async\" src=\"http:\/\/www.remet.ee\/wp-content\/uploads\/2018\/04\/23-1999.7-Tallinna-Kivima\u0308e-Po\u0303hikooli-rekonstrueerimisto\u0308o\u0308d-271x198.jpg\" \/><h3 class=\"gallery-title\">Tallinn Kivim\u00e4e Basic School reconstruction<\/h3><\/div><\/a><a class=\"gallery_picture\" href=\"http:\/\/www.remet.ee\/wp-content\/uploads\/2018\/04\/24-...-Ja\u0308rveotsa-ujula-ehitusto\u0308o\u0308d.jpg\" data-fancybox=\"gallery-260\"><div class=\"gallery_picture-wrap\"><img decoding=\"async\" src=\"http:\/\/www.remet.ee\/wp-content\/uploads\/2018\/04\/24-...-Ja\u0308rveotsa-ujula-ehitusto\u0308o\u0308d-271x198.jpg\" \/><h3 class=\"gallery-title\">Construction of J\u00e4rveotsa swimming pool<\/h3><\/div><\/a><a class=\"gallery_picture\" href=\"http:\/\/www.remet.ee\/wp-content\/uploads\/2018\/05\/IMG_20180516_090901_resized_20180516_125018787.jpg\" data-fancybox=\"gallery-260\"><div class=\"gallery_picture-wrap\"><img decoding=\"async\" src=\"http:\/\/www.remet.ee\/wp-content\/uploads\/2018\/05\/IMG_20180516_090901_resized_20180516_125018787-271x198.jpg\" \/><h3 class=\"gallery-title\">Reconstruction of P\u00e4\u00e4supesa kindergarten in Loo borough<\/h3><\/div><\/a><a class=\"gallery_picture\" href=\"http:\/\/www.remet.ee\/wp-content\/uploads\/2018\/04\/P\u00e4rnu-maja.jpg\" data-fancybox=\"gallery-260\"><div class=\"gallery_picture-wrap\"><img decoding=\"async\" src=\"http:\/\/www.remet.ee\/wp-content\/uploads\/2018\/04\/P\u00e4rnu-maja-271x198.jpg\" \/><h3 class=\"gallery-title\">Reconstruction of Tammsaare kindergarten in P\u00e4rnu borough<\/h3><\/div><\/a><\/div><div class=\"clr\"><\/div><\/div>[\/vc_column_text][\/vc_column][\/vc_row]\n<\/div>","protected":false},"excerpt":{"rendered":"<p>[vc_row][vc_column][vc_column_text][\/vc_column_text][\/vc_column][\/vc_row]<\/p>\n","protected":false},"author":1,"featured_media":0,"parent":682,"menu_order":0,"comment_status":"closed","ping_status":"closed","template":"","meta":{"_acf_changed":false,"footnotes":""},"class_list":["post-688","page","type-page","status-publish","hentry"],"acf":[],"yoast_head":"<!-- This site is optimized with the Yoast SEO plugin v25.6 - https:\/\/yoast.com\/wordpress\/plugins\/seo\/ -->\n<title>REMET EHITUSETTEV\u00d5TE - Educational and sports buildings - AS Remet<\/title>\n<meta name=\"description\" content=\"Remet ehitus on ehitusettev\u00f5te, mis on loodud 1990. aastal. AS Remet pakub koos oma inseneridest koosneva meeskonnaga juhtimist ehituse peat\u00f6\u00f6v\u00f5tu meetodil k.a. projekteerimis-ehituse peat\u00f6\u00f6v\u00f5tt.\" \/>\n<meta name=\"robots\" content=\"index, follow, max-snippet:-1, max-image-preview:large, max-video-preview:-1\" \/>\n<link rel=\"canonical\" href=\"http:\/\/www.remet.ee\/tehtud-tood\/oppe-ja-spordiasutused\/\" \/>\n<meta property=\"og:locale\" content=\"en_US\" \/>\n<meta property=\"og:type\" content=\"article\" \/>\n<meta property=\"og:title\" content=\"REMET EHITUSETTEV\u00d5TE - Educational and sports buildings - AS Remet\" \/>\n<meta property=\"og:description\" content=\"Remet ehitus on ehitusettev\u00f5te, mis on loodud 1990. aastal. AS Remet pakub koos oma inseneridest koosneva meeskonnaga juhtimist ehituse peat\u00f6\u00f6v\u00f5tu meetodil k.a. projekteerimis-ehituse peat\u00f6\u00f6v\u00f5tt.\" \/>\n<meta property=\"og:url\" content=\"http:\/\/www.remet.ee\/tehtud-tood\/oppe-ja-spordiasutused\/\" \/>\n<meta property=\"og:site_name\" content=\"REMET EHITUSETTEV\u00d5TE\" \/>\n<meta property=\"article:modified_time\" content=\"2018-05-08T08:08:19+00:00\" \/>\n<meta name=\"twitter:card\" content=\"summary_large_image\" \/>\n<script type=\"application\/ld+json\" class=\"yoast-schema-graph\">{\"@context\":\"https:\/\/schema.org\",\"@graph\":[{\"@type\":\"WebPage\",\"@id\":\"http:\/\/www.remet.ee\/tehtud-tood\/oppe-ja-spordiasutused\/\",\"url\":\"http:\/\/www.remet.ee\/tehtud-tood\/oppe-ja-spordiasutused\/\",\"name\":\"REMET EHITUSETTEV\u00d5TE - Educational and sports buildings - AS Remet\",\"isPartOf\":{\"@id\":\"http:\/\/www.remet.ee\/#website\"},\"datePublished\":\"2018-05-03T11:55:37+00:00\",\"dateModified\":\"2018-05-08T08:08:19+00:00\",\"description\":\"Remet ehitus on ehitusettev\u00f5te, mis on loodud 1990. aastal. AS Remet pakub koos oma inseneridest koosneva meeskonnaga juhtimist ehituse peat\u00f6\u00f6v\u00f5tu meetodil k.a. projekteerimis-ehituse peat\u00f6\u00f6v\u00f5tt.\",\"breadcrumb\":{\"@id\":\"http:\/\/www.remet.ee\/tehtud-tood\/oppe-ja-spordiasutused\/#breadcrumb\"},\"inLanguage\":\"en-US\",\"potentialAction\":[{\"@type\":\"ReadAction\",\"target\":[\"http:\/\/www.remet.ee\/tehtud-tood\/oppe-ja-spordiasutused\/\"]}]},{\"@type\":\"BreadcrumbList\",\"@id\":\"http:\/\/www.remet.ee\/tehtud-tood\/oppe-ja-spordiasutused\/#breadcrumb\",\"itemListElement\":[{\"@type\":\"ListItem\",\"position\":1,\"name\":\"Home\",\"item\":\"http:\/\/www.remet.ee\/\"},{\"@type\":\"ListItem\",\"position\":2,\"name\":\"Completed projects\",\"item\":\"http:\/\/www.remet.ee\/tehtud-tood\/\"},{\"@type\":\"ListItem\",\"position\":3,\"name\":\"Educational and sports buildings\"}]},{\"@type\":\"WebSite\",\"@id\":\"http:\/\/www.remet.ee\/#website\",\"url\":\"http:\/\/www.remet.ee\/\",\"name\":\"REMET EHITUSETTEV\u00d5TE\",\"description\":\"Ehitusettev\u00f5te Remet omab kogemust ehituses aastast 1989\",\"potentialAction\":[{\"@type\":\"SearchAction\",\"target\":{\"@type\":\"EntryPoint\",\"urlTemplate\":\"http:\/\/www.remet.ee\/?s={search_term_string}\"},\"query-input\":{\"@type\":\"PropertyValueSpecification\",\"valueRequired\":true,\"valueName\":\"search_term_string\"}}],\"inLanguage\":\"en-US\"}]}<\/script>\n<!-- \/ Yoast SEO plugin. -->","yoast_head_json":{"title":"REMET EHITUSETTEV\u00d5TE - Educational and sports buildings - AS Remet","description":"Remet ehitus on ehitusettev\u00f5te, mis on loodud 1990. aastal. AS Remet pakub koos oma inseneridest koosneva meeskonnaga juhtimist ehituse peat\u00f6\u00f6v\u00f5tu meetodil k.a. projekteerimis-ehituse peat\u00f6\u00f6v\u00f5tt.","robots":{"index":"index","follow":"follow","max-snippet":"max-snippet:-1","max-image-preview":"max-image-preview:large","max-video-preview":"max-video-preview:-1"},"canonical":"http:\/\/www.remet.ee\/tehtud-tood\/oppe-ja-spordiasutused\/","og_locale":"en_US","og_type":"article","og_title":"REMET EHITUSETTEV\u00d5TE - Educational and sports buildings - AS Remet","og_description":"Remet ehitus on ehitusettev\u00f5te, mis on loodud 1990. aastal. AS Remet pakub koos oma inseneridest koosneva meeskonnaga juhtimist ehituse peat\u00f6\u00f6v\u00f5tu meetodil k.a. projekteerimis-ehituse peat\u00f6\u00f6v\u00f5tt.","og_url":"http:\/\/www.remet.ee\/tehtud-tood\/oppe-ja-spordiasutused\/","og_site_name":"REMET EHITUSETTEV\u00d5TE","article_modified_time":"2018-05-08T08:08:19+00:00","twitter_card":"summary_large_image","schema":{"@context":"https:\/\/schema.org","@graph":[{"@type":"WebPage","@id":"http:\/\/www.remet.ee\/tehtud-tood\/oppe-ja-spordiasutused\/","url":"http:\/\/www.remet.ee\/tehtud-tood\/oppe-ja-spordiasutused\/","name":"REMET EHITUSETTEV\u00d5TE - Educational and sports buildings - AS Remet","isPartOf":{"@id":"http:\/\/www.remet.ee\/#website"},"datePublished":"2018-05-03T11:55:37+00:00","dateModified":"2018-05-08T08:08:19+00:00","description":"Remet ehitus on ehitusettev\u00f5te, mis on loodud 1990. aastal. AS Remet pakub koos oma inseneridest koosneva meeskonnaga juhtimist ehituse peat\u00f6\u00f6v\u00f5tu meetodil k.a. projekteerimis-ehituse peat\u00f6\u00f6v\u00f5tt.","breadcrumb":{"@id":"http:\/\/www.remet.ee\/tehtud-tood\/oppe-ja-spordiasutused\/#breadcrumb"},"inLanguage":"en-US","potentialAction":[{"@type":"ReadAction","target":["http:\/\/www.remet.ee\/tehtud-tood\/oppe-ja-spordiasutused\/"]}]},{"@type":"BreadcrumbList","@id":"http:\/\/www.remet.ee\/tehtud-tood\/oppe-ja-spordiasutused\/#breadcrumb","itemListElement":[{"@type":"ListItem","position":1,"name":"Home","item":"http:\/\/www.remet.ee\/"},{"@type":"ListItem","position":2,"name":"Completed projects","item":"http:\/\/www.remet.ee\/tehtud-tood\/"},{"@type":"ListItem","position":3,"name":"Educational and sports buildings"}]},{"@type":"WebSite","@id":"http:\/\/www.remet.ee\/#website","url":"http:\/\/www.remet.ee\/","name":"REMET EHITUSETTEV\u00d5TE","description":"Ehitusettev\u00f5te Remet omab kogemust ehituses aastast 1989","potentialAction":[{"@type":"SearchAction","target":{"@type":"EntryPoint","urlTemplate":"http:\/\/www.remet.ee\/?s={search_term_string}"},"query-input":{"@type":"PropertyValueSpecification","valueRequired":true,"valueName":"search_term_string"}}],"inLanguage":"en-US"}]}},"_links":{"self":[{"href":"http:\/\/www.remet.ee\/en\/wp-json\/wp\/v2\/pages\/688"}],"collection":[{"href":"http:\/\/www.remet.ee\/en\/wp-json\/wp\/v2\/pages"}],"about":[{"href":"http:\/\/www.remet.ee\/en\/wp-json\/wp\/v2\/types\/page"}],"author":[{"embeddable":true,"href":"http:\/\/www.remet.ee\/en\/wp-json\/wp\/v2\/users\/1"}],"replies":[{"embeddable":true,"href":"http:\/\/www.remet.ee\/en\/wp-json\/wp\/v2\/comments?post=688"}],"version-history":[{"count":3,"href":"http:\/\/www.remet.ee\/en\/wp-json\/wp\/v2\/pages\/688\/revisions"}],"predecessor-version":[{"id":786,"href":"http:\/\/www.remet.ee\/en\/wp-json\/wp\/v2\/pages\/688\/revisions\/786"}],"up":[{"embeddable":true,"href":"http:\/\/www.remet.ee\/en\/wp-json\/wp\/v2\/pages\/682"}],"wp:attachment":[{"href":"http:\/\/www.remet.ee\/en\/wp-json\/wp\/v2\/media?parent=688"}],"curies":[{"name":"wp","href":"https:\/\/api.w.org\/{rel}","templated":true}]}}