{"id":692,"date":"2018-05-03T14:55:53","date_gmt":"2018-05-03T11:55:53","guid":{"rendered":"http:\/\/www.remet.ee\/?page_id=692"},"modified":"2018-05-03T14:55:53","modified_gmt":"2018-05-03T11:55:53","slug":"office-industrial-buildings","status":"publish","type":"page","link":"http:\/\/www.remet.ee\/en\/completed-projects\/office-industrial-buildings\/","title":{"rendered":"Office and industrial buildings"},"content":{"rendered":"<div class=\"gallery-wrap\"><div class=\"gallery-image-container\"><a class=\"gallery_picture\" href=\"http:\/\/www.remet.ee\/wp-content\/uploads\/2018\/04\/1-2009.1-Maa-ameti-arhiivihoone-ehitusto\u0308o\u0308d.jpg\" data-fancybox=\"gallery-338\"><div class=\"gallery_picture-wrap\"><img decoding=\"async\" src=\"http:\/\/www.remet.ee\/wp-content\/uploads\/2018\/04\/1-2009.1-Maa-ameti-arhiivihoone-ehitusto\u0308o\u0308d-271x198.jpg\" \/><h3 class=\"gallery-title\">Construction of the archives of the Estonian Land Board<\/h3><\/div><\/a><a class=\"gallery_picture\" href=\"http:\/\/www.remet.ee\/wp-content\/uploads\/2018\/04\/2-2003.8-AS-Polimoon-tootmishoone-ehitusto\u0308o\u0308d.jpg\" data-fancybox=\"gallery-338\"><div class=\"gallery_picture-wrap\"><img decoding=\"async\" src=\"http:\/\/www.remet.ee\/wp-content\/uploads\/2018\/04\/2-2003.8-AS-Polimoon-tootmishoone-ehitusto\u0308o\u0308d-271x198.jpg\" \/><h3 class=\"gallery-title\">AS Polimoon production building construction works<\/h3><\/div><\/a><a class=\"gallery_picture\" href=\"http:\/\/www.remet.ee\/wp-content\/uploads\/2018\/04\/3-2010.3.-Kalato\u0308o\u0308stuse-ku\u0308lmhoone-ehitusto\u0308o\u0308d.jpg\" data-fancybox=\"gallery-338\"><div class=\"gallery_picture-wrap\"><img decoding=\"async\" src=\"http:\/\/www.remet.ee\/wp-content\/uploads\/2018\/04\/3-2010.3.-Kalato\u0308o\u0308stuse-ku\u0308lmhoone-ehitusto\u0308o\u0308d-271x198.jpg\" \/><h3 class=\"gallery-title\">Paldiski fish industry production building construction works <\/h3><\/div><\/a><a class=\"gallery_picture\" href=\"http:\/\/www.remet.ee\/wp-content\/uploads\/2018\/04\/4-2000.1-Narva-jaama-tehnilise-ja-teenindushoone-ehitusto\u0308o\u0308d.png\" data-fancybox=\"gallery-338\"><div class=\"gallery_picture-wrap\"><img decoding=\"async\" src=\"http:\/\/www.remet.ee\/wp-content\/uploads\/2018\/04\/4-2000.1-Narva-jaama-tehnilise-ja-teenindushoone-ehitusto\u0308o\u0308d-271x198.png\" \/><h3 class=\"gallery-title\">Construction work of Narva Station administrative building<\/h3><\/div><\/a><a class=\"gallery_picture\" href=\"http:\/\/www.remet.ee\/wp-content\/uploads\/2018\/04\/5-2002.1-Kaablimontaaz\u030ci-tehase-ehitusto\u0308o\u0308d.jpg\" data-fancybox=\"gallery-338\"><div class=\"gallery_picture-wrap\"><img decoding=\"async\" src=\"http:\/\/www.remet.ee\/wp-content\/uploads\/2018\/04\/5-2002.1-Kaablimontaaz\u030ci-tehase-ehitusto\u0308o\u0308d-271x198.jpg\" \/><h3 class=\"gallery-title\">Cable assembly factory construction work<\/h3><\/div><\/a><a class=\"gallery_picture\" href=\"http:\/\/www.remet.ee\/wp-content\/uploads\/2018\/04\/6-...-Botaanikaaia-juurdeehitus.jpg\" data-fancybox=\"gallery-338\"><div class=\"gallery_picture-wrap\"><img decoding=\"async\" src=\"http:\/\/www.remet.ee\/wp-content\/uploads\/2018\/04\/6-...-Botaanikaaia-juurdeehitus-271x198.jpg\" \/><h3 class=\"gallery-title\">Botanical garden construction work<\/h3><\/div><\/a><a class=\"gallery_picture\" href=\"http:\/\/www.remet.ee\/wp-content\/uploads\/2018\/04\/7-2003.13-Susi-buroohoone-juurdeehitus-rekonstrueerimisto\u0308o\u0308d.jpg\" data-fancybox=\"gallery-338\"><div class=\"gallery_picture-wrap\"><img decoding=\"async\" src=\"http:\/\/www.remet.ee\/wp-content\/uploads\/2018\/04\/7-2003.13-Susi-buroohoone-juurdeehitus-rekonstrueerimisto\u0308o\u0308d-271x198.jpg\" \/><h3 class=\"gallery-title\">Susi office building extension and reconstruction<\/h3><\/div><\/a><a class=\"gallery_picture\" href=\"http:\/\/www.remet.ee\/wp-content\/uploads\/2018\/04\/8-2015.1-Endla-8-bu\u0308roohoone-remontto\u0308o\u0308d.jpg\" data-fancybox=\"gallery-338\"><div class=\"gallery_picture-wrap\"><img decoding=\"async\" src=\"http:\/\/www.remet.ee\/wp-content\/uploads\/2018\/04\/8-2015.1-Endla-8-bu\u0308roohoone-remontto\u0308o\u0308d-271x198.jpg\" \/><h3 class=\"gallery-title\">Endla 8 office building reconstruction<\/h3><\/div><\/a><a class=\"gallery_picture\" href=\"http:\/\/www.remet.ee\/wp-content\/uploads\/2018\/04\/9-2015.4-RIKS-seadmemajutlate-ehitusto\u0308o\u0308d.jpg\" data-fancybox=\"gallery-338\"><div class=\"gallery_picture-wrap\"><img decoding=\"async\" src=\"http:\/\/www.remet.ee\/wp-content\/uploads\/2018\/04\/9-2015.4-RIKS-seadmemajutlate-ehitusto\u0308o\u0308d-271x198.jpg\" \/><h3 class=\"gallery-title\">RIKS server room construction<\/h3><\/div><\/a><a class=\"gallery_picture\" href=\"http:\/\/www.remet.ee\/wp-content\/uploads\/2018\/04\/10-2003.6-Sadama-4-bu\u0308roohoone-u\u0308mberehitusto\u0308o\u0308d.jpg\" data-fancybox=\"gallery-338\"><div class=\"gallery_picture-wrap\"><img decoding=\"async\" src=\"http:\/\/www.remet.ee\/wp-content\/uploads\/2018\/04\/10-2003.6-Sadama-4-bu\u0308roohoone-u\u0308mberehitusto\u0308o\u0308d-271x198.jpg\" \/><h3 class=\"gallery-title\">Sadama 4 office building redevelopment<\/h3><\/div><\/a><a class=\"gallery_picture\" href=\"http:\/\/www.remet.ee\/wp-content\/uploads\/2018\/04\/11-2000.15-AS-Lacto-lao-kontorihoone-ehitusto\u0308o\u0308d.jpg\" data-fancybox=\"gallery-338\"><div class=\"gallery_picture-wrap\"><img decoding=\"async\" src=\"http:\/\/www.remet.ee\/wp-content\/uploads\/2018\/04\/11-2000.15-AS-Lacto-lao-kontorihoone-ehitusto\u0308o\u0308d-271x198.jpg\" \/><h3 class=\"gallery-title\">AS Lacto warehouse-office building construction<\/h3><\/div><\/a><a class=\"gallery_picture\" href=\"http:\/\/www.remet.ee\/wp-content\/uploads\/2018\/04\/12-2013.4-Busside-remondito\u0308o\u0308koja-taastamisto\u0308o\u0308d.jpg\" data-fancybox=\"gallery-338\"><div class=\"gallery_picture-wrap\"><img decoding=\"async\" src=\"http:\/\/www.remet.ee\/wp-content\/uploads\/2018\/04\/12-2013.4-Busside-remondito\u0308o\u0308koja-taastamisto\u0308o\u0308d-271x198.jpg\" \/><h3 class=\"gallery-title\">TAK-I bus repairs building reconstruction<\/h3><\/div><\/a><a class=\"gallery_picture\" href=\"http:\/\/www.remet.ee\/wp-content\/uploads\/2018\/04\/13-2007.10-Saku-garantiinkasvuhoone-ehitusto\u0308o\u0308d.jpg\" data-fancybox=\"gallery-338\"><div class=\"gallery_picture-wrap\"><img decoding=\"async\" src=\"http:\/\/www.remet.ee\/wp-content\/uploads\/2018\/04\/13-2007.10-Saku-garantiinkasvuhoone-ehitusto\u0308o\u0308d-271x198.jpg\" \/><h3 class=\"gallery-title\">Saku Quarantine Greenhouse construction work<\/h3><\/div><\/a><a class=\"gallery_picture\" href=\"http:\/\/www.remet.ee\/wp-content\/uploads\/2018\/04\/14-...-Estma-kontor-rekonstrueerimisto\u0308o\u0308d-Tallinna-sadamas.jpg\" data-fancybox=\"gallery-338\"><div class=\"gallery_picture-wrap\"><img decoding=\"async\" src=\"http:\/\/www.remet.ee\/wp-content\/uploads\/2018\/04\/14-...-Estma-kontor-rekonstrueerimisto\u0308o\u0308d-Tallinna-sadamas-271x198.jpg\" \/><h3 class=\"gallery-title\">Estma office reconstruction in the port of Tallinn<\/h3><\/div><\/a><a class=\"gallery_picture\" href=\"http:\/\/www.remet.ee\/wp-content\/uploads\/2018\/04\/15-...-No\u0303mme-a\u0308rikeskuse-ehitusto\u0308o\u0308d.jpg\" data-fancybox=\"gallery-338\"><div class=\"gallery_picture-wrap\"><img decoding=\"async\" src=\"http:\/\/www.remet.ee\/wp-content\/uploads\/2018\/04\/15-...-No\u0303mme-a\u0308rikeskuse-ehitusto\u0308o\u0308d-271x198.jpg\" \/><h3 class=\"gallery-title\">N\u00f5mme business center construction works<\/h3><\/div><\/a><a class=\"gallery_picture\" href=\"http:\/\/www.remet.ee\/wp-content\/uploads\/2018\/04\/16-1998.4-Eesti-Ekspress-IV-korruse-pealeehitusto\u0308o\u0308d.jpg\" data-fancybox=\"gallery-338\"><div class=\"gallery_picture-wrap\"><img decoding=\"async\" src=\"http:\/\/www.remet.ee\/wp-content\/uploads\/2018\/04\/16-1998.4-Eesti-Ekspress-IV-korruse-pealeehitusto\u0308o\u0308d-271x198.jpg\" \/><h3 class=\"gallery-title\">Expansion of Eesti Ekspress office<\/h3><\/div><\/a><a class=\"gallery_picture\" href=\"http:\/\/www.remet.ee\/wp-content\/uploads\/2018\/04\/17-1999.12-Piirivalve-radari-ja-sideto\u0308o\u0308koja-renoveerimisto\u0308o\u0308d.jpg\" data-fancybox=\"gallery-338\"><div class=\"gallery_picture-wrap\"><img decoding=\"async\" src=\"http:\/\/www.remet.ee\/wp-content\/uploads\/2018\/04\/17-1999.12-Piirivalve-radari-ja-sideto\u0308o\u0308koja-renoveerimisto\u0308o\u0308d-271x198.jpg\" \/><h3 class=\"gallery-title\">Border control radar-and command center renovation<\/h3><\/div><\/a><a class=\"gallery_picture\" href=\"http:\/\/www.remet.ee\/wp-content\/uploads\/2018\/04\/19-2005.1-AS-Tallinna-Lennujaama-kaubateeninduskeskuse-laiendusto\u0308o\u0308d.png\" data-fancybox=\"gallery-338\"><div class=\"gallery_picture-wrap\"><img decoding=\"async\" src=\"http:\/\/www.remet.ee\/wp-content\/uploads\/2018\/04\/19-2005.1-AS-Tallinna-Lennujaama-kaubateeninduskeskuse-laiendusto\u0308o\u0308d-271x198.png\" \/><h3 class=\"gallery-title\">Tallinn City airports  supply centre expansion<\/h3><\/div><\/a><a class=\"gallery_picture\" href=\"http:\/\/www.remet.ee\/wp-content\/uploads\/2018\/04\/20-2001.5-Veho-Eesti-18-mu\u0308u\u0308gisalongi-ehitusto\u0308o\u0308d.jpg\" data-fancybox=\"gallery-338\"><div class=\"gallery_picture-wrap\"><img decoding=\"async\" src=\"http:\/\/www.remet.ee\/wp-content\/uploads\/2018\/04\/20-2001.5-Veho-Eesti-18-mu\u0308u\u0308gisalongi-ehitusto\u0308o\u0308d-271x198.jpg\" \/><h3 class=\"gallery-title\">Construction works of Veho Estonia's 18 branch offices<\/h3><\/div><\/a><\/div><div class=\"clr\"><\/div><\/div>\n","protected":false},"excerpt":{"rendered":"Construction of the archives of the Estonian Land BoardAS Polimoon production building construction worksPaldiski fish industry production building construction works Construction work of Narva Station administrative buildingCable assembly factory construction workBotanical garden construction workSusi office building extension and reconstructionEndla 8 office building reconstructionRIKS server room constructionSadama 4 office building redevelopmentAS Lacto warehouse-office building constructionTAK-I bus...","protected":false},"author":1,"featured_media":0,"parent":682,"menu_order":0,"comment_status":"closed","ping_status":"closed","template":"","meta":{"_acf_changed":false,"footnotes":""},"class_list":["post-692","page","type-page","status-publish","hentry"],"acf":[],"yoast_head":"<!-- This site is optimized with the Yoast SEO plugin v25.6 - https:\/\/yoast.com\/wordpress\/plugins\/seo\/ -->\n<title>REMET EHITUSETTEV\u00d5TE - Office and industrial buildings - AS Remet<\/title>\n<meta name=\"description\" content=\"Remet ehitus on ehitusettev\u00f5te, mis on loodud 1990. aastal. AS Remet pakub koos oma inseneridest koosneva meeskonnaga juhtimist ehituse peat\u00f6\u00f6v\u00f5tu meetodil k.a. projekteerimis-ehituse peat\u00f6\u00f6v\u00f5tt.\" \/>\n<meta name=\"robots\" content=\"index, follow, max-snippet:-1, max-image-preview:large, max-video-preview:-1\" \/>\n<link rel=\"canonical\" href=\"http:\/\/www.remet.ee\/tehtud-tood\/buroo-ja-toostushooned\/\" \/>\n<meta property=\"og:locale\" content=\"en_US\" \/>\n<meta property=\"og:type\" content=\"article\" \/>\n<meta property=\"og:title\" content=\"REMET EHITUSETTEV\u00d5TE - Office and industrial buildings - AS Remet\" \/>\n<meta property=\"og:description\" content=\"Remet ehitus on ehitusettev\u00f5te, mis on loodud 1990. aastal. AS Remet pakub koos oma inseneridest koosneva meeskonnaga juhtimist ehituse peat\u00f6\u00f6v\u00f5tu meetodil k.a. projekteerimis-ehituse peat\u00f6\u00f6v\u00f5tt.\" \/>\n<meta property=\"og:url\" content=\"http:\/\/www.remet.ee\/tehtud-tood\/buroo-ja-toostushooned\/\" \/>\n<meta property=\"og:site_name\" content=\"REMET EHITUSETTEV\u00d5TE\" \/>\n<meta name=\"twitter:card\" content=\"summary_large_image\" \/>\n<script type=\"application\/ld+json\" class=\"yoast-schema-graph\">{\"@context\":\"https:\/\/schema.org\",\"@graph\":[{\"@type\":\"WebPage\",\"@id\":\"http:\/\/www.remet.ee\/tehtud-tood\/buroo-ja-toostushooned\/\",\"url\":\"http:\/\/www.remet.ee\/tehtud-tood\/buroo-ja-toostushooned\/\",\"name\":\"REMET EHITUSETTEV\u00d5TE - Office and industrial buildings - AS Remet\",\"isPartOf\":{\"@id\":\"http:\/\/www.remet.ee\/#website\"},\"datePublished\":\"2018-05-03T11:55:53+00:00\",\"description\":\"Remet ehitus on ehitusettev\u00f5te, mis on loodud 1990. aastal. AS Remet pakub koos oma inseneridest koosneva meeskonnaga juhtimist ehituse peat\u00f6\u00f6v\u00f5tu meetodil k.a. projekteerimis-ehituse peat\u00f6\u00f6v\u00f5tt.\",\"breadcrumb\":{\"@id\":\"http:\/\/www.remet.ee\/tehtud-tood\/buroo-ja-toostushooned\/#breadcrumb\"},\"inLanguage\":\"en-US\",\"potentialAction\":[{\"@type\":\"ReadAction\",\"target\":[\"http:\/\/www.remet.ee\/tehtud-tood\/buroo-ja-toostushooned\/\"]}]},{\"@type\":\"BreadcrumbList\",\"@id\":\"http:\/\/www.remet.ee\/tehtud-tood\/buroo-ja-toostushooned\/#breadcrumb\",\"itemListElement\":[{\"@type\":\"ListItem\",\"position\":1,\"name\":\"Home\",\"item\":\"http:\/\/www.remet.ee\/\"},{\"@type\":\"ListItem\",\"position\":2,\"name\":\"Completed projects\",\"item\":\"http:\/\/www.remet.ee\/tehtud-tood\/\"},{\"@type\":\"ListItem\",\"position\":3,\"name\":\"Office and industrial buildings\"}]},{\"@type\":\"WebSite\",\"@id\":\"http:\/\/www.remet.ee\/#website\",\"url\":\"http:\/\/www.remet.ee\/\",\"name\":\"REMET EHITUSETTEV\u00d5TE\",\"description\":\"Ehitusettev\u00f5te Remet omab kogemust ehituses aastast 1989\",\"potentialAction\":[{\"@type\":\"SearchAction\",\"target\":{\"@type\":\"EntryPoint\",\"urlTemplate\":\"http:\/\/www.remet.ee\/?s={search_term_string}\"},\"query-input\":{\"@type\":\"PropertyValueSpecification\",\"valueRequired\":true,\"valueName\":\"search_term_string\"}}],\"inLanguage\":\"en-US\"}]}<\/script>\n<!-- \/ Yoast SEO plugin. -->","yoast_head_json":{"title":"REMET EHITUSETTEV\u00d5TE - Office and industrial buildings - AS Remet","description":"Remet ehitus on ehitusettev\u00f5te, mis on loodud 1990. aastal. AS Remet pakub koos oma inseneridest koosneva meeskonnaga juhtimist ehituse peat\u00f6\u00f6v\u00f5tu meetodil k.a. projekteerimis-ehituse peat\u00f6\u00f6v\u00f5tt.","robots":{"index":"index","follow":"follow","max-snippet":"max-snippet:-1","max-image-preview":"max-image-preview:large","max-video-preview":"max-video-preview:-1"},"canonical":"http:\/\/www.remet.ee\/tehtud-tood\/buroo-ja-toostushooned\/","og_locale":"en_US","og_type":"article","og_title":"REMET EHITUSETTEV\u00d5TE - Office and industrial buildings - AS Remet","og_description":"Remet ehitus on ehitusettev\u00f5te, mis on loodud 1990. aastal. AS Remet pakub koos oma inseneridest koosneva meeskonnaga juhtimist ehituse peat\u00f6\u00f6v\u00f5tu meetodil k.a. projekteerimis-ehituse peat\u00f6\u00f6v\u00f5tt.","og_url":"http:\/\/www.remet.ee\/tehtud-tood\/buroo-ja-toostushooned\/","og_site_name":"REMET EHITUSETTEV\u00d5TE","twitter_card":"summary_large_image","schema":{"@context":"https:\/\/schema.org","@graph":[{"@type":"WebPage","@id":"http:\/\/www.remet.ee\/tehtud-tood\/buroo-ja-toostushooned\/","url":"http:\/\/www.remet.ee\/tehtud-tood\/buroo-ja-toostushooned\/","name":"REMET EHITUSETTEV\u00d5TE - Office and industrial buildings - AS Remet","isPartOf":{"@id":"http:\/\/www.remet.ee\/#website"},"datePublished":"2018-05-03T11:55:53+00:00","description":"Remet ehitus on ehitusettev\u00f5te, mis on loodud 1990. aastal. AS Remet pakub koos oma inseneridest koosneva meeskonnaga juhtimist ehituse peat\u00f6\u00f6v\u00f5tu meetodil k.a. projekteerimis-ehituse peat\u00f6\u00f6v\u00f5tt.","breadcrumb":{"@id":"http:\/\/www.remet.ee\/tehtud-tood\/buroo-ja-toostushooned\/#breadcrumb"},"inLanguage":"en-US","potentialAction":[{"@type":"ReadAction","target":["http:\/\/www.remet.ee\/tehtud-tood\/buroo-ja-toostushooned\/"]}]},{"@type":"BreadcrumbList","@id":"http:\/\/www.remet.ee\/tehtud-tood\/buroo-ja-toostushooned\/#breadcrumb","itemListElement":[{"@type":"ListItem","position":1,"name":"Home","item":"http:\/\/www.remet.ee\/"},{"@type":"ListItem","position":2,"name":"Completed projects","item":"http:\/\/www.remet.ee\/tehtud-tood\/"},{"@type":"ListItem","position":3,"name":"Office and industrial buildings"}]},{"@type":"WebSite","@id":"http:\/\/www.remet.ee\/#website","url":"http:\/\/www.remet.ee\/","name":"REMET EHITUSETTEV\u00d5TE","description":"Ehitusettev\u00f5te Remet omab kogemust ehituses aastast 1989","potentialAction":[{"@type":"SearchAction","target":{"@type":"EntryPoint","urlTemplate":"http:\/\/www.remet.ee\/?s={search_term_string}"},"query-input":{"@type":"PropertyValueSpecification","valueRequired":true,"valueName":"search_term_string"}}],"inLanguage":"en-US"}]}},"_links":{"self":[{"href":"http:\/\/www.remet.ee\/en\/wp-json\/wp\/v2\/pages\/692"}],"collection":[{"href":"http:\/\/www.remet.ee\/en\/wp-json\/wp\/v2\/pages"}],"about":[{"href":"http:\/\/www.remet.ee\/en\/wp-json\/wp\/v2\/types\/page"}],"author":[{"embeddable":true,"href":"http:\/\/www.remet.ee\/en\/wp-json\/wp\/v2\/users\/1"}],"replies":[{"embeddable":true,"href":"http:\/\/www.remet.ee\/en\/wp-json\/wp\/v2\/comments?post=692"}],"version-history":[{"count":2,"href":"http:\/\/www.remet.ee\/en\/wp-json\/wp\/v2\/pages\/692\/revisions"}],"predecessor-version":[{"id":694,"href":"http:\/\/www.remet.ee\/en\/wp-json\/wp\/v2\/pages\/692\/revisions\/694"}],"up":[{"embeddable":true,"href":"http:\/\/www.remet.ee\/en\/wp-json\/wp\/v2\/pages\/682"}],"wp:attachment":[{"href":"http:\/\/www.remet.ee\/en\/wp-json\/wp\/v2\/media?parent=692"}],"curies":[{"name":"wp","href":"https:\/\/api.w.org\/{rel}","templated":true}]}}