{"id":698,"date":"2018-05-03T14:56:37","date_gmt":"2018-05-03T11:56:37","guid":{"rendered":"http:\/\/www.remet.ee\/?page_id=698"},"modified":"2018-05-08T11:09:01","modified_gmt":"2018-05-08T08:09:01","slug":"public-service-buildings","status":"publish","type":"page","link":"http:\/\/www.remet.ee\/en\/completed-projects\/public-service-buildings\/","title":{"rendered":"Public service buildings"},"content":{"rendered":"<div class=\"gallery-wrap\"><div class=\"gallery-image-container\"><a class=\"gallery_picture\" href=\"http:\/\/www.remet.ee\/wp-content\/uploads\/2018\/04\/1-2001.3-Kaubanduskeskus-Narva-Centrumi-ehitusto\u0308o\u0308d.jpg\" data-fancybox=\"gallery-448\"><div class=\"gallery_picture-wrap\"><img decoding=\"async\" src=\"http:\/\/www.remet.ee\/wp-content\/uploads\/2018\/04\/1-2001.3-Kaubanduskeskus-Narva-Centrumi-ehitusto\u0308o\u0308d-271x198.jpg\" \/><h3 class=\"gallery-title\">Narva Centrum shopping center construction work<\/h3><\/div><\/a><a class=\"gallery_picture\" href=\"http:\/\/www.remet.ee\/wp-content\/uploads\/2018\/04\/2-2003.2-Pa\u0308rnu-Kontserdimaja-ehitusto\u0308o\u0308d.jpg\" data-fancybox=\"gallery-448\"><div class=\"gallery_picture-wrap\"><img decoding=\"async\" src=\"http:\/\/www.remet.ee\/wp-content\/uploads\/2018\/04\/2-2003.2-Pa\u0308rnu-Kontserdimaja-ehitusto\u0308o\u0308d-271x198.jpg\" \/><h3 class=\"gallery-title\">P\u00e4rnu Concert House Construction work<\/h3><\/div><\/a><a class=\"gallery_picture\" href=\"http:\/\/www.remet.ee\/wp-content\/uploads\/2018\/04\/3-2008.4-Kiek-in-de-KO\u0308K-rekonstrueeristo\u0308o\u0308d.jpg\" data-fancybox=\"gallery-448\"><div class=\"gallery_picture-wrap\"><img decoding=\"async\" src=\"http:\/\/www.remet.ee\/wp-content\/uploads\/2018\/04\/3-2008.4-Kiek-in-de-KO\u0308K-rekonstrueeristo\u0308o\u0308d-271x198.jpg\" \/><h3 class=\"gallery-title\">Kiek in de K\u00d6K reconstruction<\/h3><\/div><\/a><a class=\"gallery_picture\" href=\"http:\/\/www.remet.ee\/wp-content\/uploads\/2018\/04\/4-2002.16-RMK-Metsameeste-Kodu-ehitusto\u0308o\u0308d.jpg\" data-fancybox=\"gallery-448\"><div class=\"gallery_picture-wrap\"><img decoding=\"async\" src=\"http:\/\/www.remet.ee\/wp-content\/uploads\/2018\/04\/4-2002.16-RMK-Metsameeste-Kodu-ehitusto\u0308o\u0308d-271x198.jpg\" \/><h3 class=\"gallery-title\">RMK Forest Workers Home construction work<\/h3><\/div><\/a><a class=\"gallery_picture\" href=\"http:\/\/www.remet.ee\/wp-content\/uploads\/2018\/04\/4-2017.2-Kuresaare-Avatud-Noorekeskus-rekonstrueerimisto\u0308o\u0308d.jpg\" data-fancybox=\"gallery-448\"><div class=\"gallery_picture-wrap\"><img decoding=\"async\" src=\"http:\/\/www.remet.ee\/wp-content\/uploads\/2018\/04\/4-2017.2-Kuresaare-Avatud-Noorekeskus-rekonstrueerimisto\u0308o\u0308d-271x198.jpg\" \/><h3 class=\"gallery-title\">Kuressaare Open Youth center reconstruction<\/h3><\/div><\/a><a class=\"gallery_picture\" href=\"http:\/\/www.remet.ee\/wp-content\/uploads\/2018\/04\/5-2002.7-Tallinna-Politseiprefektuuri-Keslinna-Politseiosakonna-hoone-renoveermisto\u0308o\u0308d.jpg\" data-fancybox=\"gallery-448\"><div class=\"gallery_picture-wrap\"><img decoding=\"async\" src=\"http:\/\/www.remet.ee\/wp-content\/uploads\/2018\/04\/5-2002.7-Tallinna-Politseiprefektuuri-Keslinna-Politseiosakonna-hoone-renoveermisto\u0308o\u0308d-271x198.jpg\" \/><h3 class=\"gallery-title\">Renovation work of Tallinn City Center Policy Department<\/h3><\/div><\/a><a class=\"gallery_picture\" href=\"http:\/\/www.remet.ee\/wp-content\/uploads\/2018\/04\/6-2015.3-Viru-keskuse-bussiterminal-remontto\u0308o\u0308d.jpg\" data-fancybox=\"gallery-448\"><div class=\"gallery_picture-wrap\"><img decoding=\"async\" src=\"http:\/\/www.remet.ee\/wp-content\/uploads\/2018\/04\/6-2015.3-Viru-keskuse-bussiterminal-remontto\u0308o\u0308d-271x198.jpg\" \/><h3 class=\"gallery-title\">Viru Center Bus Terminal repair works<\/h3><\/div><\/a><a class=\"gallery_picture\" href=\"http:\/\/www.remet.ee\/wp-content\/uploads\/2018\/04\/7-2004.1-Reval-Hotel-Centrali-6.-korruse-pealeehitusto\u0308o\u0308d.jpg\" data-fancybox=\"gallery-448\"><div class=\"gallery_picture-wrap\"><img decoding=\"async\" src=\"http:\/\/www.remet.ee\/wp-content\/uploads\/2018\/04\/7-2004.1-Reval-Hotel-Centrali-6.-korruse-pealeehitusto\u0308o\u0308d-271x198.jpg\" \/><h3 class=\"gallery-title\">Reval Hotel Central 6th floor construction work<\/h3><\/div><\/a><a class=\"gallery_picture\" href=\"http:\/\/www.remet.ee\/wp-content\/uploads\/2018\/04\/8-2016.3-Filtri-tee-so\u0303java\u0308e-linnakus-rekonstrueerimisto\u0308o\u0308d.png\" data-fancybox=\"gallery-448\"><div class=\"gallery_picture-wrap\"><img decoding=\"async\" src=\"http:\/\/www.remet.ee\/wp-content\/uploads\/2018\/04\/8-2016.3-Filtri-tee-so\u0303java\u0308e-linnakus-rekonstrueerimisto\u0308o\u0308d-271x198.png\" \/><h3 class=\"gallery-title\">Filtri road military facility reconstruction<\/h3><\/div><\/a><a class=\"gallery_picture\" href=\"http:\/\/www.remet.ee\/wp-content\/uploads\/2018\/04\/9-1998.1-Eesti-Rahvusramatukogu-remontto\u0308o\u0308d.jpg\" data-fancybox=\"gallery-448\"><div class=\"gallery_picture-wrap\"><img decoding=\"async\" src=\"http:\/\/www.remet.ee\/wp-content\/uploads\/2018\/04\/9-1998.1-Eesti-Rahvusramatukogu-remontto\u0308o\u0308d-271x198.jpg\" \/><h3 class=\"gallery-title\">National Library of Estonia repairs<\/h3><\/div><\/a><a class=\"gallery_picture\" href=\"http:\/\/www.remet.ee\/wp-content\/uploads\/2018\/04\/10-2002.5-Pa\u0308rnu-Uue-Kunsti-Muuseumi-juurdeehitus.jpg\" data-fancybox=\"gallery-448\"><div class=\"gallery_picture-wrap\"><img decoding=\"async\" src=\"http:\/\/www.remet.ee\/wp-content\/uploads\/2018\/04\/10-2002.5-Pa\u0308rnu-Uue-Kunsti-Muuseumi-juurdeehitus-271x198.jpg\" \/><h3 class=\"gallery-title\">P\u00e4rnu Museum of New Art expansion<\/h3><\/div><\/a><a class=\"gallery_picture\" href=\"http:\/\/www.remet.ee\/wp-content\/uploads\/2018\/04\/11-1998.11-Tallinna-Raekoja-restaureerimisto\u0308o\u0308d.jpg\" data-fancybox=\"gallery-448\"><div class=\"gallery_picture-wrap\"><img decoding=\"async\" src=\"http:\/\/www.remet.ee\/wp-content\/uploads\/2018\/04\/11-1998.11-Tallinna-Raekoja-restaureerimisto\u0308o\u0308d-271x198.jpg\" \/><h3 class=\"gallery-title\">Tallinn Town Hall restoration work<\/h3><\/div><\/a><a class=\"gallery_picture\" href=\"http:\/\/www.remet.ee\/wp-content\/uploads\/2018\/04\/12-2015.5-ETV-stuudio-ehitusto\u0308o\u0308d.jpg\" data-fancybox=\"gallery-448\"><div class=\"gallery_picture-wrap\"><img decoding=\"async\" src=\"http:\/\/www.remet.ee\/wp-content\/uploads\/2018\/04\/12-2015.5-ETV-stuudio-ehitusto\u0308o\u0308d-271x198.jpg\" \/><h3 class=\"gallery-title\">ETV + studio construction work<\/h3><\/div><\/a><a class=\"gallery_picture\" href=\"http:\/\/www.remet.ee\/wp-content\/uploads\/2018\/04\/13-2015.7-Tahkuna-Tuletorni-rekonstrueerimisto\u0308o\u0308d.jpg\" data-fancybox=\"gallery-448\"><div class=\"gallery_picture-wrap\"><img decoding=\"async\" src=\"http:\/\/www.remet.ee\/wp-content\/uploads\/2018\/04\/13-2015.7-Tahkuna-Tuletorni-rekonstrueerimisto\u0308o\u0308d-271x198.jpg\" \/><h3 class=\"gallery-title\">Tahkuna Lighthouse reconstruction<\/h3><\/div><\/a><a class=\"gallery_picture\" href=\"http:\/\/www.remet.ee\/wp-content\/uploads\/2018\/04\/14-2002.4-Kadaka-tee-Sa\u0308a\u0308stumarketi-ehitusto\u0308o\u0308d.jpg\" data-fancybox=\"gallery-448\"><div class=\"gallery_picture-wrap\"><img decoding=\"async\" src=\"http:\/\/www.remet.ee\/wp-content\/uploads\/2018\/04\/14-2002.4-Kadaka-tee-Sa\u0308a\u0308stumarketi-ehitusto\u0308o\u0308d-271x198.jpg\" \/><h3 class=\"gallery-title\">Kadaka street S\u00e4\u00e4stumarket construction<\/h3><\/div><\/a><a class=\"gallery_picture\" href=\"http:\/\/www.remet.ee\/wp-content\/uploads\/2018\/04\/15-2002.6-Vaivara-Vallamaja-renoveermisto\u0308o\u0308d.jpg\" data-fancybox=\"gallery-448\"><div class=\"gallery_picture-wrap\"><img decoding=\"async\" src=\"http:\/\/www.remet.ee\/wp-content\/uploads\/2018\/04\/15-2002.6-Vaivara-Vallamaja-renoveermisto\u0308o\u0308d-271x198.jpg\" \/><h3 class=\"gallery-title\">Vaivara municipality house renovations<\/h3><\/div><\/a><a class=\"gallery_picture\" href=\"http:\/\/www.remet.ee\/wp-content\/uploads\/2018\/04\/16-1998.6-Hotell-Olu\u0308mpia-rekonstrueerimisto\u0308o\u0308d.jpg\" data-fancybox=\"gallery-448\"><div class=\"gallery_picture-wrap\"><img decoding=\"async\" src=\"http:\/\/www.remet.ee\/wp-content\/uploads\/2018\/04\/16-1998.6-Hotell-Olu\u0308mpia-rekonstrueerimisto\u0308o\u0308d-271x198.jpg\" \/><h3 class=\"gallery-title\">Hotel Ol\u00fcmpia reconstruction<\/h3><\/div><\/a><a class=\"gallery_picture\" href=\"http:\/\/www.remet.ee\/wp-content\/uploads\/2018\/04\/17-2002.11.-Teater-Estonia-rekonstrueerimisto\u0308o\u0308d.jpg\" data-fancybox=\"gallery-448\"><div class=\"gallery_picture-wrap\"><img decoding=\"async\" src=\"http:\/\/www.remet.ee\/wp-content\/uploads\/2018\/04\/17-2002.11.-Teater-Estonia-rekonstrueerimisto\u0308o\u0308d-271x198.jpg\" \/><h3 class=\"gallery-title\">Estonia theater reconstruction<\/h3><\/div><\/a><a class=\"gallery_picture\" href=\"http:\/\/www.remet.ee\/wp-content\/uploads\/2018\/04\/18-1998.3-Tallinna-Linnavolikogu-hoone-renoveerimisto\u0308o\u0308d.jpg\" data-fancybox=\"gallery-448\"><div class=\"gallery_picture-wrap\"><img decoding=\"async\" src=\"http:\/\/www.remet.ee\/wp-content\/uploads\/2018\/04\/18-1998.3-Tallinna-Linnavolikogu-hoone-renoveerimisto\u0308o\u0308d-271x198.jpg\" \/><h3 class=\"gallery-title\">Tallinn City Council building renovation<\/h3><\/div><\/a><a class=\"gallery_picture\" href=\"http:\/\/www.remet.ee\/wp-content\/uploads\/2018\/04\/19-...-Sa\u0308a\u0308stumarketi-ehitusto\u0308o\u0308d.jpg\" data-fancybox=\"gallery-448\"><div class=\"gallery_picture-wrap\"><img decoding=\"async\" src=\"http:\/\/www.remet.ee\/wp-content\/uploads\/2018\/04\/19-...-Sa\u0308a\u0308stumarketi-ehitusto\u0308o\u0308d-271x198.jpg\" \/><h3 class=\"gallery-title\">S\u00e4\u00e4stumarket construction<\/h3><\/div><\/a><a class=\"gallery_picture\" href=\"http:\/\/www.remet.ee\/wp-content\/uploads\/2018\/04\/20-2006.1-Tallinna-Loomaaia-lo\u0303vide-ekspositsiooni-ehitusto\u0308o\u0308d.jpg\" data-fancybox=\"gallery-448\"><div class=\"gallery_picture-wrap\"><img decoding=\"async\" src=\"http:\/\/www.remet.ee\/wp-content\/uploads\/2018\/04\/20-2006.1-Tallinna-Loomaaia-lo\u0303vide-ekspositsiooni-ehitusto\u0308o\u0308d-271x198.jpg\" \/><h3 class=\"gallery-title\">Tallinn Zoo lions exhibit construction<\/h3><\/div><\/a><a class=\"gallery_picture\" href=\"http:\/\/www.remet.ee\/wp-content\/uploads\/2018\/04\/21-1998.2-Riigiprokuratuuri-hoone-renoveerimisto\u0308o\u0308d.jpg\" data-fancybox=\"gallery-448\"><div class=\"gallery_picture-wrap\"><img decoding=\"async\" src=\"http:\/\/www.remet.ee\/wp-content\/uploads\/2018\/04\/21-1998.2-Riigiprokuratuuri-hoone-renoveerimisto\u0308o\u0308d-271x198.jpg\" \/><h3 class=\"gallery-title\">Public Prosecutor's Office building renovation<\/h3><\/div><\/a><a class=\"gallery_picture\" href=\"http:\/\/www.remet.ee\/wp-content\/uploads\/2018\/04\/22-....-Alu-mo\u0303isa-renoveermisto\u0308o\u0308d.jpg\" data-fancybox=\"gallery-448\"><div class=\"gallery_picture-wrap\"><img decoding=\"async\" src=\"http:\/\/www.remet.ee\/wp-content\/uploads\/2018\/04\/22-....-Alu-mo\u0303isa-renoveermisto\u0308o\u0308d-271x198.jpg\" \/><h3 class=\"gallery-title\">Alu manor renovation<\/h3><\/div><\/a><a class=\"gallery_picture\" href=\"http:\/\/www.remet.ee\/wp-content\/uploads\/2018\/04\/23-2010.2-Va\u0308a\u0308tsa-mo\u0303isa-park-rekonstrueerimisto\u0308o\u0308d.jpg\" data-fancybox=\"gallery-448\"><div class=\"gallery_picture-wrap\"><img decoding=\"async\" src=\"http:\/\/www.remet.ee\/wp-content\/uploads\/2018\/04\/23-2010.2-Va\u0308a\u0308tsa-mo\u0303isa-park-rekonstrueerimisto\u0308o\u0308d-271x198.jpg\" \/><h3 class=\"gallery-title\">V\u00e4\u00e4tsa Manor park reconstruction<\/h3><\/div><\/a><a class=\"gallery_picture\" href=\"http:\/\/www.remet.ee\/wp-content\/uploads\/2018\/04\/24-2008.7-Tallinna-Loomaia-elevantide-maja-ehitusto\u0308o\u0308d.jpg\" data-fancybox=\"gallery-448\"><div class=\"gallery_picture-wrap\"><img decoding=\"async\" src=\"http:\/\/www.remet.ee\/wp-content\/uploads\/2018\/04\/24-2008.7-Tallinna-Loomaia-elevantide-maja-ehitusto\u0308o\u0308d-271x198.jpg\" \/><h3 class=\"gallery-title\">Tallinn Zoo elephant exhibit construction<\/h3><\/div><\/a><a class=\"gallery_picture\" href=\"http:\/\/www.remet.ee\/wp-content\/uploads\/2018\/04\/25-2010.4-Salme-kultuurikeskuse-osaline-rekonstrueerimine.jpg\" data-fancybox=\"gallery-448\"><div class=\"gallery_picture-wrap\"><img decoding=\"async\" src=\"http:\/\/www.remet.ee\/wp-content\/uploads\/2018\/04\/25-2010.4-Salme-kultuurikeskuse-osaline-rekonstrueerimine-271x198.jpg\" \/><h3 class=\"gallery-title\">Partial reconstruction of Salme Cultural Center<\/h3><\/div><\/a><a class=\"gallery_picture\" href=\"http:\/\/www.remet.ee\/wp-content\/uploads\/2018\/04\/26-2002.14-J.Laidoneri-muuseumi-restaureermisto\u0308o\u0308d.jpg\" data-fancybox=\"gallery-448\"><div class=\"gallery_picture-wrap\"><img decoding=\"async\" src=\"http:\/\/www.remet.ee\/wp-content\/uploads\/2018\/04\/26-2002.14-J.Laidoneri-muuseumi-restaureermisto\u0308o\u0308d-271x198.jpg\" \/><h3 class=\"gallery-title\">J.Laidoner museum restoration works<\/h3><\/div><\/a><a class=\"gallery_picture\" href=\"http:\/\/www.remet.ee\/wp-content\/uploads\/2018\/04\/27-...-Viljandi-Vangla-rekonstrueerimisto\u0308o\u0308d.jpg\" data-fancybox=\"gallery-448\"><div class=\"gallery_picture-wrap\"><img decoding=\"async\" src=\"http:\/\/www.remet.ee\/wp-content\/uploads\/2018\/04\/27-...-Viljandi-Vangla-rekonstrueerimisto\u0308o\u0308d-271x198.jpg\" \/><h3 class=\"gallery-title\">Viljandi prison reconstruction<\/h3><\/div><\/a><\/div><div class=\"clr\"><\/div><\/div>\n","protected":false},"excerpt":{"rendered":"Narva Centrum shopping center construction workP\u00e4rnu Concert House Construction workKiek in de K\u00d6K reconstructionRMK Forest Workers Home construction workKuressaare Open Youth center reconstructionRenovation work of Tallinn City Center Policy DepartmentViru Center Bus Terminal repair worksReval Hotel Central 6th floor construction workFiltri road military facility reconstructionNational Library of Estonia repairsP\u00e4rnu Museum of New Art expansionTallinn Town...","protected":false},"author":1,"featured_media":0,"parent":682,"menu_order":0,"comment_status":"closed","ping_status":"closed","template":"","meta":{"_acf_changed":false,"footnotes":""},"class_list":["post-698","page","type-page","status-publish","hentry"],"acf":[],"yoast_head":"<!-- This site is optimized with the Yoast SEO plugin v25.6 - https:\/\/yoast.com\/wordpress\/plugins\/seo\/ -->\n<title>REMET EHITUSETTEV\u00d5TE - Public service buildings - AS Remet<\/title>\n<meta name=\"description\" content=\"Remet ehitus on ehitusettev\u00f5te, mis on loodud 1990. aastal. AS Remet pakub koos oma inseneridest koosneva meeskonnaga juhtimist ehituse peat\u00f6\u00f6v\u00f5tu meetodil k.a. projekteerimis-ehituse peat\u00f6\u00f6v\u00f5tt.\" \/>\n<meta name=\"robots\" content=\"index, follow, max-snippet:-1, max-image-preview:large, max-video-preview:-1\" \/>\n<link rel=\"canonical\" href=\"http:\/\/www.remet.ee\/tehtud-tood\/uhiskondlikud-hooned\/\" \/>\n<meta property=\"og:locale\" content=\"en_US\" \/>\n<meta property=\"og:type\" content=\"article\" \/>\n<meta property=\"og:title\" content=\"REMET EHITUSETTEV\u00d5TE - Public service buildings - AS Remet\" \/>\n<meta property=\"og:description\" content=\"Remet ehitus on ehitusettev\u00f5te, mis on loodud 1990. aastal. AS Remet pakub koos oma inseneridest koosneva meeskonnaga juhtimist ehituse peat\u00f6\u00f6v\u00f5tu meetodil k.a. projekteerimis-ehituse peat\u00f6\u00f6v\u00f5tt.\" \/>\n<meta property=\"og:url\" content=\"http:\/\/www.remet.ee\/tehtud-tood\/uhiskondlikud-hooned\/\" \/>\n<meta property=\"og:site_name\" content=\"REMET EHITUSETTEV\u00d5TE\" \/>\n<meta property=\"article:modified_time\" content=\"2018-05-08T08:09:01+00:00\" \/>\n<meta name=\"twitter:card\" content=\"summary_large_image\" \/>\n<script type=\"application\/ld+json\" class=\"yoast-schema-graph\">{\"@context\":\"https:\/\/schema.org\",\"@graph\":[{\"@type\":\"WebPage\",\"@id\":\"http:\/\/www.remet.ee\/tehtud-tood\/uhiskondlikud-hooned\/\",\"url\":\"http:\/\/www.remet.ee\/tehtud-tood\/uhiskondlikud-hooned\/\",\"name\":\"REMET EHITUSETTEV\u00d5TE - Public service buildings - AS Remet\",\"isPartOf\":{\"@id\":\"http:\/\/www.remet.ee\/#website\"},\"datePublished\":\"2018-05-03T11:56:37+00:00\",\"dateModified\":\"2018-05-08T08:09:01+00:00\",\"description\":\"Remet ehitus on ehitusettev\u00f5te, mis on loodud 1990. aastal. AS Remet pakub koos oma inseneridest koosneva meeskonnaga juhtimist ehituse peat\u00f6\u00f6v\u00f5tu meetodil k.a. projekteerimis-ehituse peat\u00f6\u00f6v\u00f5tt.\",\"breadcrumb\":{\"@id\":\"http:\/\/www.remet.ee\/tehtud-tood\/uhiskondlikud-hooned\/#breadcrumb\"},\"inLanguage\":\"en-US\",\"potentialAction\":[{\"@type\":\"ReadAction\",\"target\":[\"http:\/\/www.remet.ee\/tehtud-tood\/uhiskondlikud-hooned\/\"]}]},{\"@type\":\"BreadcrumbList\",\"@id\":\"http:\/\/www.remet.ee\/tehtud-tood\/uhiskondlikud-hooned\/#breadcrumb\",\"itemListElement\":[{\"@type\":\"ListItem\",\"position\":1,\"name\":\"Home\",\"item\":\"http:\/\/www.remet.ee\/\"},{\"@type\":\"ListItem\",\"position\":2,\"name\":\"Completed projects\",\"item\":\"http:\/\/www.remet.ee\/tehtud-tood\/\"},{\"@type\":\"ListItem\",\"position\":3,\"name\":\"Public service buildings\"}]},{\"@type\":\"WebSite\",\"@id\":\"http:\/\/www.remet.ee\/#website\",\"url\":\"http:\/\/www.remet.ee\/\",\"name\":\"REMET EHITUSETTEV\u00d5TE\",\"description\":\"Ehitusettev\u00f5te Remet omab kogemust ehituses aastast 1989\",\"potentialAction\":[{\"@type\":\"SearchAction\",\"target\":{\"@type\":\"EntryPoint\",\"urlTemplate\":\"http:\/\/www.remet.ee\/?s={search_term_string}\"},\"query-input\":{\"@type\":\"PropertyValueSpecification\",\"valueRequired\":true,\"valueName\":\"search_term_string\"}}],\"inLanguage\":\"en-US\"}]}<\/script>\n<!-- \/ Yoast SEO plugin. -->","yoast_head_json":{"title":"REMET EHITUSETTEV\u00d5TE - Public service buildings - AS Remet","description":"Remet ehitus on ehitusettev\u00f5te, mis on loodud 1990. aastal. AS Remet pakub koos oma inseneridest koosneva meeskonnaga juhtimist ehituse peat\u00f6\u00f6v\u00f5tu meetodil k.a. projekteerimis-ehituse peat\u00f6\u00f6v\u00f5tt.","robots":{"index":"index","follow":"follow","max-snippet":"max-snippet:-1","max-image-preview":"max-image-preview:large","max-video-preview":"max-video-preview:-1"},"canonical":"http:\/\/www.remet.ee\/tehtud-tood\/uhiskondlikud-hooned\/","og_locale":"en_US","og_type":"article","og_title":"REMET EHITUSETTEV\u00d5TE - Public service buildings - AS Remet","og_description":"Remet ehitus on ehitusettev\u00f5te, mis on loodud 1990. aastal. AS Remet pakub koos oma inseneridest koosneva meeskonnaga juhtimist ehituse peat\u00f6\u00f6v\u00f5tu meetodil k.a. projekteerimis-ehituse peat\u00f6\u00f6v\u00f5tt.","og_url":"http:\/\/www.remet.ee\/tehtud-tood\/uhiskondlikud-hooned\/","og_site_name":"REMET EHITUSETTEV\u00d5TE","article_modified_time":"2018-05-08T08:09:01+00:00","twitter_card":"summary_large_image","schema":{"@context":"https:\/\/schema.org","@graph":[{"@type":"WebPage","@id":"http:\/\/www.remet.ee\/tehtud-tood\/uhiskondlikud-hooned\/","url":"http:\/\/www.remet.ee\/tehtud-tood\/uhiskondlikud-hooned\/","name":"REMET EHITUSETTEV\u00d5TE - Public service buildings - AS Remet","isPartOf":{"@id":"http:\/\/www.remet.ee\/#website"},"datePublished":"2018-05-03T11:56:37+00:00","dateModified":"2018-05-08T08:09:01+00:00","description":"Remet ehitus on ehitusettev\u00f5te, mis on loodud 1990. aastal. AS Remet pakub koos oma inseneridest koosneva meeskonnaga juhtimist ehituse peat\u00f6\u00f6v\u00f5tu meetodil k.a. projekteerimis-ehituse peat\u00f6\u00f6v\u00f5tt.","breadcrumb":{"@id":"http:\/\/www.remet.ee\/tehtud-tood\/uhiskondlikud-hooned\/#breadcrumb"},"inLanguage":"en-US","potentialAction":[{"@type":"ReadAction","target":["http:\/\/www.remet.ee\/tehtud-tood\/uhiskondlikud-hooned\/"]}]},{"@type":"BreadcrumbList","@id":"http:\/\/www.remet.ee\/tehtud-tood\/uhiskondlikud-hooned\/#breadcrumb","itemListElement":[{"@type":"ListItem","position":1,"name":"Home","item":"http:\/\/www.remet.ee\/"},{"@type":"ListItem","position":2,"name":"Completed projects","item":"http:\/\/www.remet.ee\/tehtud-tood\/"},{"@type":"ListItem","position":3,"name":"Public service buildings"}]},{"@type":"WebSite","@id":"http:\/\/www.remet.ee\/#website","url":"http:\/\/www.remet.ee\/","name":"REMET EHITUSETTEV\u00d5TE","description":"Ehitusettev\u00f5te Remet omab kogemust ehituses aastast 1989","potentialAction":[{"@type":"SearchAction","target":{"@type":"EntryPoint","urlTemplate":"http:\/\/www.remet.ee\/?s={search_term_string}"},"query-input":{"@type":"PropertyValueSpecification","valueRequired":true,"valueName":"search_term_string"}}],"inLanguage":"en-US"}]}},"_links":{"self":[{"href":"http:\/\/www.remet.ee\/en\/wp-json\/wp\/v2\/pages\/698"}],"collection":[{"href":"http:\/\/www.remet.ee\/en\/wp-json\/wp\/v2\/pages"}],"about":[{"href":"http:\/\/www.remet.ee\/en\/wp-json\/wp\/v2\/types\/page"}],"author":[{"embeddable":true,"href":"http:\/\/www.remet.ee\/en\/wp-json\/wp\/v2\/users\/1"}],"replies":[{"embeddable":true,"href":"http:\/\/www.remet.ee\/en\/wp-json\/wp\/v2\/comments?post=698"}],"version-history":[{"count":3,"href":"http:\/\/www.remet.ee\/en\/wp-json\/wp\/v2\/pages\/698\/revisions"}],"predecessor-version":[{"id":788,"href":"http:\/\/www.remet.ee\/en\/wp-json\/wp\/v2\/pages\/698\/revisions\/788"}],"up":[{"embeddable":true,"href":"http:\/\/www.remet.ee\/en\/wp-json\/wp\/v2\/pages\/682"}],"wp:attachment":[{"href":"http:\/\/www.remet.ee\/en\/wp-json\/wp\/v2\/media?parent=698"}],"curies":[{"name":"wp","href":"https:\/\/api.w.org\/{rel}","templated":true}]}}