{"id":701,"date":"2018-05-03T14:57:01","date_gmt":"2018-05-03T11:57:01","guid":{"rendered":"http:\/\/www.remet.ee\/?page_id=701"},"modified":"2018-05-08T11:07:36","modified_gmt":"2018-05-08T08:07:36","slug":"historic-buildings","status":"publish","type":"page","link":"http:\/\/www.remet.ee\/en\/completed-projects\/historic-buildings\/","title":{"rendered":"Historic buildings"},"content":{"rendered":"<div class=\"gallery-wrap\"><div class=\"gallery-image-container\"><a class=\"gallery_picture\" href=\"http:\/\/www.remet.ee\/wp-content\/uploads\/2018\/04\/1-2008.4-Kiek-in-de-KO\u0308K-rekonstrueerimisto\u0308o\u0308d.jpg\" data-fancybox=\"gallery-534\"><div class=\"gallery_picture-wrap\"><img decoding=\"async\" src=\"http:\/\/www.remet.ee\/wp-content\/uploads\/2018\/04\/1-2008.4-Kiek-in-de-KO\u0308K-rekonstrueerimisto\u0308o\u0308d-271x198.jpg\" \/><h3 class=\"gallery-title\">Kiek in de K\u00d6K reconstruction<\/h3><\/div><\/a><a class=\"gallery_picture\" href=\"http:\/\/www.remet.ee\/wp-content\/uploads\/2018\/04\/2-2017.6-Kadrioru-Lotte-lasteaia-rekonstrueerimisto\u0308o\u0308d.jpg\" data-fancybox=\"gallery-534\"><div class=\"gallery_picture-wrap\"><img decoding=\"async\" src=\"http:\/\/www.remet.ee\/wp-content\/uploads\/2018\/04\/2-2017.6-Kadrioru-Lotte-lasteaia-rekonstrueerimisto\u0308o\u0308d-271x198.jpg\" \/><h3 class=\"gallery-title\">Kadrioru Lotte Kindergarten reconstruction<\/h3><\/div><\/a><a class=\"gallery_picture\" href=\"http:\/\/www.remet.ee\/wp-content\/uploads\/2018\/04\/3-1999.4-Pikk-tn-30-renoveerimisto\u0308o\u0308d.jpg\" data-fancybox=\"gallery-534\"><div class=\"gallery_picture-wrap\"><img decoding=\"async\" src=\"http:\/\/www.remet.ee\/wp-content\/uploads\/2018\/04\/3-1999.4-Pikk-tn-30-renoveerimisto\u0308o\u0308d-271x198.jpg\" \/><h3 class=\"gallery-title\">Pikk street 30 renovations<\/h3><\/div><\/a><a class=\"gallery_picture\" href=\"http:\/\/www.remet.ee\/wp-content\/uploads\/2018\/04\/4-1998.11-Tallinna-Raekoja-restaureerimisto\u0308o\u0308d.jpg\" data-fancybox=\"gallery-534\"><div class=\"gallery_picture-wrap\"><img decoding=\"async\" src=\"http:\/\/www.remet.ee\/wp-content\/uploads\/2018\/04\/4-1998.11-Tallinna-Raekoja-restaureerimisto\u0308o\u0308d-271x198.jpg\" \/><h3 class=\"gallery-title\">Tallinn Town Hall restoration work<\/h3><\/div><\/a><a class=\"gallery_picture\" href=\"http:\/\/www.remet.ee\/wp-content\/uploads\/2018\/04\/5-2009.2-Pa\u0308rnu-Hansagu\u0308mnaasiumi-rekonstrueerimisto\u0308o\u0308d-1.jpg\" data-fancybox=\"gallery-534\"><div class=\"gallery_picture-wrap\"><img decoding=\"async\" src=\"http:\/\/www.remet.ee\/wp-content\/uploads\/2018\/04\/5-2009.2-Pa\u0308rnu-Hansagu\u0308mnaasiumi-rekonstrueerimisto\u0308o\u0308d-1-271x198.jpg\" \/><h3 class=\"gallery-title\">P\u00e4rnu Hansa high school reconstruction<\/h3><\/div><\/a><a class=\"gallery_picture\" href=\"http:\/\/www.remet.ee\/wp-content\/uploads\/2018\/04\/6-2015.7-Tahkuna-Tuletorni-rekonstrueerimisto\u0308o\u0308d.jpg\" data-fancybox=\"gallery-534\"><div class=\"gallery_picture-wrap\"><img decoding=\"async\" src=\"http:\/\/www.remet.ee\/wp-content\/uploads\/2018\/04\/6-2015.7-Tahkuna-Tuletorni-rekonstrueerimisto\u0308o\u0308d-271x198.jpg\" \/><h3 class=\"gallery-title\">Tahkuna Lighthouse reconstruction<\/h3><\/div><\/a><a class=\"gallery_picture\" href=\"http:\/\/www.remet.ee\/wp-content\/uploads\/2018\/04\/7-2009.4-Koigi-mo\u0303isa-rekonstrueerimisto\u0308o\u0308d.jpg\" data-fancybox=\"gallery-534\"><div class=\"gallery_picture-wrap\"><img decoding=\"async\" src=\"http:\/\/www.remet.ee\/wp-content\/uploads\/2018\/04\/7-2009.4-Koigi-mo\u0303isa-rekonstrueerimisto\u0308o\u0308d-271x198.jpg\" \/><h3 class=\"gallery-title\">Reconstruction work of Koigi manor<\/h3><\/div><\/a><a class=\"gallery_picture\" href=\"http:\/\/www.remet.ee\/wp-content\/uploads\/2018\/04\/8-2002.11.-Teater-Estonia-rekonstrueerimisto\u0308o\u0308d.jpg\" data-fancybox=\"gallery-534\"><div class=\"gallery_picture-wrap\"><img decoding=\"async\" src=\"http:\/\/www.remet.ee\/wp-content\/uploads\/2018\/04\/8-2002.11.-Teater-Estonia-rekonstrueerimisto\u0308o\u0308d-271x198.jpg\" \/><h3 class=\"gallery-title\">Estonia theater reconstruction<\/h3><\/div><\/a><a class=\"gallery_picture\" href=\"http:\/\/www.remet.ee\/wp-content\/uploads\/2018\/04\/9-1998.1-Eesti-Rahvusramatukogu-remontto\u0308o\u0308d-1.jpg\" data-fancybox=\"gallery-534\"><div class=\"gallery_picture-wrap\"><img decoding=\"async\" src=\"http:\/\/www.remet.ee\/wp-content\/uploads\/2018\/04\/9-1998.1-Eesti-Rahvusramatukogu-remontto\u0308o\u0308d-1-271x198.jpg\" \/><h3 class=\"gallery-title\">National Library of Estonia repairs<\/h3><\/div><\/a><a class=\"gallery_picture\" href=\"http:\/\/www.remet.ee\/wp-content\/uploads\/2018\/04\/10-2010.2-Va\u0308a\u0308tsa-mo\u0303isa-pargi-rekonstrueerimisto\u0308o\u0308d.jpg\" data-fancybox=\"gallery-534\"><div class=\"gallery_picture-wrap\"><img decoding=\"async\" src=\"http:\/\/www.remet.ee\/wp-content\/uploads\/2018\/04\/10-2010.2-Va\u0308a\u0308tsa-mo\u0303isa-pargi-rekonstrueerimisto\u0308o\u0308d-271x198.jpg\" \/><h3 class=\"gallery-title\">V\u00e4\u00e4tsa Manor park reconstruction<\/h3><\/div><\/a><a class=\"gallery_picture\" href=\"http:\/\/www.remet.ee\/wp-content\/uploads\/2018\/04\/11-2006.4-Lavakunstikooli-renoveerimisto\u0308o\u0308d.jpg\" data-fancybox=\"gallery-534\"><div class=\"gallery_picture-wrap\"><img decoding=\"async\" src=\"http:\/\/www.remet.ee\/wp-content\/uploads\/2018\/04\/11-2006.4-Lavakunstikooli-renoveerimisto\u0308o\u0308d-271x198.jpg\" \/><h3 class=\"gallery-title\">Drama School of Estonia reconstruction<\/h3><\/div><\/a><a class=\"gallery_picture\" href=\"http:\/\/www.remet.ee\/wp-content\/uploads\/2018\/04\/12-2016.3-Filtri-tee-so\u0303java\u0308e-linnakus-rekonstrueerimisto\u0308o\u0308d.jpg\" data-fancybox=\"gallery-534\"><div class=\"gallery_picture-wrap\"><img decoding=\"async\" src=\"http:\/\/www.remet.ee\/wp-content\/uploads\/2018\/04\/12-2016.3-Filtri-tee-so\u0303java\u0308e-linnakus-rekonstrueerimisto\u0308o\u0308d-271x198.jpg\" \/><h3 class=\"gallery-title\">Filtri road military facility reconstruction<\/h3><\/div><\/a><a class=\"gallery_picture\" href=\"http:\/\/www.remet.ee\/wp-content\/uploads\/2018\/04\/13-1998.2-Riigiprokuratuuri-hoone-renoveerimine.jpg\" data-fancybox=\"gallery-534\"><div class=\"gallery_picture-wrap\"><img decoding=\"async\" src=\"http:\/\/www.remet.ee\/wp-content\/uploads\/2018\/04\/13-1998.2-Riigiprokuratuuri-hoone-renoveerimine-271x198.jpg\" \/><h3 class=\"gallery-title\">Public Prosecutor's Office building renovation<\/h3><\/div><\/a><a class=\"gallery_picture\" href=\"http:\/\/www.remet.ee\/wp-content\/uploads\/2018\/04\/14-1998.3-Tallinna-Linnavolikogu-hoone-renoveerimine.jpg\" data-fancybox=\"gallery-534\"><div class=\"gallery_picture-wrap\"><img decoding=\"async\" src=\"http:\/\/www.remet.ee\/wp-content\/uploads\/2018\/04\/14-1998.3-Tallinna-Linnavolikogu-hoone-renoveerimine-271x198.jpg\" \/><h3 class=\"gallery-title\">Renovation of the Tallinn City Council building<\/h3><\/div><\/a><a class=\"gallery_picture\" href=\"http:\/\/www.remet.ee\/wp-content\/uploads\/2018\/04\/15-2002.14-J.Laidoneri-muuseumi-restaureermisto\u0308o\u0308d.jpg\" data-fancybox=\"gallery-534\"><div class=\"gallery_picture-wrap\"><img decoding=\"async\" src=\"http:\/\/www.remet.ee\/wp-content\/uploads\/2018\/04\/15-2002.14-J.Laidoneri-muuseumi-restaureermisto\u0308o\u0308d-271x198.jpg\" \/><h3 class=\"gallery-title\">J.Laidoner museum restoration works<\/h3><\/div><\/a><a class=\"gallery_picture\" href=\"http:\/\/www.remet.ee\/wp-content\/uploads\/2018\/04\/16-2010.4-Salme-kultuurikeskuse-osaline-rekonstrueerimisto\u0308o\u0308d.jpg\" data-fancybox=\"gallery-534\"><div class=\"gallery_picture-wrap\"><img decoding=\"async\" src=\"http:\/\/www.remet.ee\/wp-content\/uploads\/2018\/04\/16-2010.4-Salme-kultuurikeskuse-osaline-rekonstrueerimisto\u0308o\u0308d-271x198.jpg\" \/><h3 class=\"gallery-title\">Partial reconstruction of Salme Cultural Center<\/h3><\/div><\/a><a class=\"gallery_picture\" href=\"http:\/\/www.remet.ee\/wp-content\/uploads\/2018\/04\/17-2017.2-Kuresaare-Avatud-Noorekeskuse-rekonstrueerimisto\u0308o\u0308d.jpg\" data-fancybox=\"gallery-534\"><div class=\"gallery_picture-wrap\"><img decoding=\"async\" src=\"http:\/\/www.remet.ee\/wp-content\/uploads\/2018\/04\/17-2017.2-Kuresaare-Avatud-Noorekeskuse-rekonstrueerimisto\u0308o\u0308d-271x198.jpg\" \/><h3 class=\"gallery-title\">Kuressaare Open Youth center reconstruction<\/h3><\/div><\/a><a class=\"gallery_picture\" href=\"http:\/\/www.remet.ee\/wp-content\/uploads\/2018\/04\/18-....-Alu-mo\u0303isa-renoveermisto\u0308o\u0308d.jpg\" data-fancybox=\"gallery-534\"><div class=\"gallery_picture-wrap\"><img decoding=\"async\" src=\"http:\/\/www.remet.ee\/wp-content\/uploads\/2018\/04\/18-....-Alu-mo\u0303isa-renoveermisto\u0308o\u0308d-271x198.jpg\" \/><h3 class=\"gallery-title\">Alu manor renovation<\/h3><\/div><\/a><\/div><div class=\"clr\"><\/div><\/div>\n","protected":false},"excerpt":{"rendered":"Kiek in de K\u00d6K reconstructionKadrioru Lotte Kindergarten reconstructionPikk street 30 renovationsTallinn Town Hall restoration workP\u00e4rnu Hansa high school reconstructionTahkuna Lighthouse reconstructionReconstruction work of Koigi manorEstonia theater reconstructionNational Library of Estonia repairsV\u00e4\u00e4tsa Manor park reconstructionDrama School of Estonia reconstructionFiltri road military facility reconstructionPublic Prosecutor's Office building renovationRenovation of the Tallinn City Council buildingJ.Laidoner museum restoration worksPartial...","protected":false},"author":1,"featured_media":0,"parent":682,"menu_order":0,"comment_status":"closed","ping_status":"closed","template":"","meta":{"_acf_changed":false,"footnotes":""},"class_list":["post-701","page","type-page","status-publish","hentry"],"acf":[],"yoast_head":"<!-- This site is optimized with the Yoast SEO plugin v25.6 - https:\/\/yoast.com\/wordpress\/plugins\/seo\/ -->\n<title>REMET EHITUSETTEV\u00d5TE - Historic buildings - AS Remet<\/title>\n<meta name=\"description\" content=\"Remet ehitus on ehitusettev\u00f5te, mis on loodud 1990. aastal. AS Remet pakub koos oma inseneridest koosneva meeskonnaga juhtimist ehituse peat\u00f6\u00f6v\u00f5tu meetodil k.a. projekteerimis-ehituse peat\u00f6\u00f6v\u00f5tt.\" \/>\n<meta name=\"robots\" content=\"index, follow, max-snippet:-1, max-image-preview:large, max-video-preview:-1\" \/>\n<link rel=\"canonical\" href=\"http:\/\/www.remet.ee\/tehtud-tood\/arhitektuurimalestised\/\" \/>\n<meta property=\"og:locale\" content=\"en_US\" \/>\n<meta property=\"og:type\" content=\"article\" \/>\n<meta property=\"og:title\" content=\"REMET EHITUSETTEV\u00d5TE - Historic buildings - AS Remet\" \/>\n<meta property=\"og:description\" content=\"Remet ehitus on ehitusettev\u00f5te, mis on loodud 1990. aastal. AS Remet pakub koos oma inseneridest koosneva meeskonnaga juhtimist ehituse peat\u00f6\u00f6v\u00f5tu meetodil k.a. projekteerimis-ehituse peat\u00f6\u00f6v\u00f5tt.\" \/>\n<meta property=\"og:url\" content=\"http:\/\/www.remet.ee\/tehtud-tood\/arhitektuurimalestised\/\" \/>\n<meta property=\"og:site_name\" content=\"REMET EHITUSETTEV\u00d5TE\" \/>\n<meta property=\"article:modified_time\" content=\"2018-05-08T08:07:36+00:00\" \/>\n<meta name=\"twitter:card\" content=\"summary_large_image\" \/>\n<script type=\"application\/ld+json\" class=\"yoast-schema-graph\">{\"@context\":\"https:\/\/schema.org\",\"@graph\":[{\"@type\":\"WebPage\",\"@id\":\"http:\/\/www.remet.ee\/tehtud-tood\/arhitektuurimalestised\/\",\"url\":\"http:\/\/www.remet.ee\/tehtud-tood\/arhitektuurimalestised\/\",\"name\":\"REMET EHITUSETTEV\u00d5TE - Historic buildings - AS Remet\",\"isPartOf\":{\"@id\":\"http:\/\/www.remet.ee\/#website\"},\"datePublished\":\"2018-05-03T11:57:01+00:00\",\"dateModified\":\"2018-05-08T08:07:36+00:00\",\"description\":\"Remet ehitus on ehitusettev\u00f5te, mis on loodud 1990. aastal. AS Remet pakub koos oma inseneridest koosneva meeskonnaga juhtimist ehituse peat\u00f6\u00f6v\u00f5tu meetodil k.a. projekteerimis-ehituse peat\u00f6\u00f6v\u00f5tt.\",\"breadcrumb\":{\"@id\":\"http:\/\/www.remet.ee\/tehtud-tood\/arhitektuurimalestised\/#breadcrumb\"},\"inLanguage\":\"en-US\",\"potentialAction\":[{\"@type\":\"ReadAction\",\"target\":[\"http:\/\/www.remet.ee\/tehtud-tood\/arhitektuurimalestised\/\"]}]},{\"@type\":\"BreadcrumbList\",\"@id\":\"http:\/\/www.remet.ee\/tehtud-tood\/arhitektuurimalestised\/#breadcrumb\",\"itemListElement\":[{\"@type\":\"ListItem\",\"position\":1,\"name\":\"Home\",\"item\":\"http:\/\/www.remet.ee\/\"},{\"@type\":\"ListItem\",\"position\":2,\"name\":\"Completed projects\",\"item\":\"http:\/\/www.remet.ee\/tehtud-tood\/\"},{\"@type\":\"ListItem\",\"position\":3,\"name\":\"Historic buildings\"}]},{\"@type\":\"WebSite\",\"@id\":\"http:\/\/www.remet.ee\/#website\",\"url\":\"http:\/\/www.remet.ee\/\",\"name\":\"REMET EHITUSETTEV\u00d5TE\",\"description\":\"Ehitusettev\u00f5te Remet omab kogemust ehituses aastast 1989\",\"potentialAction\":[{\"@type\":\"SearchAction\",\"target\":{\"@type\":\"EntryPoint\",\"urlTemplate\":\"http:\/\/www.remet.ee\/?s={search_term_string}\"},\"query-input\":{\"@type\":\"PropertyValueSpecification\",\"valueRequired\":true,\"valueName\":\"search_term_string\"}}],\"inLanguage\":\"en-US\"}]}<\/script>\n<!-- \/ Yoast SEO plugin. -->","yoast_head_json":{"title":"REMET EHITUSETTEV\u00d5TE - Historic buildings - AS Remet","description":"Remet ehitus on ehitusettev\u00f5te, mis on loodud 1990. aastal. AS Remet pakub koos oma inseneridest koosneva meeskonnaga juhtimist ehituse peat\u00f6\u00f6v\u00f5tu meetodil k.a. projekteerimis-ehituse peat\u00f6\u00f6v\u00f5tt.","robots":{"index":"index","follow":"follow","max-snippet":"max-snippet:-1","max-image-preview":"max-image-preview:large","max-video-preview":"max-video-preview:-1"},"canonical":"http:\/\/www.remet.ee\/tehtud-tood\/arhitektuurimalestised\/","og_locale":"en_US","og_type":"article","og_title":"REMET EHITUSETTEV\u00d5TE - Historic buildings - AS Remet","og_description":"Remet ehitus on ehitusettev\u00f5te, mis on loodud 1990. aastal. AS Remet pakub koos oma inseneridest koosneva meeskonnaga juhtimist ehituse peat\u00f6\u00f6v\u00f5tu meetodil k.a. projekteerimis-ehituse peat\u00f6\u00f6v\u00f5tt.","og_url":"http:\/\/www.remet.ee\/tehtud-tood\/arhitektuurimalestised\/","og_site_name":"REMET EHITUSETTEV\u00d5TE","article_modified_time":"2018-05-08T08:07:36+00:00","twitter_card":"summary_large_image","schema":{"@context":"https:\/\/schema.org","@graph":[{"@type":"WebPage","@id":"http:\/\/www.remet.ee\/tehtud-tood\/arhitektuurimalestised\/","url":"http:\/\/www.remet.ee\/tehtud-tood\/arhitektuurimalestised\/","name":"REMET EHITUSETTEV\u00d5TE - Historic buildings - AS Remet","isPartOf":{"@id":"http:\/\/www.remet.ee\/#website"},"datePublished":"2018-05-03T11:57:01+00:00","dateModified":"2018-05-08T08:07:36+00:00","description":"Remet ehitus on ehitusettev\u00f5te, mis on loodud 1990. aastal. AS Remet pakub koos oma inseneridest koosneva meeskonnaga juhtimist ehituse peat\u00f6\u00f6v\u00f5tu meetodil k.a. projekteerimis-ehituse peat\u00f6\u00f6v\u00f5tt.","breadcrumb":{"@id":"http:\/\/www.remet.ee\/tehtud-tood\/arhitektuurimalestised\/#breadcrumb"},"inLanguage":"en-US","potentialAction":[{"@type":"ReadAction","target":["http:\/\/www.remet.ee\/tehtud-tood\/arhitektuurimalestised\/"]}]},{"@type":"BreadcrumbList","@id":"http:\/\/www.remet.ee\/tehtud-tood\/arhitektuurimalestised\/#breadcrumb","itemListElement":[{"@type":"ListItem","position":1,"name":"Home","item":"http:\/\/www.remet.ee\/"},{"@type":"ListItem","position":2,"name":"Completed projects","item":"http:\/\/www.remet.ee\/tehtud-tood\/"},{"@type":"ListItem","position":3,"name":"Historic buildings"}]},{"@type":"WebSite","@id":"http:\/\/www.remet.ee\/#website","url":"http:\/\/www.remet.ee\/","name":"REMET EHITUSETTEV\u00d5TE","description":"Ehitusettev\u00f5te Remet omab kogemust ehituses aastast 1989","potentialAction":[{"@type":"SearchAction","target":{"@type":"EntryPoint","urlTemplate":"http:\/\/www.remet.ee\/?s={search_term_string}"},"query-input":{"@type":"PropertyValueSpecification","valueRequired":true,"valueName":"search_term_string"}}],"inLanguage":"en-US"}]}},"_links":{"self":[{"href":"http:\/\/www.remet.ee\/en\/wp-json\/wp\/v2\/pages\/701"}],"collection":[{"href":"http:\/\/www.remet.ee\/en\/wp-json\/wp\/v2\/pages"}],"about":[{"href":"http:\/\/www.remet.ee\/en\/wp-json\/wp\/v2\/types\/page"}],"author":[{"embeddable":true,"href":"http:\/\/www.remet.ee\/en\/wp-json\/wp\/v2\/users\/1"}],"replies":[{"embeddable":true,"href":"http:\/\/www.remet.ee\/en\/wp-json\/wp\/v2\/comments?post=701"}],"version-history":[{"count":3,"href":"http:\/\/www.remet.ee\/en\/wp-json\/wp\/v2\/pages\/701\/revisions"}],"predecessor-version":[{"id":784,"href":"http:\/\/www.remet.ee\/en\/wp-json\/wp\/v2\/pages\/701\/revisions\/784"}],"up":[{"embeddable":true,"href":"http:\/\/www.remet.ee\/en\/wp-json\/wp\/v2\/pages\/682"}],"wp:attachment":[{"href":"http:\/\/www.remet.ee\/en\/wp-json\/wp\/v2\/media?parent=701"}],"curies":[{"name":"wp","href":"https:\/\/api.w.org\/{rel}","templated":true}]}}