{"id":716,"date":"2018-05-07T11:37:48","date_gmt":"2018-05-07T08:37:48","guid":{"rendered":"http:\/\/www.remet.ee\/?page_id=716"},"modified":"2018-05-09T10:41:31","modified_gmt":"2018-05-09T07:41:31","slug":"%d0%b3%d0%bb%d0%b0%d0%b2%d0%bd%d0%b0%d1%8f","status":"publish","type":"page","link":"http:\/\/www.remet.ee\/ru\/","title":{"rendered":"\u0413\u043b\u0430\u0432\u043d\u0430\u044f"},"content":{"rendered":"<div class=\"wpb-content-wrapper\">[vc_row layout=&#187;stretch_row_content_no_spaces&#187;][vc_column][vc_column_text el_class=&#187;kogemused&#187;]\n<p style=\"text-align: right;\">\u0418\u0441\u0442\u043e\u0440\u0438\u044f \u043f\u0440\u0435\u0434\u043f\u0440\u0438\u044f\u0442\u0438\u044f<br \/>\n\u0441 1989 \u0433\u043e\u0434\u0430.<\/p>\n[\/vc_column_text][vc_raw_html]JTNDaW1nJTIwc3JjJTNEJTIyaHR0cCUzQSUyRiUyRnd3dy5yZW1ldC5lZSUyRndwLWNvbnRlbnQlMkZ0aGVtZXMlMkZjcmVhdGl2byUyRmltYWdlcyUyRmhlYWRlciUyRnJvdGF0ZS5waHAlMjIlMjBhbHQlM0QlMjJIZWFkZXIlMjIlMjB3aWR0aCUzRCUyMjIwMDAlMjIlMjBoZWlnaHQlM0QlMjI4MjAlMjIlM0U=[\/vc_raw_html][\/vc_column][\/vc_row][vc_row][vc_column width=&#187;1\/3&#8243; el_class=&#187;kolm-kasti&#187;][vc_custom_heading text=&#187;\u0418\u0441\u0442\u043e\u0440\u0438\u044f&#187; font_container=&#187;tag:h2|font_size:30px|text_align:center|color:%23265ea1|line_height:36px&#187; google_fonts=&#187;font_family:Roboto%3A100%2C100italic%2C300%2C300italic%2Cregular%2Citalic%2C500%2C500italic%2C700%2C700italic%2C900%2C900italic|font_style:700%20bold%20regular%3A700%3Anormal&#187;][vc_column_text]\n<p style=\"text-align: center;\">\u0421\u0442\u0440\u043e\u0438\u0442\u0435\u043b\u044c\u043d\u0430\u044f \u043a\u043e\u043c\u043f\u0430\u043d\u0438\u044f Remet \u0432\u043d\u0435\u0441\u043b\u0430 \u0431\u043e\u043b\u044c\u0448\u043e\u0439 \u0432\u043a\u043b\u0430\u0434 \u0432 \u0430\u0440\u0445\u0438\u0442\u0435\u043a\u0442\u0443\u0440\u043d\u044b\u0439 \u0438 \u0441\u0442\u0440\u043e\u0438\u0442\u0435\u043b\u044c\u043d\u044b\u0439 \u043b\u0430\u043d\u0434\u0448\u0430\u0444\u0442 \u0422\u0430\u043b\u043b\u0438\u043d\u043d\u0430, \u043e\u043a\u0440\u0443\u0436\u0430\u044e\u0449\u0438\u0445 \u0432\u043e\u043b\u043e\u0441\u0442\u0435\u0439 \u0438 \u0432\u0441\u0435\u0439 \u042d\u0441\u0442\u043e\u043d\u0441\u043a\u043e\u0439 \u0420\u0435\u0441\u043f\u0443\u0431\u043b\u0438\u043a\u0438.<\/p>\n[\/vc_column_text][\/vc_column][vc_column width=&#187;1\/3&#8243; el_class=&#187;kolm-kasti&#187;][vc_custom_heading text=&#187;\u0421\u043e\u0442\u0440\u0443\u0434\u043d\u0438\u0447\u0435\u0441\u0442\u0432\u043e&#187; font_container=&#187;tag:h2|font_size:30px|text_align:center|color:%23265ea1|line_height:36px&#187; google_fonts=&#187;font_family:Roboto%3A100%2C100italic%2C300%2C300italic%2Cregular%2Citalic%2C500%2C500italic%2C700%2C700italic%2C900%2C900italic|font_style:700%20bold%20regular%3A700%3Anormal&#187;][vc_column_text]\n<p style=\"text-align: center;\">\u042f\u0432\u043b\u044f\u0435\u043c\u0441\u044f \u043d\u0430\u0434\u0435\u0436\u043d\u044b\u043c \u043f\u0430\u0440\u0442\u043d\u0435\u0440\u043e\u043c \u0434\u043b\u044f \u043d\u0430\u0448\u0438\u0445 \u043a\u043b\u0438\u0435\u043d\u0442\u043e\u0432, \u043f\u0440\u0435\u0434\u043b\u0430\u0433\u0430\u044f \u043a\u043e\u043d\u043a\u0443\u0440\u0435\u043d\u0442\u043e\u0441\u043f\u043e\u0441\u043e\u0431\u043d\u044b\u0435 \u0446\u0435\u043d\u044b, \u043d\u0435 \u0443\u0441\u0442\u0443\u043f\u0430\u044f \u0432 \u043a\u0430\u0447\u0435\u0441\u0442\u0432\u0435.<\/p>\n[\/vc_column_text][\/vc_column][vc_column width=&#187;1\/3&#8243; el_class=&#187;kolm-kasti&#187;][vc_custom_heading text=&#187;\u041e\u043f\u044b\u0442&#187; font_container=&#187;tag:h2|font_size:30px|text_align:center|color:%23265ea1|line_height:36px&#187; google_fonts=&#187;font_family:Roboto%3A100%2C100italic%2C300%2C300italic%2Cregular%2Citalic%2C500%2C500italic%2C700%2C700italic%2C900%2C900italic|font_style:700%20bold%20regular%3A700%3Anormal&#187;][vc_column_text]\n<p style=\"text-align: center;\">\u0418\u043c\u0435\u0435\u043c \u0431\u043e\u043b\u044c\u0448\u043e\u0439 \u043e\u043f\u044b\u0442 \u0441\u0442\u0440\u043e\u0438\u0442\u0435\u043b\u044c\u0441\u0442\u0432\u0430 \u0436\u0438\u043b\u044b\u0445 \u0434\u043e\u043c\u043e\u0432, \u043e\u0444\u0438\u0441\u043d\u044b\u0445 \u0438 \u0448\u043a\u043e\u043b\u044c\u043d\u044b\u0445 \u0437\u0434\u0430\u043d\u0438\u0439, \u0441\u043e\u0446\u0438\u0430\u043b\u044c\u043d\u044b\u0445 \u0443\u0447\u0440\u0435\u0436\u0434\u0435\u043d\u0438\u0439, \u0441\u043a\u043b\u0430\u0434\u043e\u0432 \u0438 \u0432 \u0432\u043e\u0441\u0441\u0442\u0430\u043d\u043e\u0432\u043b\u0435\u043d\u043d\u0438\u0438 \u0430\u0440\u0445\u0438\u0442\u0435\u043a\u0442\u0443\u0440\u043d\u044b\u0445 \u043f\u0430\u043c\u044f\u0442\u043d\u0438\u043a\u043e\u0432..<\/p>\n[\/vc_column_text][\/vc_column][\/vc_row]\n<\/div>","protected":false},"excerpt":{"rendered":"<p>[vc_row layout=&#187;stretch_row_content_no_spaces&#187;][vc_column][vc_column_text el_class=&#187;kogemused&#187;] \u0418\u0441\u0442\u043e\u0440\u0438\u044f \u043f\u0440\u0435\u0434\u043f\u0440\u0438\u044f\u0442\u0438\u044f \u0441 1989 \u0433\u043e\u0434\u0430. [\/vc_column_text][vc_raw_html]JTNDaW1nJTIwc3JjJTNEJTIyaHR0cCUzQSUyRiUyRnd3dy5yZW1ldC5lZSUyRndwLWNvbnRlbnQlMkZ0aGVtZXMlMkZjcmVhdGl2byUyRmltYWdlcyUyRmhlYWRlciUyRnJvdGF0ZS5waHAlMjIlMjBhbHQlM0QlMjJIZWFkZXIlMjIlMjB3aWR0aCUzRCUyMjIwMDAlMjIlMjBoZWlnaHQlM0QlMjI4MjAlMjIlM0U=[\/vc_raw_html][\/vc_column][\/vc_row][vc_row][vc_column width=&#187;1\/3&#8243; el_class=&#187;kolm-kasti&#187;][vc_custom_heading text=&#187;\u0418\u0441\u0442\u043e\u0440\u0438\u044f&#187; font_container=&#187;tag:h2|font_size:30px|text_align:center|color:%23265ea1|line_height:36px&#187; google_fonts=&#187;font_family:Roboto%3A100%2C100italic%2C300%2C300italic%2Cregular%2Citalic%2C500%2C500italic%2C700%2C700italic%2C900%2C900italic|font_style:700%20bold%20regular%3A700%3Anormal&#187;][vc_column_text] \u0421\u0442\u0440\u043e\u0438\u0442\u0435\u043b\u044c\u043d\u0430\u044f \u043a\u043e\u043c\u043f\u0430\u043d\u0438\u044f Remet \u0432\u043d\u0435\u0441\u043b\u0430 \u0431\u043e\u043b\u044c\u0448\u043e\u0439 \u0432\u043a\u043b\u0430\u0434 \u0432 \u0430\u0440\u0445\u0438\u0442\u0435\u043a\u0442\u0443\u0440\u043d\u044b\u0439 \u0438 \u0441\u0442\u0440\u043e\u0438\u0442\u0435\u043b\u044c\u043d\u044b\u0439 \u043b\u0430\u043d\u0434\u0448\u0430\u0444\u0442 \u0422\u0430\u043b\u043b\u0438\u043d\u043d\u0430, \u043e\u043a\u0440\u0443\u0436\u0430\u044e\u0449\u0438\u0445 \u0432\u043e\u043b\u043e\u0441\u0442\u0435\u0439 \u0438 \u0432\u0441\u0435\u0439 \u042d\u0441\u0442\u043e\u043d\u0441\u043a\u043e\u0439 \u0420\u0435\u0441\u043f\u0443\u0431\u043b\u0438\u043a\u0438. [\/vc_column_text][\/vc_column][vc_column width=&#187;1\/3&#8243; el_class=&#187;kolm-kasti&#187;][vc_custom_heading text=&#187;\u0421\u043e\u0442\u0440\u0443\u0434\u043d\u0438\u0447\u0435\u0441\u0442\u0432\u043e&#187; font_container=&#187;tag:h2|font_size:30px|text_align:center|color:%23265ea1|line_height:36px&#187; google_fonts=&#187;font_family:Roboto%3A100%2C100italic%2C300%2C300italic%2Cregular%2Citalic%2C500%2C500italic%2C700%2C700italic%2C900%2C900italic|font_style:700%20bold%20regular%3A700%3Anormal&#187;][vc_column_text] \u042f\u0432\u043b\u044f\u0435\u043c\u0441\u044f \u043d\u0430\u0434\u0435\u0436\u043d\u044b\u043c \u043f\u0430\u0440\u0442\u043d\u0435\u0440\u043e\u043c \u0434\u043b\u044f \u043d\u0430\u0448\u0438\u0445 \u043a\u043b\u0438\u0435\u043d\u0442\u043e\u0432, \u043f\u0440\u0435\u0434\u043b\u0430\u0433\u0430\u044f \u043a\u043e\u043d\u043a\u0443\u0440\u0435\u043d\u0442\u043e\u0441\u043f\u043e\u0441\u043e\u0431\u043d\u044b\u0435 \u0446\u0435\u043d\u044b, \u043d\u0435 \u0443\u0441\u0442\u0443\u043f\u0430\u044f \u0432 \u043a\u0430\u0447\u0435\u0441\u0442\u0432\u0435. [\/vc_column_text][\/vc_column][vc_column width=&#187;1\/3&#8243; el_class=&#187;kolm-kasti&#187;][vc_custom_heading text=&#187;\u041e\u043f\u044b\u0442&#187;&#8230;<\/p>\n","protected":false},"author":1,"featured_media":0,"parent":0,"menu_order":0,"comment_status":"closed","ping_status":"closed","template":"page-full.php","meta":{"_acf_changed":false,"footnotes":""},"class_list":["post-716","page","type-page","status-publish","hentry"],"acf":[],"yoast_head":"<!-- This site is optimized with the Yoast SEO plugin v25.6 - https:\/\/yoast.com\/wordpress\/plugins\/seo\/ -->\n<title>REMET EHITUSETTEV\u00d5TE - \u0413\u043b\u0430\u0432\u043d\u0430\u044f - AS Remet<\/title>\n<meta name=\"description\" content=\"Remet ehitus on ehitusettev\u00f5te, mis on loodud 1990. aastal. AS Remet pakub koos oma inseneridest koosneva meeskonnaga juhtimist ehituse peat\u00f6\u00f6v\u00f5tu meetodil k.a. projekteerimis-ehituse peat\u00f6\u00f6v\u00f5tt.\" \/>\n<meta name=\"robots\" content=\"index, follow, max-snippet:-1, max-image-preview:large, max-video-preview:-1\" \/>\n<link rel=\"canonical\" href=\"http:\/\/www.remet.ee\/\" \/>\n<meta property=\"og:locale\" content=\"ru_RU\" \/>\n<meta property=\"og:type\" content=\"article\" \/>\n<meta property=\"og:title\" content=\"REMET EHITUSETTEV\u00d5TE - \u0413\u043b\u0430\u0432\u043d\u0430\u044f - AS Remet\" \/>\n<meta property=\"og:description\" content=\"Remet ehitus on ehitusettev\u00f5te, mis on loodud 1990. aastal. AS Remet pakub koos oma inseneridest koosneva meeskonnaga juhtimist ehituse peat\u00f6\u00f6v\u00f5tu meetodil k.a. projekteerimis-ehituse peat\u00f6\u00f6v\u00f5tt.\" \/>\n<meta property=\"og:url\" content=\"http:\/\/www.remet.ee\/\" \/>\n<meta property=\"og:site_name\" content=\"REMET EHITUSETTEV\u00d5TE\" \/>\n<meta property=\"article:modified_time\" content=\"2018-05-09T07:41:31+00:00\" \/>\n<meta name=\"twitter:card\" content=\"summary_large_image\" \/>\n<meta name=\"twitter:label1\" content=\"\u041f\u0440\u0438\u043c\u0435\u0440\u043d\u043e\u0435 \u0432\u0440\u0435\u043c\u044f \u0434\u043b\u044f \u0447\u0442\u0435\u043d\u0438\u044f\" \/>\n\t<meta name=\"twitter:data1\" content=\"1 \u043c\u0438\u043d\u0443\u0442\u0430\" \/>\n<script type=\"application\/ld+json\" class=\"yoast-schema-graph\">{\"@context\":\"https:\/\/schema.org\",\"@graph\":[{\"@type\":\"WebPage\",\"@id\":\"http:\/\/www.remet.ee\/\",\"url\":\"http:\/\/www.remet.ee\/\",\"name\":\"REMET EHITUSETTEV\u00d5TE - \u0413\u043b\u0430\u0432\u043d\u0430\u044f - AS Remet\",\"isPartOf\":{\"@id\":\"http:\/\/www.remet.ee\/#website\"},\"datePublished\":\"2018-05-07T08:37:48+00:00\",\"dateModified\":\"2018-05-09T07:41:31+00:00\",\"description\":\"Remet ehitus on ehitusettev\u00f5te, mis on loodud 1990. aastal. AS Remet pakub koos oma inseneridest koosneva meeskonnaga juhtimist ehituse peat\u00f6\u00f6v\u00f5tu meetodil k.a. projekteerimis-ehituse peat\u00f6\u00f6v\u00f5tt.\",\"breadcrumb\":{\"@id\":\"http:\/\/www.remet.ee\/#breadcrumb\"},\"inLanguage\":\"ru-RU\",\"potentialAction\":[{\"@type\":\"ReadAction\",\"target\":[\"http:\/\/www.remet.ee\/\"]}]},{\"@type\":\"BreadcrumbList\",\"@id\":\"http:\/\/www.remet.ee\/#breadcrumb\",\"itemListElement\":[{\"@type\":\"ListItem\",\"position\":1,\"name\":\"Home\",\"item\":\"http:\/\/www.remet.ee\/\"},{\"@type\":\"ListItem\",\"position\":2,\"name\":\"\u0413\u043b\u0430\u0432\u043d\u0430\u044f\"}]},{\"@type\":\"WebSite\",\"@id\":\"http:\/\/www.remet.ee\/#website\",\"url\":\"http:\/\/www.remet.ee\/\",\"name\":\"REMET EHITUSETTEV\u00d5TE\",\"description\":\"Ehitusettev\u00f5te Remet omab kogemust ehituses aastast 1989\",\"potentialAction\":[{\"@type\":\"SearchAction\",\"target\":{\"@type\":\"EntryPoint\",\"urlTemplate\":\"http:\/\/www.remet.ee\/?s={search_term_string}\"},\"query-input\":{\"@type\":\"PropertyValueSpecification\",\"valueRequired\":true,\"valueName\":\"search_term_string\"}}],\"inLanguage\":\"ru-RU\"}]}<\/script>\n<!-- \/ Yoast SEO plugin. -->","yoast_head_json":{"title":"REMET EHITUSETTEV\u00d5TE - \u0413\u043b\u0430\u0432\u043d\u0430\u044f - AS Remet","description":"Remet ehitus on ehitusettev\u00f5te, mis on loodud 1990. aastal. AS Remet pakub koos oma inseneridest koosneva meeskonnaga juhtimist ehituse peat\u00f6\u00f6v\u00f5tu meetodil k.a. projekteerimis-ehituse peat\u00f6\u00f6v\u00f5tt.","robots":{"index":"index","follow":"follow","max-snippet":"max-snippet:-1","max-image-preview":"max-image-preview:large","max-video-preview":"max-video-preview:-1"},"canonical":"http:\/\/www.remet.ee\/","og_locale":"ru_RU","og_type":"article","og_title":"REMET EHITUSETTEV\u00d5TE - \u0413\u043b\u0430\u0432\u043d\u0430\u044f - AS Remet","og_description":"Remet ehitus on ehitusettev\u00f5te, mis on loodud 1990. aastal. AS Remet pakub koos oma inseneridest koosneva meeskonnaga juhtimist ehituse peat\u00f6\u00f6v\u00f5tu meetodil k.a. projekteerimis-ehituse peat\u00f6\u00f6v\u00f5tt.","og_url":"http:\/\/www.remet.ee\/","og_site_name":"REMET EHITUSETTEV\u00d5TE","article_modified_time":"2018-05-09T07:41:31+00:00","twitter_card":"summary_large_image","twitter_misc":{"\u041f\u0440\u0438\u043c\u0435\u0440\u043d\u043e\u0435 \u0432\u0440\u0435\u043c\u044f \u0434\u043b\u044f \u0447\u0442\u0435\u043d\u0438\u044f":"1 \u043c\u0438\u043d\u0443\u0442\u0430"},"schema":{"@context":"https:\/\/schema.org","@graph":[{"@type":"WebPage","@id":"http:\/\/www.remet.ee\/","url":"http:\/\/www.remet.ee\/","name":"REMET EHITUSETTEV\u00d5TE - \u0413\u043b\u0430\u0432\u043d\u0430\u044f - AS Remet","isPartOf":{"@id":"http:\/\/www.remet.ee\/#website"},"datePublished":"2018-05-07T08:37:48+00:00","dateModified":"2018-05-09T07:41:31+00:00","description":"Remet ehitus on ehitusettev\u00f5te, mis on loodud 1990. aastal. AS Remet pakub koos oma inseneridest koosneva meeskonnaga juhtimist ehituse peat\u00f6\u00f6v\u00f5tu meetodil k.a. projekteerimis-ehituse peat\u00f6\u00f6v\u00f5tt.","breadcrumb":{"@id":"http:\/\/www.remet.ee\/#breadcrumb"},"inLanguage":"ru-RU","potentialAction":[{"@type":"ReadAction","target":["http:\/\/www.remet.ee\/"]}]},{"@type":"BreadcrumbList","@id":"http:\/\/www.remet.ee\/#breadcrumb","itemListElement":[{"@type":"ListItem","position":1,"name":"Home","item":"http:\/\/www.remet.ee\/"},{"@type":"ListItem","position":2,"name":"\u0413\u043b\u0430\u0432\u043d\u0430\u044f"}]},{"@type":"WebSite","@id":"http:\/\/www.remet.ee\/#website","url":"http:\/\/www.remet.ee\/","name":"REMET EHITUSETTEV\u00d5TE","description":"Ehitusettev\u00f5te Remet omab kogemust ehituses aastast 1989","potentialAction":[{"@type":"SearchAction","target":{"@type":"EntryPoint","urlTemplate":"http:\/\/www.remet.ee\/?s={search_term_string}"},"query-input":{"@type":"PropertyValueSpecification","valueRequired":true,"valueName":"search_term_string"}}],"inLanguage":"ru-RU"}]}},"_links":{"self":[{"href":"http:\/\/www.remet.ee\/ru\/wp-json\/wp\/v2\/pages\/716"}],"collection":[{"href":"http:\/\/www.remet.ee\/ru\/wp-json\/wp\/v2\/pages"}],"about":[{"href":"http:\/\/www.remet.ee\/ru\/wp-json\/wp\/v2\/types\/page"}],"author":[{"embeddable":true,"href":"http:\/\/www.remet.ee\/ru\/wp-json\/wp\/v2\/users\/1"}],"replies":[{"embeddable":true,"href":"http:\/\/www.remet.ee\/ru\/wp-json\/wp\/v2\/comments?post=716"}],"version-history":[{"count":4,"href":"http:\/\/www.remet.ee\/ru\/wp-json\/wp\/v2\/pages\/716\/revisions"}],"predecessor-version":[{"id":798,"href":"http:\/\/www.remet.ee\/ru\/wp-json\/wp\/v2\/pages\/716\/revisions\/798"}],"wp:attachment":[{"href":"http:\/\/www.remet.ee\/ru\/wp-json\/wp\/v2\/media?parent=716"}],"curies":[{"name":"wp","href":"https:\/\/api.w.org\/{rel}","templated":true}]}}