{"id":719,"date":"2018-05-07T11:44:07","date_gmt":"2018-05-07T08:44:07","guid":{"rendered":"http:\/\/www.remet.ee\/?page_id=719"},"modified":"2023-01-20T10:01:09","modified_gmt":"2023-01-20T08:01:09","slug":"%d0%be-%d0%ba%d0%be%d0%bc%d0%bf%d0%b0%d0%bd%d0%b8%d0%b8","status":"publish","type":"page","link":"http:\/\/www.remet.ee\/ru\/%d0%be-%d0%ba%d0%be%d0%bc%d0%bf%d0%b0%d0%bd%d0%b8%d0%b8\/","title":{"rendered":"\u041e \u043a\u043e\u043c\u043f\u0430\u043d\u0438\u0438"},"content":{"rendered":"<div class=\"wpb-content-wrapper\">[vc_row][vc_column width=&#187;1\/2&#8243;][vc_custom_heading text=&#187;AS Remet&#187; font_container=&#187;tag:h2|font_size:25px|text_align:left|color:%23265ea1|line_height:30px&#187; google_fonts=&#187;font_family:Roboto%3A100%2C100italic%2C300%2C300italic%2Cregular%2Citalic%2C500%2C500italic%2C700%2C700italic%2C900%2C900italic|font_style:700%20bold%20regular%3A700%3Anormal&#187; css=&#187;.vc_custom_1525682700044{margin-bottom: 20px !important;}&#187;][vc_column_text css=&#187;.vc_custom_1525682542714{margin-bottom: 45px !important;}&#187;]\u0418\u0441\u0442\u043e\u0440\u0438\u044f \u043a\u043e\u043c\u043f\u0430\u043d\u0438\u0438, AS Remet, \u0431\u0435\u0440\u0435\u0442 \u043d\u0430\u0447\u0430\u043b\u043e \u0441 1989 \u0433\u043e\u0434\u0443. \u041f\u0440\u0435\u0434\u043f\u0440\u0438\u044f\u0442\u0438\u0435 \u043d\u0435\u0441\u043c\u043e\u0442\u0440\u044f \u043d\u0430 \u044d\u043a\u043e\u043d\u043e\u043c\u0438\u0447\u0435\u0441\u043a\u0438\u0435 \u0441\u043f\u0430\u0434\u044b, \u0441\u043e\u0445\u0440\u0430\u043d\u0438\u043b\u043e \u0441\u0432\u043e\u044e \u0441\u0438\u043b\u0443, \u043e\u0441\u0442\u0430\u0432\u0430\u044f\u0441\u044c \u043d\u0430\u0434\u0435\u0436\u043d\u044b\u043c \u043f\u0430\u0440\u0442\u043d\u0435\u0440\u043e\u043c \u0434\u043b\u044f \u0441\u0432\u043e\u0438\u0445 \u043a\u043b\u0438\u0435\u043d\u0442\u043e\u0432.[\/vc_column_text][vc_custom_heading text=&#187;\u0423\u0441\u043b\u0443\u0433\u0438&#187; font_container=&#187;tag:h2|font_size:25px|text_align:left|color:%23265ea1|line_height:30px&#187; google_fonts=&#187;font_family:Roboto%3A100%2C100italic%2C300%2C300italic%2Cregular%2Citalic%2C500%2C500italic%2C700%2C700italic%2C900%2C900italic|font_style:700%20bold%20regular%3A700%3Anormal&#187; css=&#187;.vc_custom_1525682712043{margin-bottom: 20px !important;}&#187;][vc_column_text css=&#187;.vc_custom_1525682582836{margin-bottom: 45px !important;}&#187; el_class=&#187;bulletiga&#187;]\n<ul>\n<li>\u0413\u0435\u043d\u0435\u0440\u0430\u043b\u044c\u043d\u044b\u0439 \u0441\u0442\u0440\u043e\u0438\u0442\u0435\u043b\u044c\u043d\u044b\u0439 \u043f\u043e\u0434\u0440\u044f\u0434 \u0438 \u0443\u043f\u0440\u0430\u0432\u043b\u0435\u043d\u0438\u0435 \u043f\u0440\u043e\u0435\u043a\u0442\u043e\u043c<\/li>\n<li>\u041e\u0431\u0449\u0435\u0435 \u0441\u0442\u0440\u043e\u0438\u0442\u0435\u043b\u044c\u0441\u0442\u0432\u043e, \u0440\u0435\u043a\u043e\u043d\u0441\u0442\u0440\u0443\u043a\u0446\u0438\u044f, \u0440\u0435\u043c\u043e\u043d\u0442<\/li>\n<li>\u0412\u043e\u0441\u0441\u0442\u0430\u043d\u043e\u0432\u043b\u0435\u043d\u0438\u0435 \u0438 \u0440\u0435\u043c\u043e\u043d\u0442 \u043f\u0430\u043c\u044f\u0442\u043d\u0438\u043a\u043e\u0432 \u0430\u0440\u0445\u0438\u0442\u0435\u043a\u0442\u0443\u0440\u044b<\/li>\n<li>\u041f\u0440\u043e\u0435\u043a\u0442\u0438\u0440\u043e\u0432\u0430\u043d\u0438\u0435 \u0438 \u0434\u0438\u0437\u0430\u0439\u043d \u0438\u043d\u0442\u0435\u0440\u044c\u0435\u0440\u0430<\/li>\n<li>\u0420\u0430\u0441\u0447\u0435\u0442\u044b \u0438 \u0446\u0435\u043d\u043e\u0432\u044b\u0435 \u043f\u0440\u0435\u0434\u043b\u043e\u0436\u0435\u043d\u0438\u044f<\/li>\n<\/ul>\n[\/vc_column_text][\/vc_column][vc_column width=&#187;1\/2&#8243;][vc_custom_heading text=&#187;\u0423\u043f\u0440\u0430\u0432\u043b\u0435\u043d\u0438\u0435 \u0438 \u043a\u0430\u0447\u0435\u0441\u0442\u0432\u043e&#187; font_container=&#187;tag:h3|font_size:25px|text_align:left|color:%23265ea1|line_height:30px&#187; google_fonts=&#187;font_family:Roboto%3A100%2C100italic%2C300%2C300italic%2Cregular%2Citalic%2C500%2C500italic%2C700%2C700italic%2C900%2C900italic|font_style:700%20bold%20regular%3A700%3Anormal&#187; css=&#187;.vc_custom_1525682687922{margin-bottom: 20px !important;}&#187;][vc_column_text css=&#187;.vc_custom_1525682618786{margin-bottom: 20px !important;}&#187; el_class=&#187;bulletiga&#187;]\u041a\u043b\u044e\u0447\u0435\u0432\u044b\u043c \u0447\u0435\u043b\u043e\u0432\u0435\u043a\u043e\u043c \u0432 \u0441\u0442\u0440\u043e\u0438\u0442\u0435\u043b\u044c\u0441\u0442\u0432\u0435 \u044f\u0432\u043b\u044f\u0435\u0442\u0441\u044f \u0438\u043d\u0436\u0435\u043d\u0435\u0440. \u041d\u0430 \u043f\u0440\u0438\u0432\u043b\u0435\u0447\u0435\u043d\u0438\u0435 \u043a\u0432\u0430\u043b\u0438\u0444\u0438\u0446\u0438\u0440\u043e\u0432\u0430\u043d\u043d\u044b\u0445 \u0441\u043f\u0435\u0446\u0438\u0430\u043b\u0438\u0441\u0442\u043e\u0432 \u0438 \u043f\u043e\u0434\u0434\u0435\u0440\u0436\u0430\u043d\u0438\u044e \u0438\u0445 \u0437\u043d\u0430\u043d\u0438\u0439 \u043f\u0440\u0435\u0434\u043f\u0440\u0438\u044f\u0442\u0438\u0435 \u0432\u0441\u0435\u0433\u0434\u0430 \u0443\u0434\u0435\u043b\u044f\u043b\u043e \u043f\u043e\u0432\u044b\u0448\u0435\u043d\u043d\u043e\u0435 \u0432\u043d\u0438\u043c\u0430\u043d\u0438\u0435. \u041f\u043e\u0434\u0442\u0432\u0435\u0440\u0436\u0434\u0435\u043d\u0438\u0435\u043c \u0442\u0430\u043a\u043e\u0433\u043e \u043d\u0430\u043f\u0440\u0430\u0432\u043b\u0435\u043d\u0438\u044f \u044f\u0432\u043b\u044f\u044e\u0442\u0441\u044f \u0441\u0435\u0440\u0442\u0438\u0444\u0438\u043a\u0430\u0442\u044b \u0432\u044b\u0434\u0430\u043d\u043d\u044b\u0435 Lloyd&#8217;s Register Quality Assurance Ltd:[\/vc_column_text][vc_row_inner][vc_column_inner width=&#187;1\/2&#8243;][vc_column_text el_class=&#187;bulletiga&#187;]\n<ul>\n<li>ISO 9001:2015<\/li>\n<li>ISO 14001:2015<\/li>\n<li>ISO 45001:2018<\/li>\n<\/ul>\n[\/vc_column_text][\/vc_column_inner][vc_column_inner width=&#187;1\/2&#8243;][vc_single_image image=&#187;1272&#8243; img_size=&#187;100&#215;124&#8243;][\/vc_column_inner][\/vc_row_inner][vc_column_text css=&#187;.vc_custom_1526992877942{margin-top: 20px !important;margin-bottom: 45px !important;}&#187; el_class=&#187;bulletiga&#187;]\u041f\u0440\u0435\u0434\u043f\u0440\u0438\u044f\u0442\u0438\u0435 \u0442\u0430\u043a\u0436\u0435 \u0438\u043c\u0435\u0435\u0442 \u0440\u0430\u0437\u0440\u0435\u0448\u0435\u043d\u0438\u044f \u0432 \u0440\u0435\u0433\u0438\u0441\u0442\u0440\u0435 \u044d\u043a\u043e\u043d\u043e\u043c\u0438\u0447\u0435\u0441\u043a\u043e\u0439 \u0434\u0435\u044f\u0442\u0435\u043b\u044c\u043d\u043e\u0441\u0442\u0438 \u043d\u0430 \u043f\u0440\u043e\u0435\u043a\u0442\u0438\u0440\u043e\u0432\u0430\u043d\u0438\u0435 \u0438 \u0441\u0442\u0440\u043e\u0438\u0442\u0435\u043b\u044c\u0441\u0442\u0432\u043e, \u0432 \u0442\u043e\u043c \u0447\u0438\u0441\u043b\u0435 \u043b\u0438\u0446\u0435\u043d\u0437\u0438\u044e \u043e\u0442 \u0414\u0435\u043f\u0430\u0440\u0442\u0430\u043c\u0435\u043d\u0442\u0430 \u043f\u043e \u043e\u0445\u0440\u0430\u043d\u0435 \u043f\u0430\u043c\u044f\u0442\u043d\u0438\u043a\u043e\u0432 \u0441\u0442\u0430\u0440\u0438\u043d\u044b.[\/vc_column_text][\/vc_column][\/vc_row]\n<\/div>","protected":false},"excerpt":{"rendered":"<p>[vc_row][vc_column width=&#187;1\/2&#8243;][vc_custom_heading text=&#187;AS Remet&#187; font_container=&#187;tag:h2|font_size:25px|text_align:left|color:%23265ea1|line_height:30px&#187; google_fonts=&#187;font_family:Roboto%3A100%2C100italic%2C300%2C300italic%2Cregular%2Citalic%2C500%2C500italic%2C700%2C700italic%2C900%2C900italic|font_style:700%20bold%20regular%3A700%3Anormal&#187; css=&#187;.vc_custom_1525682700044{margin-bottom: 20px !important;}&#187;][vc_column_text css=&#187;.vc_custom_1525682542714{margin-bottom: 45px !important;}&#187;]\u0418\u0441\u0442\u043e\u0440\u0438\u044f \u043a\u043e\u043c\u043f\u0430\u043d\u0438\u0438, AS Remet, \u0431\u0435\u0440\u0435\u0442 \u043d\u0430\u0447\u0430\u043b\u043e \u0441 1989 \u0433\u043e\u0434\u0443. \u041f\u0440\u0435\u0434\u043f\u0440\u0438\u044f\u0442\u0438\u0435 \u043d\u0435\u0441\u043c\u043e\u0442\u0440\u044f \u043d\u0430 \u044d\u043a\u043e\u043d\u043e\u043c\u0438\u0447\u0435\u0441\u043a\u0438\u0435 \u0441\u043f\u0430\u0434\u044b, \u0441\u043e\u0445\u0440\u0430\u043d\u0438\u043b\u043e \u0441\u0432\u043e\u044e \u0441\u0438\u043b\u0443, \u043e\u0441\u0442\u0430\u0432\u0430\u044f\u0441\u044c \u043d\u0430\u0434\u0435\u0436\u043d\u044b\u043c \u043f\u0430\u0440\u0442\u043d\u0435\u0440\u043e\u043c \u0434\u043b\u044f \u0441\u0432\u043e\u0438\u0445 \u043a\u043b\u0438\u0435\u043d\u0442\u043e\u0432.[\/vc_column_text][vc_custom_heading text=&#187;\u0423\u0441\u043b\u0443\u0433\u0438&#187; font_container=&#187;tag:h2|font_size:25px|text_align:left|color:%23265ea1|line_height:30px&#187; google_fonts=&#187;font_family:Roboto%3A100%2C100italic%2C300%2C300italic%2Cregular%2Citalic%2C500%2C500italic%2C700%2C700italic%2C900%2C900italic|font_style:700%20bold%20regular%3A700%3Anormal&#187; css=&#187;.vc_custom_1525682712043{margin-bottom: 20px !important;}&#187;][vc_column_text css=&#187;.vc_custom_1525682582836{margin-bottom: 45px !important;}&#187; el_class=&#187;bulletiga&#187;] \u0413\u0435\u043d\u0435\u0440\u0430\u043b\u044c\u043d\u044b\u0439 \u0441\u0442\u0440\u043e\u0438\u0442\u0435\u043b\u044c\u043d\u044b\u0439 \u043f\u043e\u0434\u0440\u044f\u0434 \u0438 \u0443\u043f\u0440\u0430\u0432\u043b\u0435\u043d\u0438\u0435 \u043f\u0440\u043e\u0435\u043a\u0442\u043e\u043c \u041e\u0431\u0449\u0435\u0435 \u0441\u0442\u0440\u043e\u0438\u0442\u0435\u043b\u044c\u0441\u0442\u0432\u043e, \u0440\u0435\u043a\u043e\u043d\u0441\u0442\u0440\u0443\u043a\u0446\u0438\u044f, \u0440\u0435\u043c\u043e\u043d\u0442 \u0412\u043e\u0441\u0441\u0442\u0430\u043d\u043e\u0432\u043b\u0435\u043d\u0438\u0435&#8230;<\/p>\n","protected":false},"author":1,"featured_media":0,"parent":0,"menu_order":0,"comment_status":"closed","ping_status":"closed","template":"page-full-alam.php","meta":{"_acf_changed":false,"footnotes":""},"class_list":["post-719","page","type-page","status-publish","hentry"],"acf":[],"yoast_head":"<!-- This site is optimized with the Yoast SEO plugin v25.6 - https:\/\/yoast.com\/wordpress\/plugins\/seo\/ -->\n<title>REMET EHITUSETTEV\u00d5TE - \u041e \u043a\u043e\u043c\u043f\u0430\u043d\u0438\u0438 - AS Remet<\/title>\n<meta name=\"description\" content=\"Remet ehitus on ehitusettev\u00f5te, mis on loodud 1990. aastal. AS Remet pakub koos oma inseneridest koosneva meeskonnaga juhtimist ehituse peat\u00f6\u00f6v\u00f5tu meetodil k.a. projekteerimis-ehituse peat\u00f6\u00f6v\u00f5tt.\" \/>\n<meta name=\"robots\" content=\"index, follow, max-snippet:-1, max-image-preview:large, max-video-preview:-1\" \/>\n<link rel=\"canonical\" href=\"http:\/\/www.remet.ee\/ettevottest\/\" \/>\n<meta property=\"og:locale\" content=\"ru_RU\" \/>\n<meta property=\"og:type\" content=\"article\" \/>\n<meta property=\"og:title\" content=\"REMET EHITUSETTEV\u00d5TE - \u041e \u043a\u043e\u043c\u043f\u0430\u043d\u0438\u0438 - AS Remet\" \/>\n<meta property=\"og:description\" content=\"Remet ehitus on ehitusettev\u00f5te, mis on loodud 1990. aastal. AS Remet pakub koos oma inseneridest koosneva meeskonnaga juhtimist ehituse peat\u00f6\u00f6v\u00f5tu meetodil k.a. projekteerimis-ehituse peat\u00f6\u00f6v\u00f5tt.\" \/>\n<meta property=\"og:url\" content=\"http:\/\/www.remet.ee\/ettevottest\/\" \/>\n<meta property=\"og:site_name\" content=\"REMET EHITUSETTEV\u00d5TE\" \/>\n<meta property=\"article:modified_time\" content=\"2023-01-20T08:01:09+00:00\" \/>\n<meta name=\"twitter:card\" content=\"summary_large_image\" \/>\n<meta name=\"twitter:label1\" content=\"\u041f\u0440\u0438\u043c\u0435\u0440\u043d\u043e\u0435 \u0432\u0440\u0435\u043c\u044f \u0434\u043b\u044f \u0447\u0442\u0435\u043d\u0438\u044f\" \/>\n\t<meta name=\"twitter:data1\" content=\"1 \u043c\u0438\u043d\u0443\u0442\u0430\" \/>\n<script type=\"application\/ld+json\" class=\"yoast-schema-graph\">{\"@context\":\"https:\/\/schema.org\",\"@graph\":[{\"@type\":\"WebPage\",\"@id\":\"http:\/\/www.remet.ee\/ettevottest\/\",\"url\":\"http:\/\/www.remet.ee\/ettevottest\/\",\"name\":\"REMET EHITUSETTEV\u00d5TE - \u041e \u043a\u043e\u043c\u043f\u0430\u043d\u0438\u0438 - AS Remet\",\"isPartOf\":{\"@id\":\"http:\/\/www.remet.ee\/#website\"},\"datePublished\":\"2018-05-07T08:44:07+00:00\",\"dateModified\":\"2023-01-20T08:01:09+00:00\",\"description\":\"Remet ehitus on ehitusettev\u00f5te, mis on loodud 1990. aastal. AS Remet pakub koos oma inseneridest koosneva meeskonnaga juhtimist ehituse peat\u00f6\u00f6v\u00f5tu meetodil k.a. projekteerimis-ehituse peat\u00f6\u00f6v\u00f5tt.\",\"breadcrumb\":{\"@id\":\"http:\/\/www.remet.ee\/ettevottest\/#breadcrumb\"},\"inLanguage\":\"ru-RU\",\"potentialAction\":[{\"@type\":\"ReadAction\",\"target\":[\"http:\/\/www.remet.ee\/ettevottest\/\"]}]},{\"@type\":\"BreadcrumbList\",\"@id\":\"http:\/\/www.remet.ee\/ettevottest\/#breadcrumb\",\"itemListElement\":[{\"@type\":\"ListItem\",\"position\":1,\"name\":\"Home\",\"item\":\"http:\/\/www.remet.ee\/\"},{\"@type\":\"ListItem\",\"position\":2,\"name\":\"\u041e \u043a\u043e\u043c\u043f\u0430\u043d\u0438\u0438\"}]},{\"@type\":\"WebSite\",\"@id\":\"http:\/\/www.remet.ee\/#website\",\"url\":\"http:\/\/www.remet.ee\/\",\"name\":\"REMET EHITUSETTEV\u00d5TE\",\"description\":\"Ehitusettev\u00f5te Remet omab kogemust ehituses aastast 1989\",\"potentialAction\":[{\"@type\":\"SearchAction\",\"target\":{\"@type\":\"EntryPoint\",\"urlTemplate\":\"http:\/\/www.remet.ee\/?s={search_term_string}\"},\"query-input\":{\"@type\":\"PropertyValueSpecification\",\"valueRequired\":true,\"valueName\":\"search_term_string\"}}],\"inLanguage\":\"ru-RU\"}]}<\/script>\n<!-- \/ Yoast SEO plugin. -->","yoast_head_json":{"title":"REMET EHITUSETTEV\u00d5TE - \u041e \u043a\u043e\u043c\u043f\u0430\u043d\u0438\u0438 - AS Remet","description":"Remet ehitus on ehitusettev\u00f5te, mis on loodud 1990. aastal. AS Remet pakub koos oma inseneridest koosneva meeskonnaga juhtimist ehituse peat\u00f6\u00f6v\u00f5tu meetodil k.a. projekteerimis-ehituse peat\u00f6\u00f6v\u00f5tt.","robots":{"index":"index","follow":"follow","max-snippet":"max-snippet:-1","max-image-preview":"max-image-preview:large","max-video-preview":"max-video-preview:-1"},"canonical":"http:\/\/www.remet.ee\/ettevottest\/","og_locale":"ru_RU","og_type":"article","og_title":"REMET EHITUSETTEV\u00d5TE - \u041e \u043a\u043e\u043c\u043f\u0430\u043d\u0438\u0438 - AS Remet","og_description":"Remet ehitus on ehitusettev\u00f5te, mis on loodud 1990. aastal. AS Remet pakub koos oma inseneridest koosneva meeskonnaga juhtimist ehituse peat\u00f6\u00f6v\u00f5tu meetodil k.a. projekteerimis-ehituse peat\u00f6\u00f6v\u00f5tt.","og_url":"http:\/\/www.remet.ee\/ettevottest\/","og_site_name":"REMET EHITUSETTEV\u00d5TE","article_modified_time":"2023-01-20T08:01:09+00:00","twitter_card":"summary_large_image","twitter_misc":{"\u041f\u0440\u0438\u043c\u0435\u0440\u043d\u043e\u0435 \u0432\u0440\u0435\u043c\u044f \u0434\u043b\u044f \u0447\u0442\u0435\u043d\u0438\u044f":"1 \u043c\u0438\u043d\u0443\u0442\u0430"},"schema":{"@context":"https:\/\/schema.org","@graph":[{"@type":"WebPage","@id":"http:\/\/www.remet.ee\/ettevottest\/","url":"http:\/\/www.remet.ee\/ettevottest\/","name":"REMET EHITUSETTEV\u00d5TE - \u041e \u043a\u043e\u043c\u043f\u0430\u043d\u0438\u0438 - AS Remet","isPartOf":{"@id":"http:\/\/www.remet.ee\/#website"},"datePublished":"2018-05-07T08:44:07+00:00","dateModified":"2023-01-20T08:01:09+00:00","description":"Remet ehitus on ehitusettev\u00f5te, mis on loodud 1990. aastal. AS Remet pakub koos oma inseneridest koosneva meeskonnaga juhtimist ehituse peat\u00f6\u00f6v\u00f5tu meetodil k.a. projekteerimis-ehituse peat\u00f6\u00f6v\u00f5tt.","breadcrumb":{"@id":"http:\/\/www.remet.ee\/ettevottest\/#breadcrumb"},"inLanguage":"ru-RU","potentialAction":[{"@type":"ReadAction","target":["http:\/\/www.remet.ee\/ettevottest\/"]}]},{"@type":"BreadcrumbList","@id":"http:\/\/www.remet.ee\/ettevottest\/#breadcrumb","itemListElement":[{"@type":"ListItem","position":1,"name":"Home","item":"http:\/\/www.remet.ee\/"},{"@type":"ListItem","position":2,"name":"\u041e \u043a\u043e\u043c\u043f\u0430\u043d\u0438\u0438"}]},{"@type":"WebSite","@id":"http:\/\/www.remet.ee\/#website","url":"http:\/\/www.remet.ee\/","name":"REMET EHITUSETTEV\u00d5TE","description":"Ehitusettev\u00f5te Remet omab kogemust ehituses aastast 1989","potentialAction":[{"@type":"SearchAction","target":{"@type":"EntryPoint","urlTemplate":"http:\/\/www.remet.ee\/?s={search_term_string}"},"query-input":{"@type":"PropertyValueSpecification","valueRequired":true,"valueName":"search_term_string"}}],"inLanguage":"ru-RU"}]}},"_links":{"self":[{"href":"http:\/\/www.remet.ee\/ru\/wp-json\/wp\/v2\/pages\/719"}],"collection":[{"href":"http:\/\/www.remet.ee\/ru\/wp-json\/wp\/v2\/pages"}],"about":[{"href":"http:\/\/www.remet.ee\/ru\/wp-json\/wp\/v2\/types\/page"}],"author":[{"embeddable":true,"href":"http:\/\/www.remet.ee\/ru\/wp-json\/wp\/v2\/users\/1"}],"replies":[{"embeddable":true,"href":"http:\/\/www.remet.ee\/ru\/wp-json\/wp\/v2\/comments?post=719"}],"version-history":[{"count":7,"href":"http:\/\/www.remet.ee\/ru\/wp-json\/wp\/v2\/pages\/719\/revisions"}],"predecessor-version":[{"id":1275,"href":"http:\/\/www.remet.ee\/ru\/wp-json\/wp\/v2\/pages\/719\/revisions\/1275"}],"wp:attachment":[{"href":"http:\/\/www.remet.ee\/ru\/wp-json\/wp\/v2\/media?parent=719"}],"curies":[{"name":"wp","href":"https:\/\/api.w.org\/{rel}","templated":true}]}}