{"id":725,"date":"2018-05-07T11:47:17","date_gmt":"2018-05-07T08:47:17","guid":{"rendered":"http:\/\/www.remet.ee\/?page_id=725"},"modified":"2023-05-31T09:41:06","modified_gmt":"2023-05-31T06:41:06","slug":"%d1%80%d0%b0%d0%b7%d0%b2%d0%b8%d1%82%d0%b8%d0%b5-%d0%bd%d0%b5%d0%b4%d0%b2%d0%b8%d0%b6%d0%b8%d0%bc%d0%be%d1%81%d1%82%d0%b8","status":"publish","type":"page","link":"http:\/\/www.remet.ee\/ru\/%d1%80%d0%b0%d0%b7%d0%b2%d0%b8%d1%82%d0%b8%d0%b5-%d0%bd%d0%b5%d0%b4%d0%b2%d0%b8%d0%b6%d0%b8%d0%bc%d0%be%d1%81%d1%82%d0%b8\/","title":{"rendered":"\u041e\u0431\u044c\u0435\u043a\u0442\u044b \u0432 \u043f\u0440\u043e\u0434\u0430\u0436\u0435"},"content":{"rendered":"<div class=\"wpb-content-wrapper\">[vc_row el_class=&#187;kinnisvaraarenduse-plokk&#187;][vc_column width=&#187;1\/4&#8243;][vc_single_image image=&#187;1218&#8243; img_size=&#187;400&#215;300&#8243; add_caption=&#187;yes&#187; alignment=&#187;center&#187; onclick=&#187;img_link_large&#187;][vc_custom_heading text=&#187;Hane tn 4, Tallinn&#187; font_container=&#187;tag:h3|font_size:17px|text_align:center|line_height:22px&#187; use_theme_fonts=&#187;yes&#187;][vc_column_text]\n<p style=\"text-align: center;\">\u041c\u044b \u043f\u043e\u0441\u0442\u0440\u043e\u0438\u043b\u0438 \u043c\u043d\u043e\u0433\u043e\u043a\u0432\u0430\u0440\u0442\u0438\u0440\u043d\u044b\u0439 \u0434\u043e\u043c \u043d\u0430 40 \u043a\u0432\u0430\u0440\u0442\u0438\u0440 \u043f\u043e \u0430\u0434\u0440\u0435\u0441\u0443 Hane tn 4 \u0432 \u041a\u0440\u0438\u0441\u0442\u0438\u0439\u043d\u0435. \u0414\u043e\u043c \u043f\u043e\u0441\u0442\u0440\u043e\u0435\u043d \u0432 2023 \u0433\u043e\u0434\u0443, \u0432 \u0430\u0440\u0435\u043d\u0434\u0443 \u043f\u0440\u0435\u0434\u043b\u0430\u0433\u0430\u044e\u0442\u0441\u044f \u043f\u0440\u043e\u0441\u0442\u043e\u0440\u043d\u044b\u0435 2-4 \u043a\u043e\u043c\u043d\u0430\u0442\u043d\u044b\u0435 \u043a\u0432\u0430\u0440\u0442\u0438\u0440\u044b \u0441 \u043f\u0440\u043e\u0434\u0443\u043c\u0430\u043d\u043d\u044b\u043c\u0438 \u043f\u043b\u0430\u043d\u0438\u0440\u043e\u0432\u043a\u0430\u043c\u0438.<\/p>\n<p style=\"text-align: center;\">K\u043e\u043d\u0442\u0430\u043a\u0442:\u00a0<a href=\"mailto:marek@remet.ee\">marek@remet.ee<\/a> ,<\/p>\n<p style=\"text-align: center;\">+372 5342 8128<\/p>\n[\/vc_column_text][\/vc_column][vc_column width=&#187;1\/4&#8243;][vc_single_image image=&#187;1229&#8243; img_size=&#187;400&#215;300&#8243; add_caption=&#187;yes&#187; alignment=&#187;center&#187; onclick=&#187;img_link_large&#187;][vc_custom_heading text=&#187;Kaare tee 9, J\u00e4rvek\u00fcla &#187; font_container=&#187;tag:h3|font_size:17px|text_align:center|color:%230a0a0a|line_height:22px&#187; use_theme_fonts=&#187;yes&#187;][vc_column_text]\n<p style=\"text-align: center;\">\u0412 J\u00e4rvek\u00fcla \u043f\u043e \u0430\u0434\u0440\u0435\u0441\u0443 Kaare tee 9 \u0433\u043e\u0442\u043e\u0432 \u043a\u0430\u0447\u0435\u0441\u0442\u0432\u0435\u043d\u043d\u044b\u0439 \u0440\u044f\u0434\u043d\u044b\u0439 \u0434\u043e\u043c, \u043f\u043e\u0441\u0442\u0440\u043e\u0435\u043d\u043d\u044b\u0439 \u0432 \u043d\u043e\u044f\u0431\u0440\u0435 2021 \u0433\u043e\u0434\u0430. \u0411\u043e\u043a\u0441\u044b \u0438\u043c\u0435\u044e\u0442 \u0410 \u043a\u043b\u0430\u0441\u0441 \u044d\u043d\u0435\u0440\u0433\u043e\u0441\u0431\u0435\u0440\u0435\u0436\u0435\u043d\u0438\u044f \u0438 \u0443\u0436\u0435 \u0433\u043e\u0442\u043e\u0432\u044b \u0434\u043b\u044f \u0437\u0430\u0441\u0435\u043b\u0435\u043d\u0438\u044f. \u0423 \u043a\u0430\u0436\u0434\u043e\u0433\u043e \u0431\u043e\u043a\u0441\u0430 \u0441\u0432\u043e\u0439 \u043f\u0440\u043e\u0441\u0442\u043e\u0440\u043d\u044b\u0439 \u0443\u0447\u0430\u0441\u0442\u043e\u043a \u0437\u0435\u043c\u043b\u0438.<\/p>\n<p style=\"text-align: center;\">K\u043e\u043d\u0442\u0430\u043a\u0442:\u00a0<a href=\"mailto:marek@remet.ee\">marek@remet.ee<\/a> ,<\/p>\n<p style=\"text-align: center;\">+372 5342 8128<\/p>\n[\/vc_column_text][\/vc_column][vc_column width=&#187;1\/4&#8243;][vc_single_image image=&#187;986&#8243; img_size=&#187;400&#215;300&#8243; add_caption=&#187;yes&#187; alignment=&#187;center&#187; onclick=&#187;img_link_large&#187; img_link_target=&#187;_blank&#187;][vc_custom_heading text=&#187;Paepargi 50, Tallinn&#187; font_container=&#187;tag:h3|font_size:17px|text_align:center|color:%23000000|line_height:22px&#187; use_theme_fonts=&#187;yes&#187;][vc_column_text el_class=&#187;kinnisvaraarenduse-plokk-sisutekst&#187;]\n<p style=\"text-align: center;\">\u0412 \u0436\u0438\u043b\u043e\u043c Paepargi \u0440\u0430\u0439\u043e\u043d\u0435 \u043f\u043e\u0441\u0442\u043e\u0440\u043e\u0435\u043d\u044b \u043a\u0432\u0430\u0440\u0442\u0438\u0440\u043d\u044b\u0435 \u0434\u043e\u043c\u0430 \u043f\u043e \u0430\u0434\u0440\u0435\u0441\u0443 Paepargi 50\/1 \u0438 Paepargi 50\/2.<br \/>\n\u0414\u043e\u043c\u0430 \u0431\u044b\u043b\u0438 \u043f\u043e\u0441\u0442\u0440\u043e\u0435\u043d\u044b \u043b\u0435\u0442\u043e\u043c 2020 \u0433\u043e\u0434\u0430. \u0421\u0434\u0430\u0435\u043c \u0432 \u0430\u0440\u0435\u043d\u0434\u0443 2, 3 \u0438 4 \u043a\u043e\u043c\u043d\u0430\u0442\u043d\u044b\u0435 \u043a\u0432\u0430\u0440\u0442\u0438\u0440\u044b.<\/p>\n<p style=\"text-align: center;\">K\u043e\u043d\u0442\u0430\u043a\u0442:\u00a0<a href=\"mailto:marek@remet.ee\">marek@remet.ee<\/a><\/p>\n<p style=\"text-align: center;\">+372 5342 8128<\/p>\n[\/vc_column_text][\/vc_column][vc_column width=&#187;1\/4&#8243;][vc_single_image image=&#187;1107&#8243; img_size=&#187;400&#215;300&#8243; add_caption=&#187;yes&#187; alignment=&#187;center&#187; onclick=&#187;img_link_large&#187;][vc_custom_heading text=&#187;\u0423\u0447\u0430\u0441\u0442\u043a\u0438 \u043f\u043e\u0434 \u0441\u0442\u0440\u043e\u0438\u0442\u0435\u043b\u044c\u0441\u0442\u0432\u043e \u0438\u043d\u0434\u0438\u0432\u0438\u0434\u0443\u0430\u043b\u044c\u043d\u043e\u0433\u043e \u0434\u043e\u043c\u0430 Nurmenuku b Keila&#187; font_container=&#187;tag:h3|font_size:17px|text_align:center|line_height:22px&#187; use_theme_fonts=&#187;yes&#187;][vc_column_text]\n<p style=\"text-align: center;\">\u0423\u0447\u0430\u0441\u0442\u043a\u0438 \u043f\u043e\u0434 \u0441\u0442\u0440\u043e\u0438\u0442\u0435\u043b\u044c\u0441\u0442\u0432\u043e \u0438\u043d\u0434\u0438\u0432\u0438\u0434\u0443\u0430\u043b\u044c\u043d\u043e\u0433\u043e \u0434\u043e\u043c\u0430\u00a0Nurmenuku \u0432 \u041a\u0435\u0439\u043b\u0430.\u00a0\u0412 \u041a\u0435\u0439\u043b\u0430, \u0432 \u0436\u0438\u043b\u043e\u043c \u0440\u0430\u0439\u043e\u043d\u0435 \u00a0Nurmenuku \u0433\u043e\u0442\u043e\u0432\u044b 12 \u0443\u0447\u0430\u0441\u0442\u043a\u043e\u0432 \u043f\u043e\u0434 \u0441\u0442\u0440\u043e\u0438\u0442\u0435\u043b\u044c\u0441\u0442\u0432\u043e \u0438\u043d\u0434\u0438\u0432\u0438\u0434\u0443\u0430\u043b\u044c\u043d\u043e\u0433\u043e \u0434\u043e\u043c\u0430 \u0440\u0430\u0437\u043c\u0435\u0440\u043e\u043c \u043e\u0442 800 \u0434\u043e 1300 \u043c2.<\/p>\n<p style=\"text-align: center;\">K\u043e\u043d\u0442\u0430\u043a\u0442:\u00a0<a href=\"mailto:marek@remet.ee\">marek@remet.ee<\/a> ,<\/p>\n<p style=\"text-align: center;\">+372 5342 8128<\/p>\n[\/vc_column_text][\/vc_column][\/vc_row][vc_row css=&#187;.vc_custom_1520195536058{margin-top: 80px !important;margin-bottom: 30px !important;}&#187;][vc_column][vc_custom_heading text=&#187;\u0417\u0430\u0432\u0435\u0440\u0448\u0435\u043d\u043d\u044b\u0435 \u043f\u0440\u043e\u0435\u043a\u0442\u044b&#187; font_container=&#187;tag:h2|font_size:46px|text_align:center|color:%23235ca3|line_height:50px&#187; use_theme_fonts=&#187;yes&#187;][\/vc_column][\/vc_row][vc_row el_class=&#187;pealkirjad&#187;][vc_column width=&#187;1\/4&#8243;][vc_single_image image=&#187;80&#8243; img_size=&#187;400&#215;300&#8243; add_caption=&#187;yes&#187; alignment=&#187;center&#187; onclick=&#187;img_link_large&#187;][vc_custom_heading text=&#187;\u0416\u0438\u043b\u044b\u0435 \u0434\u043e\u043c\u0430 K\u00e4rneri 2\/4&#8243; font_container=&#187;tag:h3|font_size:17px|text_align:center|color:%23000000|line_height:22px&#187; use_theme_fonts=&#187;yes&#187;][\/vc_column][vc_column width=&#187;1\/4&#8243;][vc_single_image image=&#187;872&#8243; img_size=&#187;400&#215;300&#8243; add_caption=&#187;yes&#187; alignment=&#187;center&#187; onclick=&#187;img_link_large&#187;][vc_custom_heading text=&#187;\u0416\u0438\u043b\u044b\u0435 \u0434\u043e\u043c\u0430 Nelgi tee 5, Nelgi p\u00f5ik 1, H\u00fcatsindi tee 1, H\u00fcatsindi tee 2&#8243; font_container=&#187;tag:h3|font_size:17px|text_align:center|color:%23000000|line_height:22px&#187; use_theme_fonts=&#187;yes&#187;][\/vc_column][vc_column width=&#187;1\/4&#8243;][vc_single_image image=&#187;594&#8243; img_size=&#187;400&#215;300&#8243; add_caption=&#187;yes&#187; alignment=&#187;center&#187; onclick=&#187;img_link_large&#187;][vc_custom_heading text=&#187;\u0416\u0438\u043b\u044b\u0435 \u0434\u043e\u043c\u0430 K\u00e4rneri 6-1 ja K\u00e4rneri 6-2&#8243; font_container=&#187;tag:h3|font_size:17px|text_align:center|color:%23000000|line_height:22px&#187; use_theme_fonts=&#187;yes&#187;][\/vc_column][vc_column width=&#187;1\/4&#8243;][vc_single_image image=&#187;609&#8243; img_size=&#187;400&#215;300&#8243; add_caption=&#187;yes&#187; alignment=&#187;center&#187; onclick=&#187;img_link_large&#187;][vc_custom_heading text=&#187;\u0416\u0438\u043b\u044b\u0435 \u0434\u043e\u043c\u0430 K\u00e4rneri 5&#8243; font_container=&#187;tag:h3|font_size:17px|text_align:center|color:%23000000|line_height:22px&#187; use_theme_fonts=&#187;yes&#187;][\/vc_column][\/vc_row][vc_row el_class=&#187;pealkirjad&#187;][vc_column width=&#187;1\/4&#8243;][vc_single_image image=&#187;603&#8243; img_size=&#187;400&#215;300&#8243; add_caption=&#187;yes&#187; alignment=&#187;center&#187; onclick=&#187;img_link_large&#187;][vc_custom_heading text=&#187;\u0416\u0438\u043b\u043e\u0439 \u0434\u043e\u043c K\u00e4rneri 3&#8243; font_container=&#187;tag:h3|font_size:17px|text_align:center|color:%23000000|line_height:22px&#187; use_theme_fonts=&#187;yes&#187;][\/vc_column][vc_column width=&#187;1\/4&#8243;][vc_single_image image=&#187;597&#8243; img_size=&#187;400&#215;300&#8243; add_caption=&#187;yes&#187; alignment=&#187;center&#187; onclick=&#187;img_link_large&#187;][vc_custom_heading text=&#187;\u0416\u0438\u043b\u044b\u0435 \u0434\u043e\u043c\u0430 K\u00e4rneri 1&#8243; font_container=&#187;tag:h3|font_size:17px|text_align:center|color:%23000000|line_height:22px&#187; use_theme_fonts=&#187;yes&#187;][\/vc_column][vc_column width=&#187;1\/4&#8243;][vc_single_image image=&#187;81&#8243; img_size=&#187;400&#215;300&#8243; add_caption=&#187;yes&#187; alignment=&#187;center&#187; onclick=&#187;img_link_large&#187;][vc_custom_heading text=&#187;\u0416\u0438\u043b\u043e\u0439 \u0434\u043e\u043c Uus-Tatari 12&#8243; font_container=&#187;tag:h3|font_size:17px|text_align:center|color:%23000000|line_height:22px&#187; use_theme_fonts=&#187;yes&#187;][\/vc_column][vc_column width=&#187;1\/4&#8243;][vc_single_image image=&#187;606&#8243; img_size=&#187;400&#215;300&#8243; add_caption=&#187;yes&#187; alignment=&#187;center&#187; onclick=&#187;img_link_large&#187;][vc_custom_heading text=&#187;\u0416\u0438\u043b\u044b\u0435 \u0434\u043e\u043c\u0430 Vabaduse pst.185&#8243; font_container=&#187;tag:h3|font_size:17px|text_align:center|color:%23000000|line_height:22px&#187; use_theme_fonts=&#187;yes&#187;][\/vc_column][\/vc_row][vc_row el_class=&#187;pealkirjad&#187;][vc_column width=&#187;1\/4&#8243;][vc_single_image image=&#187;600&#8243; img_size=&#187;400&#215;300&#8243; add_caption=&#187;yes&#187; alignment=&#187;center&#187; onclick=&#187;img_link_large&#187;][vc_custom_heading text=&#187;\u0420\u044f\u0434\u043d\u044b\u0439 \u0434\u043e\u043c K\u00fclma tn 1&#8243; font_container=&#187;tag:h3|font_size:17px|text_align:center|color:%23000000|line_height:22px&#187; use_theme_fonts=&#187;yes&#187;][\/vc_column][vc_column width=&#187;1\/4&#8243;][vc_single_image image=&#187;615&#8243; img_size=&#187;400&#215;300&#8243; add_caption=&#187;yes&#187; alignment=&#187;center&#187; onclick=&#187;img_link_large&#187;][vc_custom_heading text=&#187;\u0416\u0438\u043b\u043e\u0439 \u0434\u043e\u043c Udeselja 4&#8243; font_container=&#187;tag:h3|font_size:17px|text_align:center|color:%23000000|line_height:22px&#187; use_theme_fonts=&#187;yes&#187;][\/vc_column][vc_column width=&#187;1\/4&#8243;][\/vc_column][vc_column width=&#187;1\/4&#8243;][\/vc_column][\/vc_row]\n<\/div>","protected":false},"excerpt":{"rendered":"<p>[vc_row el_class=&#187;kinnisvaraarenduse-plokk&#187;][vc_column width=&#187;1\/4&#8243;][vc_single_image image=&#187;1218&#8243; img_size=&#187;400&#215;300&#8243; add_caption=&#187;yes&#187; alignment=&#187;center&#187; onclick=&#187;img_link_large&#187;][vc_custom_heading text=&#187;Hane tn 4, Tallinn&#187; font_container=&#187;tag:h3|font_size:17px|text_align:center|line_height:22px&#187; use_theme_fonts=&#187;yes&#187;][vc_column_text] \u041c\u044b \u043f\u043e\u0441\u0442\u0440\u043e\u0438\u043b\u0438 \u043c\u043d\u043e\u0433\u043e\u043a\u0432\u0430\u0440\u0442\u0438\u0440\u043d\u044b\u0439 \u0434\u043e\u043c \u043d\u0430 40 \u043a\u0432\u0430\u0440\u0442\u0438\u0440 \u043f\u043e \u0430\u0434\u0440\u0435\u0441\u0443 Hane tn 4 \u0432 \u041a\u0440\u0438\u0441\u0442\u0438\u0439\u043d\u0435. \u0414\u043e\u043c \u043f\u043e\u0441\u0442\u0440\u043e\u0435\u043d \u0432 2023 \u0433\u043e\u0434\u0443, \u0432 \u0430\u0440\u0435\u043d\u0434\u0443 \u043f\u0440\u0435\u0434\u043b\u0430\u0433\u0430\u044e\u0442\u0441\u044f \u043f\u0440\u043e\u0441\u0442\u043e\u0440\u043d\u044b\u0435 2-4 \u043a\u043e\u043c\u043d\u0430\u0442\u043d\u044b\u0435 \u043a\u0432\u0430\u0440\u0442\u0438\u0440\u044b \u0441 \u043f\u0440\u043e\u0434\u0443\u043c\u0430\u043d\u043d\u044b\u043c\u0438 \u043f\u043b\u0430\u043d\u0438\u0440\u043e\u0432\u043a\u0430\u043c\u0438. K\u043e\u043d\u0442\u0430\u043a\u0442:\u00a0marek@remet.ee , +372 5342 8128 [\/vc_column_text][\/vc_column][vc_column width=&#187;1\/4&#8243;][vc_single_image image=&#187;1229&#8243; img_size=&#187;400&#215;300&#8243; add_caption=&#187;yes&#187; alignment=&#187;center&#187; onclick=&#187;img_link_large&#187;][vc_custom_heading&#8230;<\/p>\n","protected":false},"author":1,"featured_media":0,"parent":0,"menu_order":0,"comment_status":"closed","ping_status":"closed","template":"page-full-alam.php","meta":{"_acf_changed":false,"footnotes":""},"class_list":["post-725","page","type-page","status-publish","hentry"],"acf":[],"yoast_head":"<!-- This site is optimized with the Yoast SEO plugin v25.6 - https:\/\/yoast.com\/wordpress\/plugins\/seo\/ -->\n<title>REMET EHITUSETTEV\u00d5TE - \u041e\u0431\u044c\u0435\u043a\u0442\u044b \u0432 \u043f\u0440\u043e\u0434\u0430\u0436\u0435 - AS Remet<\/title>\n<meta name=\"description\" content=\"Remet ehitus on ehitusettev\u00f5te, mis on loodud 1990. aastal. AS Remet pakub koos oma inseneridest koosneva meeskonnaga juhtimist ehituse peat\u00f6\u00f6v\u00f5tu meetodil k.a. projekteerimis-ehituse peat\u00f6\u00f6v\u00f5tt.\" \/>\n<meta name=\"robots\" content=\"index, follow, max-snippet:-1, max-image-preview:large, max-video-preview:-1\" \/>\n<link rel=\"canonical\" href=\"http:\/\/www.remet.ee\/kinnisvaraarendus\/\" \/>\n<meta property=\"og:locale\" content=\"ru_RU\" \/>\n<meta property=\"og:type\" content=\"article\" \/>\n<meta property=\"og:title\" content=\"REMET EHITUSETTEV\u00d5TE - \u041e\u0431\u044c\u0435\u043a\u0442\u044b \u0432 \u043f\u0440\u043e\u0434\u0430\u0436\u0435 - AS Remet\" \/>\n<meta property=\"og:description\" content=\"Remet ehitus on ehitusettev\u00f5te, mis on loodud 1990. aastal. AS Remet pakub koos oma inseneridest koosneva meeskonnaga juhtimist ehituse peat\u00f6\u00f6v\u00f5tu meetodil k.a. projekteerimis-ehituse peat\u00f6\u00f6v\u00f5tt.\" \/>\n<meta property=\"og:url\" content=\"http:\/\/www.remet.ee\/kinnisvaraarendus\/\" \/>\n<meta property=\"og:site_name\" content=\"REMET EHITUSETTEV\u00d5TE\" \/>\n<meta property=\"article:modified_time\" content=\"2023-05-31T06:41:06+00:00\" \/>\n<meta name=\"twitter:card\" content=\"summary_large_image\" \/>\n<meta name=\"twitter:label1\" content=\"\u041f\u0440\u0438\u043c\u0435\u0440\u043d\u043e\u0435 \u0432\u0440\u0435\u043c\u044f \u0434\u043b\u044f \u0447\u0442\u0435\u043d\u0438\u044f\" \/>\n\t<meta name=\"twitter:data1\" content=\"4 \u043c\u0438\u043d\u0443\u0442\u044b\" \/>\n<script type=\"application\/ld+json\" class=\"yoast-schema-graph\">{\"@context\":\"https:\/\/schema.org\",\"@graph\":[{\"@type\":\"WebPage\",\"@id\":\"http:\/\/www.remet.ee\/kinnisvaraarendus\/\",\"url\":\"http:\/\/www.remet.ee\/kinnisvaraarendus\/\",\"name\":\"REMET EHITUSETTEV\u00d5TE - \u041e\u0431\u044c\u0435\u043a\u0442\u044b \u0432 \u043f\u0440\u043e\u0434\u0430\u0436\u0435 - AS Remet\",\"isPartOf\":{\"@id\":\"http:\/\/www.remet.ee\/#website\"},\"datePublished\":\"2018-05-07T08:47:17+00:00\",\"dateModified\":\"2023-05-31T06:41:06+00:00\",\"description\":\"Remet ehitus on ehitusettev\u00f5te, mis on loodud 1990. aastal. AS Remet pakub koos oma inseneridest koosneva meeskonnaga juhtimist ehituse peat\u00f6\u00f6v\u00f5tu meetodil k.a. projekteerimis-ehituse peat\u00f6\u00f6v\u00f5tt.\",\"breadcrumb\":{\"@id\":\"http:\/\/www.remet.ee\/kinnisvaraarendus\/#breadcrumb\"},\"inLanguage\":\"ru-RU\",\"potentialAction\":[{\"@type\":\"ReadAction\",\"target\":[\"http:\/\/www.remet.ee\/kinnisvaraarendus\/\"]}]},{\"@type\":\"BreadcrumbList\",\"@id\":\"http:\/\/www.remet.ee\/kinnisvaraarendus\/#breadcrumb\",\"itemListElement\":[{\"@type\":\"ListItem\",\"position\":1,\"name\":\"Home\",\"item\":\"http:\/\/www.remet.ee\/\"},{\"@type\":\"ListItem\",\"position\":2,\"name\":\"\u041e\u0431\u044c\u0435\u043a\u0442\u044b \u0432 \u043f\u0440\u043e\u0434\u0430\u0436\u0435\"}]},{\"@type\":\"WebSite\",\"@id\":\"http:\/\/www.remet.ee\/#website\",\"url\":\"http:\/\/www.remet.ee\/\",\"name\":\"REMET EHITUSETTEV\u00d5TE\",\"description\":\"Ehitusettev\u00f5te Remet omab kogemust ehituses aastast 1989\",\"potentialAction\":[{\"@type\":\"SearchAction\",\"target\":{\"@type\":\"EntryPoint\",\"urlTemplate\":\"http:\/\/www.remet.ee\/?s={search_term_string}\"},\"query-input\":{\"@type\":\"PropertyValueSpecification\",\"valueRequired\":true,\"valueName\":\"search_term_string\"}}],\"inLanguage\":\"ru-RU\"}]}<\/script>\n<!-- \/ Yoast SEO plugin. -->","yoast_head_json":{"title":"REMET EHITUSETTEV\u00d5TE - \u041e\u0431\u044c\u0435\u043a\u0442\u044b \u0432 \u043f\u0440\u043e\u0434\u0430\u0436\u0435 - AS Remet","description":"Remet ehitus on ehitusettev\u00f5te, mis on loodud 1990. aastal. AS Remet pakub koos oma inseneridest koosneva meeskonnaga juhtimist ehituse peat\u00f6\u00f6v\u00f5tu meetodil k.a. projekteerimis-ehituse peat\u00f6\u00f6v\u00f5tt.","robots":{"index":"index","follow":"follow","max-snippet":"max-snippet:-1","max-image-preview":"max-image-preview:large","max-video-preview":"max-video-preview:-1"},"canonical":"http:\/\/www.remet.ee\/kinnisvaraarendus\/","og_locale":"ru_RU","og_type":"article","og_title":"REMET EHITUSETTEV\u00d5TE - \u041e\u0431\u044c\u0435\u043a\u0442\u044b \u0432 \u043f\u0440\u043e\u0434\u0430\u0436\u0435 - AS Remet","og_description":"Remet ehitus on ehitusettev\u00f5te, mis on loodud 1990. aastal. AS Remet pakub koos oma inseneridest koosneva meeskonnaga juhtimist ehituse peat\u00f6\u00f6v\u00f5tu meetodil k.a. projekteerimis-ehituse peat\u00f6\u00f6v\u00f5tt.","og_url":"http:\/\/www.remet.ee\/kinnisvaraarendus\/","og_site_name":"REMET EHITUSETTEV\u00d5TE","article_modified_time":"2023-05-31T06:41:06+00:00","twitter_card":"summary_large_image","twitter_misc":{"\u041f\u0440\u0438\u043c\u0435\u0440\u043d\u043e\u0435 \u0432\u0440\u0435\u043c\u044f \u0434\u043b\u044f \u0447\u0442\u0435\u043d\u0438\u044f":"4 \u043c\u0438\u043d\u0443\u0442\u044b"},"schema":{"@context":"https:\/\/schema.org","@graph":[{"@type":"WebPage","@id":"http:\/\/www.remet.ee\/kinnisvaraarendus\/","url":"http:\/\/www.remet.ee\/kinnisvaraarendus\/","name":"REMET EHITUSETTEV\u00d5TE - \u041e\u0431\u044c\u0435\u043a\u0442\u044b \u0432 \u043f\u0440\u043e\u0434\u0430\u0436\u0435 - AS Remet","isPartOf":{"@id":"http:\/\/www.remet.ee\/#website"},"datePublished":"2018-05-07T08:47:17+00:00","dateModified":"2023-05-31T06:41:06+00:00","description":"Remet ehitus on ehitusettev\u00f5te, mis on loodud 1990. aastal. AS Remet pakub koos oma inseneridest koosneva meeskonnaga juhtimist ehituse peat\u00f6\u00f6v\u00f5tu meetodil k.a. projekteerimis-ehituse peat\u00f6\u00f6v\u00f5tt.","breadcrumb":{"@id":"http:\/\/www.remet.ee\/kinnisvaraarendus\/#breadcrumb"},"inLanguage":"ru-RU","potentialAction":[{"@type":"ReadAction","target":["http:\/\/www.remet.ee\/kinnisvaraarendus\/"]}]},{"@type":"BreadcrumbList","@id":"http:\/\/www.remet.ee\/kinnisvaraarendus\/#breadcrumb","itemListElement":[{"@type":"ListItem","position":1,"name":"Home","item":"http:\/\/www.remet.ee\/"},{"@type":"ListItem","position":2,"name":"\u041e\u0431\u044c\u0435\u043a\u0442\u044b \u0432 \u043f\u0440\u043e\u0434\u0430\u0436\u0435"}]},{"@type":"WebSite","@id":"http:\/\/www.remet.ee\/#website","url":"http:\/\/www.remet.ee\/","name":"REMET EHITUSETTEV\u00d5TE","description":"Ehitusettev\u00f5te Remet omab kogemust ehituses aastast 1989","potentialAction":[{"@type":"SearchAction","target":{"@type":"EntryPoint","urlTemplate":"http:\/\/www.remet.ee\/?s={search_term_string}"},"query-input":{"@type":"PropertyValueSpecification","valueRequired":true,"valueName":"search_term_string"}}],"inLanguage":"ru-RU"}]}},"_links":{"self":[{"href":"http:\/\/www.remet.ee\/ru\/wp-json\/wp\/v2\/pages\/725"}],"collection":[{"href":"http:\/\/www.remet.ee\/ru\/wp-json\/wp\/v2\/pages"}],"about":[{"href":"http:\/\/www.remet.ee\/ru\/wp-json\/wp\/v2\/types\/page"}],"author":[{"embeddable":true,"href":"http:\/\/www.remet.ee\/ru\/wp-json\/wp\/v2\/users\/1"}],"replies":[{"embeddable":true,"href":"http:\/\/www.remet.ee\/ru\/wp-json\/wp\/v2\/comments?post=725"}],"version-history":[{"count":48,"href":"http:\/\/www.remet.ee\/ru\/wp-json\/wp\/v2\/pages\/725\/revisions"}],"predecessor-version":[{"id":1297,"href":"http:\/\/www.remet.ee\/ru\/wp-json\/wp\/v2\/pages\/725\/revisions\/1297"}],"wp:attachment":[{"href":"http:\/\/www.remet.ee\/ru\/wp-json\/wp\/v2\/media?parent=725"}],"curies":[{"name":"wp","href":"https:\/\/api.w.org\/{rel}","templated":true}]}}