{"id":730,"date":"2018-05-07T11:51:56","date_gmt":"2018-05-07T08:51:56","guid":{"rendered":"http:\/\/www.remet.ee\/?page_id=730"},"modified":"2018-05-07T11:51:56","modified_gmt":"2018-05-07T08:51:56","slug":"%d0%b2%d1%8b%d0%bf%d0%be%d0%bb%d0%bd%d0%b5%d0%bd%d0%bd%d1%8b%d0%b5-%d0%bf%d1%80%d0%be%d0%b5%d0%ba%d1%82%d1%8b","status":"publish","type":"page","link":"http:\/\/www.remet.ee\/ru\/%d0%b2%d1%8b%d0%bf%d0%be%d0%bb%d0%bd%d0%b5%d0%bd%d0%bd%d1%8b%d0%b5-%d0%bf%d1%80%d0%be%d0%b5%d0%ba%d1%82%d1%8b\/","title":{"rendered":"\u0412\u044b\u043f\u043e\u043b\u043d\u0435\u043d\u043d\u044b\u0435 \u043f\u0440\u043e\u0435\u043a\u0442\u044b"},"content":{"rendered":"<div class=\"wpb-content-wrapper\">[vc_row][vc_column][vc_raw_html]JTVCdG9vZCUyMGlkJTNEMTI4JTVE[\/vc_raw_html][\/vc_column][\/vc_row]\n<\/div>","protected":false},"excerpt":{"rendered":"<p>[vc_row][vc_column][vc_raw_html]JTVCdG9vZCUyMGlkJTNEMTI4JTVE[\/vc_raw_html][\/vc_column][\/vc_row]<\/p>\n","protected":false},"author":1,"featured_media":0,"parent":0,"menu_order":0,"comment_status":"closed","ping_status":"closed","template":"page.php","meta":{"_acf_changed":false,"footnotes":""},"class_list":["post-730","page","type-page","status-publish","hentry"],"acf":[],"yoast_head":"<!-- This site is optimized with the Yoast SEO plugin v25.6 - https:\/\/yoast.com\/wordpress\/plugins\/seo\/ -->\n<title>REMET EHITUSETTEV\u00d5TE - \u0412\u044b\u043f\u043e\u043b\u043d\u0435\u043d\u043d\u044b\u0435 \u043f\u0440\u043e\u0435\u043a\u0442\u044b - AS Remet<\/title>\n<meta name=\"description\" content=\"Remet ehitus on ehitusettev\u00f5te, mis on loodud 1990. aastal. AS Remet pakub koos oma inseneridest koosneva meeskonnaga juhtimist ehituse peat\u00f6\u00f6v\u00f5tu meetodil k.a. projekteerimis-ehituse peat\u00f6\u00f6v\u00f5tt.\" \/>\n<meta name=\"robots\" content=\"index, follow, max-snippet:-1, max-image-preview:large, max-video-preview:-1\" \/>\n<link rel=\"canonical\" href=\"http:\/\/www.remet.ee\/tehtud-tood\/\" \/>\n<meta property=\"og:locale\" content=\"ru_RU\" \/>\n<meta property=\"og:type\" content=\"article\" \/>\n<meta property=\"og:title\" content=\"REMET EHITUSETTEV\u00d5TE - \u0412\u044b\u043f\u043e\u043b\u043d\u0435\u043d\u043d\u044b\u0435 \u043f\u0440\u043e\u0435\u043a\u0442\u044b - AS Remet\" \/>\n<meta property=\"og:description\" content=\"Remet ehitus on ehitusettev\u00f5te, mis on loodud 1990. aastal. AS Remet pakub koos oma inseneridest koosneva meeskonnaga juhtimist ehituse peat\u00f6\u00f6v\u00f5tu meetodil k.a. projekteerimis-ehituse peat\u00f6\u00f6v\u00f5tt.\" \/>\n<meta property=\"og:url\" content=\"http:\/\/www.remet.ee\/tehtud-tood\/\" \/>\n<meta property=\"og:site_name\" content=\"REMET EHITUSETTEV\u00d5TE\" \/>\n<meta name=\"twitter:card\" content=\"summary_large_image\" \/>\n<script type=\"application\/ld+json\" class=\"yoast-schema-graph\">{\"@context\":\"https:\/\/schema.org\",\"@graph\":[{\"@type\":\"WebPage\",\"@id\":\"http:\/\/www.remet.ee\/tehtud-tood\/\",\"url\":\"http:\/\/www.remet.ee\/tehtud-tood\/\",\"name\":\"REMET EHITUSETTEV\u00d5TE - \u0412\u044b\u043f\u043e\u043b\u043d\u0435\u043d\u043d\u044b\u0435 \u043f\u0440\u043e\u0435\u043a\u0442\u044b - AS Remet\",\"isPartOf\":{\"@id\":\"http:\/\/www.remet.ee\/#website\"},\"datePublished\":\"2018-05-07T08:51:56+00:00\",\"description\":\"Remet ehitus on ehitusettev\u00f5te, mis on loodud 1990. aastal. AS Remet pakub koos oma inseneridest koosneva meeskonnaga juhtimist ehituse peat\u00f6\u00f6v\u00f5tu meetodil k.a. projekteerimis-ehituse peat\u00f6\u00f6v\u00f5tt.\",\"breadcrumb\":{\"@id\":\"http:\/\/www.remet.ee\/tehtud-tood\/#breadcrumb\"},\"inLanguage\":\"ru-RU\",\"potentialAction\":[{\"@type\":\"ReadAction\",\"target\":[\"http:\/\/www.remet.ee\/tehtud-tood\/\"]}]},{\"@type\":\"BreadcrumbList\",\"@id\":\"http:\/\/www.remet.ee\/tehtud-tood\/#breadcrumb\",\"itemListElement\":[{\"@type\":\"ListItem\",\"position\":1,\"name\":\"Home\",\"item\":\"http:\/\/www.remet.ee\/\"},{\"@type\":\"ListItem\",\"position\":2,\"name\":\"\u0412\u044b\u043f\u043e\u043b\u043d\u0435\u043d\u043d\u044b\u0435 \u043f\u0440\u043e\u0435\u043a\u0442\u044b\"}]},{\"@type\":\"WebSite\",\"@id\":\"http:\/\/www.remet.ee\/#website\",\"url\":\"http:\/\/www.remet.ee\/\",\"name\":\"REMET EHITUSETTEV\u00d5TE\",\"description\":\"Ehitusettev\u00f5te Remet omab kogemust ehituses aastast 1989\",\"potentialAction\":[{\"@type\":\"SearchAction\",\"target\":{\"@type\":\"EntryPoint\",\"urlTemplate\":\"http:\/\/www.remet.ee\/?s={search_term_string}\"},\"query-input\":{\"@type\":\"PropertyValueSpecification\",\"valueRequired\":true,\"valueName\":\"search_term_string\"}}],\"inLanguage\":\"ru-RU\"}]}<\/script>\n<!-- \/ Yoast SEO plugin. -->","yoast_head_json":{"title":"REMET EHITUSETTEV\u00d5TE - \u0412\u044b\u043f\u043e\u043b\u043d\u0435\u043d\u043d\u044b\u0435 \u043f\u0440\u043e\u0435\u043a\u0442\u044b - AS Remet","description":"Remet ehitus on ehitusettev\u00f5te, mis on loodud 1990. aastal. AS Remet pakub koos oma inseneridest koosneva meeskonnaga juhtimist ehituse peat\u00f6\u00f6v\u00f5tu meetodil k.a. projekteerimis-ehituse peat\u00f6\u00f6v\u00f5tt.","robots":{"index":"index","follow":"follow","max-snippet":"max-snippet:-1","max-image-preview":"max-image-preview:large","max-video-preview":"max-video-preview:-1"},"canonical":"http:\/\/www.remet.ee\/tehtud-tood\/","og_locale":"ru_RU","og_type":"article","og_title":"REMET EHITUSETTEV\u00d5TE - \u0412\u044b\u043f\u043e\u043b\u043d\u0435\u043d\u043d\u044b\u0435 \u043f\u0440\u043e\u0435\u043a\u0442\u044b - AS Remet","og_description":"Remet ehitus on ehitusettev\u00f5te, mis on loodud 1990. aastal. AS Remet pakub koos oma inseneridest koosneva meeskonnaga juhtimist ehituse peat\u00f6\u00f6v\u00f5tu meetodil k.a. projekteerimis-ehituse peat\u00f6\u00f6v\u00f5tt.","og_url":"http:\/\/www.remet.ee\/tehtud-tood\/","og_site_name":"REMET EHITUSETTEV\u00d5TE","twitter_card":"summary_large_image","schema":{"@context":"https:\/\/schema.org","@graph":[{"@type":"WebPage","@id":"http:\/\/www.remet.ee\/tehtud-tood\/","url":"http:\/\/www.remet.ee\/tehtud-tood\/","name":"REMET EHITUSETTEV\u00d5TE - \u0412\u044b\u043f\u043e\u043b\u043d\u0435\u043d\u043d\u044b\u0435 \u043f\u0440\u043e\u0435\u043a\u0442\u044b - AS Remet","isPartOf":{"@id":"http:\/\/www.remet.ee\/#website"},"datePublished":"2018-05-07T08:51:56+00:00","description":"Remet ehitus on ehitusettev\u00f5te, mis on loodud 1990. aastal. AS Remet pakub koos oma inseneridest koosneva meeskonnaga juhtimist ehituse peat\u00f6\u00f6v\u00f5tu meetodil k.a. projekteerimis-ehituse peat\u00f6\u00f6v\u00f5tt.","breadcrumb":{"@id":"http:\/\/www.remet.ee\/tehtud-tood\/#breadcrumb"},"inLanguage":"ru-RU","potentialAction":[{"@type":"ReadAction","target":["http:\/\/www.remet.ee\/tehtud-tood\/"]}]},{"@type":"BreadcrumbList","@id":"http:\/\/www.remet.ee\/tehtud-tood\/#breadcrumb","itemListElement":[{"@type":"ListItem","position":1,"name":"Home","item":"http:\/\/www.remet.ee\/"},{"@type":"ListItem","position":2,"name":"\u0412\u044b\u043f\u043e\u043b\u043d\u0435\u043d\u043d\u044b\u0435 \u043f\u0440\u043e\u0435\u043a\u0442\u044b"}]},{"@type":"WebSite","@id":"http:\/\/www.remet.ee\/#website","url":"http:\/\/www.remet.ee\/","name":"REMET EHITUSETTEV\u00d5TE","description":"Ehitusettev\u00f5te Remet omab kogemust ehituses aastast 1989","potentialAction":[{"@type":"SearchAction","target":{"@type":"EntryPoint","urlTemplate":"http:\/\/www.remet.ee\/?s={search_term_string}"},"query-input":{"@type":"PropertyValueSpecification","valueRequired":true,"valueName":"search_term_string"}}],"inLanguage":"ru-RU"}]}},"_links":{"self":[{"href":"http:\/\/www.remet.ee\/ru\/wp-json\/wp\/v2\/pages\/730"}],"collection":[{"href":"http:\/\/www.remet.ee\/ru\/wp-json\/wp\/v2\/pages"}],"about":[{"href":"http:\/\/www.remet.ee\/ru\/wp-json\/wp\/v2\/types\/page"}],"author":[{"embeddable":true,"href":"http:\/\/www.remet.ee\/ru\/wp-json\/wp\/v2\/users\/1"}],"replies":[{"embeddable":true,"href":"http:\/\/www.remet.ee\/ru\/wp-json\/wp\/v2\/comments?post=730"}],"version-history":[{"count":2,"href":"http:\/\/www.remet.ee\/ru\/wp-json\/wp\/v2\/pages\/730\/revisions"}],"predecessor-version":[{"id":732,"href":"http:\/\/www.remet.ee\/ru\/wp-json\/wp\/v2\/pages\/730\/revisions\/732"}],"wp:attachment":[{"href":"http:\/\/www.remet.ee\/ru\/wp-json\/wp\/v2\/media?parent=730"}],"curies":[{"name":"wp","href":"https:\/\/api.w.org\/{rel}","templated":true}]}}