{"id":742,"date":"2018-05-07T11:53:44","date_gmt":"2018-05-07T08:53:44","guid":{"rendered":"http:\/\/www.remet.ee\/?page_id=742"},"modified":"2018-05-07T12:34:36","modified_gmt":"2018-05-07T09:34:36","slug":"%d0%b1%d1%8e%d1%80%d0%be-%d0%b8-%d0%bf%d1%80%d0%be%d0%b8%d0%b7%d0%b2%d0%be%d0%b4%d1%81%d1%82%d0%b2%d0%b5%d0%bd%d0%bd%d1%8b%d0%b5-%d0%b7%d0%b4%d0%b0%d0%bd%d0%b8%d1%8f","status":"publish","type":"page","link":"http:\/\/www.remet.ee\/ru\/%d0%b2%d1%8b%d0%bf%d0%be%d0%bb%d0%bd%d0%b5%d0%bd%d0%bd%d1%8b%d0%b5-%d0%bf%d1%80%d0%be%d0%b5%d0%ba%d1%82%d1%8b\/%d0%b1%d1%8e%d1%80%d0%be-%d0%b8-%d0%bf%d1%80%d0%be%d0%b8%d0%b7%d0%b2%d0%be%d0%b4%d1%81%d1%82%d0%b2%d0%b5%d0%bd%d0%bd%d1%8b%d0%b5-%d0%b7%d0%b4%d0%b0%d0%bd%d0%b8%d1%8f\/","title":{"rendered":"\u0411\u044e\u0440\u043e \u0438 \u043f\u0440\u043e\u0438\u0437\u0432\u043e\u0434\u0441\u0442\u0432\u0435\u043d\u043d\u044b\u0435 \u0437\u0434\u0430\u043d\u0438\u044f"},"content":{"rendered":"<div class=\"gallery-wrap\"><div class=\"gallery-image-container\"><a class=\"gallery_picture\" href=\"http:\/\/www.remet.ee\/wp-content\/uploads\/2018\/04\/1-2009.1-Maa-ameti-arhiivihoone-ehitusto\u0308o\u0308d.jpg\" data-fancybox=\"gallery-338\"><div class=\"gallery_picture-wrap\"><img decoding=\"async\" src=\"http:\/\/www.remet.ee\/wp-content\/uploads\/2018\/04\/1-2009.1-Maa-ameti-arhiivihoone-ehitusto\u0308o\u0308d-271x198.jpg\" \/><h3 class=\"gallery-title\">\u0421\u0442\u0440\u043e\u0438\u0442\u0435\u043b\u044c\u043d\u044b\u0435 \u0440\u0430\u0431\u043e\u0442\u044b \u0430\u0440\u0445\u0438\u0432\u043d\u043e\u0433\u043e \u0437\u0434\u0430\u043d\u0438\u044f \u0417\u0435\u043c\u0435\u043b\u044c\u043d\u043e\u0433\u043e \u0434\u0435\u043f\u0430\u0440\u0442\u0430\u043c\u0435\u043d\u0442\u0430<\/h3><\/div><\/a><a class=\"gallery_picture\" href=\"http:\/\/www.remet.ee\/wp-content\/uploads\/2018\/04\/2-2003.8-AS-Polimoon-tootmishoone-ehitusto\u0308o\u0308d.jpg\" data-fancybox=\"gallery-338\"><div class=\"gallery_picture-wrap\"><img decoding=\"async\" src=\"http:\/\/www.remet.ee\/wp-content\/uploads\/2018\/04\/2-2003.8-AS-Polimoon-tootmishoone-ehitusto\u0308o\u0308d-271x198.jpg\" \/><h3 class=\"gallery-title\">\u041f\u0440\u043e\u0438\u0437\u0432\u043e\u0434\u0441\u0442\u0432\u0435\u043d\u043d\u043e\u0435 \u0437\u0434\u0430\u043d\u0438\u0435 AS Polimoon<\/h3><\/div><\/a><a class=\"gallery_picture\" href=\"http:\/\/www.remet.ee\/wp-content\/uploads\/2018\/04\/3-2010.3.-Kalato\u0308o\u0308stuse-ku\u0308lmhoone-ehitusto\u0308o\u0308d.jpg\" data-fancybox=\"gallery-338\"><div class=\"gallery_picture-wrap\"><img decoding=\"async\" src=\"http:\/\/www.remet.ee\/wp-content\/uploads\/2018\/04\/3-2010.3.-Kalato\u0308o\u0308stuse-ku\u0308lmhoone-ehitusto\u0308o\u0308d-271x198.jpg\" \/><h3 class=\"gallery-title\">\u041f\u0440\u043e\u0438\u0437\u0432\u043e\u0434\u0441\u0442\u0432\u0435\u043d\u043d\u043e\u0435 \u0437\u0434\u0430\u043d\u0438\u0435 \u0440\u044b\u0431\u043d\u043e\u0439 \u043f\u0440\u043e\u043c\u044b\u0448\u043b\u0435\u043d\u043d\u043e\u0441\u0442\u0438 Paldiski<\/h3><\/div><\/a><a class=\"gallery_picture\" href=\"http:\/\/www.remet.ee\/wp-content\/uploads\/2018\/04\/4-2000.1-Narva-jaama-tehnilise-ja-teenindushoone-ehitusto\u0308o\u0308d.png\" data-fancybox=\"gallery-338\"><div class=\"gallery_picture-wrap\"><img decoding=\"async\" src=\"http:\/\/www.remet.ee\/wp-content\/uploads\/2018\/04\/4-2000.1-Narva-jaama-tehnilise-ja-teenindushoone-ehitusto\u0308o\u0308d-271x198.png\" \/><h3 class=\"gallery-title\">\u0421\u0442\u043e\u0440\u043e\u0438\u0442\u0435\u043b\u044c\u043d\u044b\u0435 \u0440\u0430\u0431\u043e\u0442\u044b \u0430\u0434\u043c\u0438\u043d\u0438\u0441\u0442\u0440\u0430\u0442\u0438\u0432\u043d\u043e\u0433\u043e \u0437\u0434\u0430\u043d\u0438\u044f \u041d\u0430\u0440\u0432\u0441\u043a\u043e\u0439 \u0441\u0442\u0430\u043d\u0446\u0438\u0438<\/h3><\/div><\/a><a class=\"gallery_picture\" href=\"http:\/\/www.remet.ee\/wp-content\/uploads\/2018\/04\/5-2002.1-Kaablimontaaz\u030ci-tehase-ehitusto\u0308o\u0308d.jpg\" data-fancybox=\"gallery-338\"><div class=\"gallery_picture-wrap\"><img decoding=\"async\" src=\"http:\/\/www.remet.ee\/wp-content\/uploads\/2018\/04\/5-2002.1-Kaablimontaaz\u030ci-tehase-ehitusto\u0308o\u0308d-271x198.jpg\" \/><h3 class=\"gallery-title\">\u0421\u0442\u043e\u0440\u043e\u0438\u0442\u0435\u043b\u044c\u043d\u044b\u0435 \u0440\u0430\u0431\u043e\u0442\u044b \u0437\u0430\u0432\u043e\u0434\u0430 \u043f\u043e \u043c\u043e\u043d\u0442\u0430\u0436\u0443 \u043a\u0430\u0431\u0435\u043b\u0435\u0439<\/h3><\/div><\/a><a class=\"gallery_picture\" href=\"http:\/\/www.remet.ee\/wp-content\/uploads\/2018\/04\/6-...-Botaanikaaia-juurdeehitus.jpg\" data-fancybox=\"gallery-338\"><div class=\"gallery_picture-wrap\"><img decoding=\"async\" src=\"http:\/\/www.remet.ee\/wp-content\/uploads\/2018\/04\/6-...-Botaanikaaia-juurdeehitus-271x198.jpg\" \/><h3 class=\"gallery-title\">\u0421\u0442\u043e\u0440\u043e\u0438\u0442\u0435\u043b\u044c\u043d\u044b\u0435 \u0440\u0430\u0431\u043e\u0442\u044b \u0411\u043e\u0442\u0430\u043d\u0438\u0447\u0435\u0441\u043a\u043e\u0433\u043e \u0441\u0430\u0434\u0430<\/h3><\/div><\/a><a class=\"gallery_picture\" href=\"http:\/\/www.remet.ee\/wp-content\/uploads\/2018\/04\/7-2003.13-Susi-buroohoone-juurdeehitus-rekonstrueerimisto\u0308o\u0308d.jpg\" data-fancybox=\"gallery-338\"><div class=\"gallery_picture-wrap\"><img decoding=\"async\" src=\"http:\/\/www.remet.ee\/wp-content\/uploads\/2018\/04\/7-2003.13-Susi-buroohoone-juurdeehitus-rekonstrueerimisto\u0308o\u0308d-271x198.jpg\" \/><h3 class=\"gallery-title\">\u0420\u0435\u043a\u043e\u043d\u0441\u0442\u0440\u0443\u043a\u0446\u0438\u044f \u0437\u0434\u0430\u043d\u0438\u044f \u0431\u044e\u0440\u043e Susi \u0438 \u0441\u0442\u0440\u043e\u0438\u0442\u0435\u043b\u044c\u0441\u0442\u0432\u043e \u043f\u0440\u0438\u0441\u0442\u0440\u043e\u0439\u043a\u0438<\/h3><\/div><\/a><a class=\"gallery_picture\" href=\"http:\/\/www.remet.ee\/wp-content\/uploads\/2018\/04\/8-2015.1-Endla-8-bu\u0308roohoone-remontto\u0308o\u0308d.jpg\" data-fancybox=\"gallery-338\"><div class=\"gallery_picture-wrap\"><img decoding=\"async\" src=\"http:\/\/www.remet.ee\/wp-content\/uploads\/2018\/04\/8-2015.1-Endla-8-bu\u0308roohoone-remontto\u0308o\u0308d-271x198.jpg\" \/><h3 class=\"gallery-title\">\u0421\u0442\u043e\u0440\u043e\u0438\u0442\u0435\u043b\u044c\u043d\u044b\u0435 \u0440\u0430\u0431\u043e\u0442\u044b  \u0437\u0434\u0430\u043d\u0438\u044f \u0431\u044e\u0440\u043e \u043d\u0430 Endla 8 <\/h3><\/div><\/a><a class=\"gallery_picture\" href=\"http:\/\/www.remet.ee\/wp-content\/uploads\/2018\/04\/9-2015.4-RIKS-seadmemajutlate-ehitusto\u0308o\u0308d.jpg\" data-fancybox=\"gallery-338\"><div class=\"gallery_picture-wrap\"><img decoding=\"async\" src=\"http:\/\/www.remet.ee\/wp-content\/uploads\/2018\/04\/9-2015.4-RIKS-seadmemajutlate-ehitusto\u0308o\u0308d-271x198.jpg\" \/><h3 class=\"gallery-title\">\u0421\u0442\u043e\u0440\u043e\u0438\u0442\u0435\u043b\u044c\u043d\u044b\u0435 \u0440\u0430\u0431\u043e\u0442\u044b \u0442\u0435\u0445\u043d\u0438\u0447\u0435\u0441\u043a\u043e\u0433\u043e \u043f\u043e\u043c\u0435\u0449\u0435\u043d\u0438\u044f \u0432 \u0413\u043e\u0441\u0443\u0434\u0430\u0440\u0441\u0442\u0432\u0435\u043d\u043d\u043e\u043c \u0438\u043d\u0444\u043e\u043a\u043e\u043c\u043c\u0443\u043d\u0438\u043a\u0430\u0446\u0438\u043e\u043d\u043d\u043e\u043c \u0446\u0435\u043b\u0435\u0432\u043e\u043c \u0443\u0447\u0440\u0435\u0436\u0434\u0435\u043d\u0438\u0438<\/h3><\/div><\/a><a class=\"gallery_picture\" href=\"http:\/\/www.remet.ee\/wp-content\/uploads\/2018\/04\/10-2003.6-Sadama-4-bu\u0308roohoone-u\u0308mberehitusto\u0308o\u0308d.jpg\" data-fancybox=\"gallery-338\"><div class=\"gallery_picture-wrap\"><img decoding=\"async\" src=\"http:\/\/www.remet.ee\/wp-content\/uploads\/2018\/04\/10-2003.6-Sadama-4-bu\u0308roohoone-u\u0308mberehitusto\u0308o\u0308d-271x198.jpg\" \/><h3 class=\"gallery-title\">\u0421\u0442\u043e\u0440\u043e\u0438\u0442\u0435\u043b\u044c\u043d\u044b\u0435 \u0440\u0430\u0431\u043e\u0442\u044b \u043f\u043e \u043f\u0435\u0440\u0435\u0434\u0435\u043b\u043a\u0435 \u0437\u0434\u0430\u043d\u0438\u044f \u0431\u044e\u0440\u043e \u043d\u0430 Sadama 4<\/h3><\/div><\/a><a class=\"gallery_picture\" href=\"http:\/\/www.remet.ee\/wp-content\/uploads\/2018\/04\/11-2000.15-AS-Lacto-lao-kontorihoone-ehitusto\u0308o\u0308d.jpg\" data-fancybox=\"gallery-338\"><div class=\"gallery_picture-wrap\"><img decoding=\"async\" src=\"http:\/\/www.remet.ee\/wp-content\/uploads\/2018\/04\/11-2000.15-AS-Lacto-lao-kontorihoone-ehitusto\u0308o\u0308d-271x198.jpg\" \/><h3 class=\"gallery-title\">\u0421\u0442\u043e\u0440\u043e\u0438\u0442\u0435\u043b\u044c\u043d\u044b\u0435 \u0440\u0430\u0431\u043e\u0442\u044b \u0437\u0434\u0430\u043d\u0438\u044f \u0441\u043a\u043b\u0430\u0434\u0430 \u0438 \u043a\u043e\u043d\u0442\u043e\u0440\u044b AS Lacto <\/h3><\/div><\/a><a class=\"gallery_picture\" href=\"http:\/\/www.remet.ee\/wp-content\/uploads\/2018\/04\/12-2013.4-Busside-remondito\u0308o\u0308koja-taastamisto\u0308o\u0308d.jpg\" data-fancybox=\"gallery-338\"><div class=\"gallery_picture-wrap\"><img decoding=\"async\" src=\"http:\/\/www.remet.ee\/wp-content\/uploads\/2018\/04\/12-2013.4-Busside-remondito\u0308o\u0308koja-taastamisto\u0308o\u0308d-271x198.jpg\" \/><h3 class=\"gallery-title\">\u0412\u043e\u0441\u0442\u0430\u043d\u043e\u0432\u0438\u0442\u0435\u043b\u044c\u043d\u044b\u0435 \u0440\u0430\u0431\u043e\u0442\u044b \u0440\u0435\u043c\u043e\u043d\u0442\u043d\u044b\u0445 \u043f\u043e\u043c\u0435\u0449\u0435\u043d\u0438\u0439 \u0422\u0430\u043b\u043b\u0438\u043d\u0441\u043a\u043e\u0433\u043e \u0430\u0432\u0442\u043e\u0431\u0443\u0441\u043d\u043e\u0433\u043e \u043e\u0431\u044a\u0435\u0434\u0438\u043d\u0435\u043d\u0438\u044f<\/h3><\/div><\/a><a class=\"gallery_picture\" href=\"http:\/\/www.remet.ee\/wp-content\/uploads\/2018\/04\/13-2007.10-Saku-garantiinkasvuhoone-ehitusto\u0308o\u0308d.jpg\" data-fancybox=\"gallery-338\"><div class=\"gallery_picture-wrap\"><img decoding=\"async\" src=\"http:\/\/www.remet.ee\/wp-content\/uploads\/2018\/04\/13-2007.10-Saku-garantiinkasvuhoone-ehitusto\u0308o\u0308d-271x198.jpg\" \/><h3 class=\"gallery-title\">\u0421\u0442\u043e\u0440\u043e\u0438\u0442\u0435\u043b\u044c\u043d\u044b\u0435 \u0440\u0430\u0431\u043e\u0442\u044b \u043a\u0430\u0440\u0430\u043d\u0442\u0438\u043d\u043d\u043e\u0433\u043e \u043f\u0430\u0440\u043d\u0438\u043a\u0430 \u0432 \u0421\u0430\u043a\u0443<\/h3><\/div><\/a><a class=\"gallery_picture\" href=\"http:\/\/www.remet.ee\/wp-content\/uploads\/2018\/04\/14-...-Estma-kontor-rekonstrueerimisto\u0308o\u0308d-Tallinna-sadamas.jpg\" data-fancybox=\"gallery-338\"><div class=\"gallery_picture-wrap\"><img decoding=\"async\" src=\"http:\/\/www.remet.ee\/wp-content\/uploads\/2018\/04\/14-...-Estma-kontor-rekonstrueerimisto\u0308o\u0308d-Tallinna-sadamas-271x198.jpg\" \/><h3 class=\"gallery-title\">\u0420\u0435\u043a\u043e\u043d\u0441\u0442\u0440\u0443\u043a\u0446\u0438\u044f \u043a\u043e\u043d\u0442\u043e\u0440\u044b Estma \u0432 \u0422\u0430\u043b\u043b\u0438\u043d\u0441\u043a\u043e\u043c \u043f\u043e\u0440\u0442\u0443<\/h3><\/div><\/a><a class=\"gallery_picture\" href=\"http:\/\/www.remet.ee\/wp-content\/uploads\/2018\/04\/15-...-No\u0303mme-a\u0308rikeskuse-ehitusto\u0308o\u0308d.jpg\" data-fancybox=\"gallery-338\"><div class=\"gallery_picture-wrap\"><img decoding=\"async\" src=\"http:\/\/www.remet.ee\/wp-content\/uploads\/2018\/04\/15-...-No\u0303mme-a\u0308rikeskuse-ehitusto\u0308o\u0308d-271x198.jpg\" \/><h3 class=\"gallery-title\">\u0421\u0442\u043e\u0440\u043e\u0438\u0442\u0435\u043b\u044c\u043d\u044b\u0435 \u0440\u0430\u0431\u043e\u0442\u044b \u0442\u043e\u0440\u0433\u043e\u0432\u043e\u0433\u043e \u0446\u0435\u043d\u0442\u0440\u0430 \u041d\u044b\u043c\u043c\u0435<\/h3><\/div><\/a><a class=\"gallery_picture\" href=\"http:\/\/www.remet.ee\/wp-content\/uploads\/2018\/04\/16-1998.4-Eesti-Ekspress-IV-korruse-pealeehitusto\u0308o\u0308d.jpg\" data-fancybox=\"gallery-338\"><div class=\"gallery_picture-wrap\"><img decoding=\"async\" src=\"http:\/\/www.remet.ee\/wp-content\/uploads\/2018\/04\/16-1998.4-Eesti-Ekspress-IV-korruse-pealeehitusto\u0308o\u0308d-271x198.jpg\" \/><h3 class=\"gallery-title\">\u0421\u0442\u0440\u043e\u0438\u0442\u0435\u043b\u044c\u0441\u0442\u0432\u043e \u043f\u0440\u0438\u0441\u0442\u0440\u043e\u0439\u043a\u0438 \u043a \u0437\u0434\u0430\u043d\u0438\u044e \u043a\u043e\u043d\u0442\u043e\u0440\u044b Eesti Ekspress<\/h3><\/div><\/a><a class=\"gallery_picture\" href=\"http:\/\/www.remet.ee\/wp-content\/uploads\/2018\/04\/17-1999.12-Piirivalve-radari-ja-sideto\u0308o\u0308koja-renoveerimisto\u0308o\u0308d.jpg\" data-fancybox=\"gallery-338\"><div class=\"gallery_picture-wrap\"><img decoding=\"async\" src=\"http:\/\/www.remet.ee\/wp-content\/uploads\/2018\/04\/17-1999.12-Piirivalve-radari-ja-sideto\u0308o\u0308koja-renoveerimisto\u0308o\u0308d-271x198.jpg\" \/><h3 class=\"gallery-title\">\u0420\u0435\u043d\u043e\u0432\u0430\u0446\u0438\u044f \u0440\u0430\u0434\u0438\u043e\u043b\u043e\u043a\u0430\u0446\u0438\u043e\u043d\u043d\u043e\u0439 \u043c\u0430\u0441\u0442\u0435\u0440\u0441\u043a\u043e\u0439 \u043f\u043e\u0433\u0440\u0430\u043d\u0438\u0447\u043d\u043e\u0439 \u043e\u0445\u0440\u0430\u043d\u044b<\/h3><\/div><\/a><a class=\"gallery_picture\" href=\"http:\/\/www.remet.ee\/wp-content\/uploads\/2018\/04\/19-2005.1-AS-Tallinna-Lennujaama-kaubateeninduskeskuse-laiendusto\u0308o\u0308d.png\" data-fancybox=\"gallery-338\"><div class=\"gallery_picture-wrap\"><img decoding=\"async\" src=\"http:\/\/www.remet.ee\/wp-content\/uploads\/2018\/04\/19-2005.1-AS-Tallinna-Lennujaama-kaubateeninduskeskuse-laiendusto\u0308o\u0308d-271x198.png\" \/><h3 class=\"gallery-title\">\u0420\u0430\u0441\u0448\u0438\u0440\u0435\u043d\u0438\u0435 \u0442\u0435\u0445\u043d\u0438\u0447\u0435\u0441\u043a\u0438\u0445 \u043f\u043e\u043c\u0435\u0449\u0435\u043d\u0438\u0439 \u0422\u0430\u043b\u043b\u0438\u043d\u043d\u0441\u043a\u043e\u0433\u043e \u0430\u044d\u0440\u043e\u043f\u043e\u0440\u0442\u0430<\/h3><\/div><\/a><a class=\"gallery_picture\" href=\"http:\/\/www.remet.ee\/wp-content\/uploads\/2018\/04\/20-2001.5-Veho-Eesti-18-mu\u0308u\u0308gisalongi-ehitusto\u0308o\u0308d.jpg\" data-fancybox=\"gallery-338\"><div class=\"gallery_picture-wrap\"><img decoding=\"async\" src=\"http:\/\/www.remet.ee\/wp-content\/uploads\/2018\/04\/20-2001.5-Veho-Eesti-18-mu\u0308u\u0308gisalongi-ehitusto\u0308o\u0308d-271x198.jpg\" \/><h3 class=\"gallery-title\">\u0421\u0442\u043e\u0440\u043e\u0438\u0442\u0435\u043b\u044c\u043d\u044b\u0435 \u0440\u0430\u0431\u043e\u0442\u044b \u0441\u0430\u043b\u043e\u043d\u0430 \u043f\u043e \u043f\u0440\u043e\u0434\u0430\u0436\u0435 Veho Eesti<\/h3><\/div><\/a><\/div><div class=\"clr\"><\/div><\/div>\n","protected":false},"excerpt":{"rendered":"\u0421\u0442\u0440\u043e\u0438\u0442\u0435\u043b\u044c\u043d\u044b\u0435 \u0440\u0430\u0431\u043e\u0442\u044b \u0430\u0440\u0445\u0438\u0432\u043d\u043e\u0433\u043e \u0437\u0434\u0430\u043d\u0438\u044f \u0417\u0435\u043c\u0435\u043b\u044c\u043d\u043e\u0433\u043e \u0434\u0435\u043f\u0430\u0440\u0442\u0430\u043c\u0435\u043d\u0442\u0430\u041f\u0440\u043e\u0438\u0437\u0432\u043e\u0434\u0441\u0442\u0432\u0435\u043d\u043d\u043e\u0435 \u0437\u0434\u0430\u043d\u0438\u0435 AS Polimoon\u041f\u0440\u043e\u0438\u0437\u0432\u043e\u0434\u0441\u0442\u0432\u0435\u043d\u043d\u043e\u0435 \u0437\u0434\u0430\u043d\u0438\u0435 \u0440\u044b\u0431\u043d\u043e\u0439 \u043f\u0440\u043e\u043c\u044b\u0448\u043b\u0435\u043d\u043d\u043e\u0441\u0442\u0438 Paldiski\u0421\u0442\u043e\u0440\u043e\u0438\u0442\u0435\u043b\u044c\u043d\u044b\u0435 \u0440\u0430\u0431\u043e\u0442\u044b \u0430\u0434\u043c\u0438\u043d\u0438\u0441\u0442\u0440\u0430\u0442\u0438\u0432\u043d\u043e\u0433\u043e \u0437\u0434\u0430\u043d\u0438\u044f \u041d\u0430\u0440\u0432\u0441\u043a\u043e\u0439 \u0441\u0442\u0430\u043d\u0446\u0438\u0438\u0421\u0442\u043e\u0440\u043e\u0438\u0442\u0435\u043b\u044c\u043d\u044b\u0435 \u0440\u0430\u0431\u043e\u0442\u044b \u0437\u0430\u0432\u043e\u0434\u0430 \u043f\u043e \u043c\u043e\u043d\u0442\u0430\u0436\u0443 \u043a\u0430\u0431\u0435\u043b\u0435\u0439\u0421\u0442\u043e\u0440\u043e\u0438\u0442\u0435\u043b\u044c\u043d\u044b\u0435 \u0440\u0430\u0431\u043e\u0442\u044b \u0411\u043e\u0442\u0430\u043d\u0438\u0447\u0435\u0441\u043a\u043e\u0433\u043e \u0441\u0430\u0434\u0430\u0420\u0435\u043a\u043e\u043d\u0441\u0442\u0440\u0443\u043a\u0446\u0438\u044f \u0437\u0434\u0430\u043d\u0438\u044f \u0431\u044e\u0440\u043e Susi \u0438 \u0441\u0442\u0440\u043e\u0438\u0442\u0435\u043b\u044c\u0441\u0442\u0432\u043e \u043f\u0440\u0438\u0441\u0442\u0440\u043e\u0439\u043a\u0438\u0421\u0442\u043e\u0440\u043e\u0438\u0442\u0435\u043b\u044c\u043d\u044b\u0435 \u0440\u0430\u0431\u043e\u0442\u044b \u0437\u0434\u0430\u043d\u0438\u044f \u0431\u044e\u0440\u043e \u043d\u0430 Endla 8 \u0421\u0442\u043e\u0440\u043e\u0438\u0442\u0435\u043b\u044c\u043d\u044b\u0435 \u0440\u0430\u0431\u043e\u0442\u044b \u0442\u0435\u0445\u043d\u0438\u0447\u0435\u0441\u043a\u043e\u0433\u043e \u043f\u043e\u043c\u0435\u0449\u0435\u043d\u0438\u044f \u0432 \u0413\u043e\u0441\u0443\u0434\u0430\u0440\u0441\u0442\u0432\u0435\u043d\u043d\u043e\u043c \u0438\u043d\u0444\u043e\u043a\u043e\u043c\u043c\u0443\u043d\u0438\u043a\u0430\u0446\u0438\u043e\u043d\u043d\u043e\u043c \u0446\u0435\u043b\u0435\u0432\u043e\u043c \u0443\u0447\u0440\u0435\u0436\u0434\u0435\u043d\u0438\u0438\u0421\u0442\u043e\u0440\u043e\u0438\u0442\u0435\u043b\u044c\u043d\u044b\u0435 \u0440\u0430\u0431\u043e\u0442\u044b \u043f\u043e \u043f\u0435\u0440\u0435\u0434\u0435\u043b\u043a\u0435 \u0437\u0434\u0430\u043d\u0438\u044f \u0431\u044e\u0440\u043e \u043d\u0430 Sadama 4\u0421\u0442\u043e\u0440\u043e\u0438\u0442\u0435\u043b\u044c\u043d\u044b\u0435...","protected":false},"author":1,"featured_media":0,"parent":730,"menu_order":0,"comment_status":"closed","ping_status":"closed","template":"","meta":{"_acf_changed":false,"footnotes":""},"class_list":["post-742","page","type-page","status-publish","hentry"],"acf":[],"yoast_head":"<!-- This site is optimized with the Yoast SEO plugin v25.6 - https:\/\/yoast.com\/wordpress\/plugins\/seo\/ -->\n<title>REMET EHITUSETTEV\u00d5TE - \u0411\u044e\u0440\u043e \u0438 \u043f\u0440\u043e\u0438\u0437\u0432\u043e\u0434\u0441\u0442\u0432\u0435\u043d\u043d\u044b\u0435 \u0437\u0434\u0430\u043d\u0438\u044f - AS Remet<\/title>\n<meta name=\"description\" content=\"Remet ehitus on ehitusettev\u00f5te, mis on loodud 1990. aastal. AS Remet pakub koos oma inseneridest koosneva meeskonnaga juhtimist ehituse peat\u00f6\u00f6v\u00f5tu meetodil k.a. projekteerimis-ehituse peat\u00f6\u00f6v\u00f5tt.\" \/>\n<meta name=\"robots\" content=\"index, follow, max-snippet:-1, max-image-preview:large, max-video-preview:-1\" \/>\n<link rel=\"canonical\" href=\"http:\/\/www.remet.ee\/tehtud-tood\/buroo-ja-toostushooned\/\" \/>\n<meta property=\"og:locale\" content=\"ru_RU\" \/>\n<meta property=\"og:type\" content=\"article\" \/>\n<meta property=\"og:title\" content=\"REMET EHITUSETTEV\u00d5TE - \u0411\u044e\u0440\u043e \u0438 \u043f\u0440\u043e\u0438\u0437\u0432\u043e\u0434\u0441\u0442\u0432\u0435\u043d\u043d\u044b\u0435 \u0437\u0434\u0430\u043d\u0438\u044f - AS Remet\" \/>\n<meta property=\"og:description\" content=\"Remet ehitus on ehitusettev\u00f5te, mis on loodud 1990. aastal. AS Remet pakub koos oma inseneridest koosneva meeskonnaga juhtimist ehituse peat\u00f6\u00f6v\u00f5tu meetodil k.a. projekteerimis-ehituse peat\u00f6\u00f6v\u00f5tt.\" \/>\n<meta property=\"og:url\" content=\"http:\/\/www.remet.ee\/tehtud-tood\/buroo-ja-toostushooned\/\" \/>\n<meta property=\"og:site_name\" content=\"REMET EHITUSETTEV\u00d5TE\" \/>\n<meta property=\"article:modified_time\" content=\"2018-05-07T09:34:36+00:00\" \/>\n<meta name=\"twitter:card\" content=\"summary_large_image\" \/>\n<script type=\"application\/ld+json\" class=\"yoast-schema-graph\">{\"@context\":\"https:\/\/schema.org\",\"@graph\":[{\"@type\":\"WebPage\",\"@id\":\"http:\/\/www.remet.ee\/tehtud-tood\/buroo-ja-toostushooned\/\",\"url\":\"http:\/\/www.remet.ee\/tehtud-tood\/buroo-ja-toostushooned\/\",\"name\":\"REMET EHITUSETTEV\u00d5TE - \u0411\u044e\u0440\u043e \u0438 \u043f\u0440\u043e\u0438\u0437\u0432\u043e\u0434\u0441\u0442\u0432\u0435\u043d\u043d\u044b\u0435 \u0437\u0434\u0430\u043d\u0438\u044f - AS Remet\",\"isPartOf\":{\"@id\":\"http:\/\/www.remet.ee\/#website\"},\"datePublished\":\"2018-05-07T08:53:44+00:00\",\"dateModified\":\"2018-05-07T09:34:36+00:00\",\"description\":\"Remet ehitus on ehitusettev\u00f5te, mis on loodud 1990. aastal. AS Remet pakub koos oma inseneridest koosneva meeskonnaga juhtimist ehituse peat\u00f6\u00f6v\u00f5tu meetodil k.a. projekteerimis-ehituse peat\u00f6\u00f6v\u00f5tt.\",\"breadcrumb\":{\"@id\":\"http:\/\/www.remet.ee\/tehtud-tood\/buroo-ja-toostushooned\/#breadcrumb\"},\"inLanguage\":\"ru-RU\",\"potentialAction\":[{\"@type\":\"ReadAction\",\"target\":[\"http:\/\/www.remet.ee\/tehtud-tood\/buroo-ja-toostushooned\/\"]}]},{\"@type\":\"BreadcrumbList\",\"@id\":\"http:\/\/www.remet.ee\/tehtud-tood\/buroo-ja-toostushooned\/#breadcrumb\",\"itemListElement\":[{\"@type\":\"ListItem\",\"position\":1,\"name\":\"Home\",\"item\":\"http:\/\/www.remet.ee\/\"},{\"@type\":\"ListItem\",\"position\":2,\"name\":\"\u0412\u044b\u043f\u043e\u043b\u043d\u0435\u043d\u043d\u044b\u0435 \u043f\u0440\u043e\u0435\u043a\u0442\u044b\",\"item\":\"http:\/\/www.remet.ee\/tehtud-tood\/\"},{\"@type\":\"ListItem\",\"position\":3,\"name\":\"\u0411\u044e\u0440\u043e \u0438 \u043f\u0440\u043e\u0438\u0437\u0432\u043e\u0434\u0441\u0442\u0432\u0435\u043d\u043d\u044b\u0435 \u0437\u0434\u0430\u043d\u0438\u044f\"}]},{\"@type\":\"WebSite\",\"@id\":\"http:\/\/www.remet.ee\/#website\",\"url\":\"http:\/\/www.remet.ee\/\",\"name\":\"REMET EHITUSETTEV\u00d5TE\",\"description\":\"Ehitusettev\u00f5te Remet omab kogemust ehituses aastast 1989\",\"potentialAction\":[{\"@type\":\"SearchAction\",\"target\":{\"@type\":\"EntryPoint\",\"urlTemplate\":\"http:\/\/www.remet.ee\/?s={search_term_string}\"},\"query-input\":{\"@type\":\"PropertyValueSpecification\",\"valueRequired\":true,\"valueName\":\"search_term_string\"}}],\"inLanguage\":\"ru-RU\"}]}<\/script>\n<!-- \/ Yoast SEO plugin. -->","yoast_head_json":{"title":"REMET EHITUSETTEV\u00d5TE - \u0411\u044e\u0440\u043e \u0438 \u043f\u0440\u043e\u0438\u0437\u0432\u043e\u0434\u0441\u0442\u0432\u0435\u043d\u043d\u044b\u0435 \u0437\u0434\u0430\u043d\u0438\u044f - AS Remet","description":"Remet ehitus on ehitusettev\u00f5te, mis on loodud 1990. aastal. AS Remet pakub koos oma inseneridest koosneva meeskonnaga juhtimist ehituse peat\u00f6\u00f6v\u00f5tu meetodil k.a. projekteerimis-ehituse peat\u00f6\u00f6v\u00f5tt.","robots":{"index":"index","follow":"follow","max-snippet":"max-snippet:-1","max-image-preview":"max-image-preview:large","max-video-preview":"max-video-preview:-1"},"canonical":"http:\/\/www.remet.ee\/tehtud-tood\/buroo-ja-toostushooned\/","og_locale":"ru_RU","og_type":"article","og_title":"REMET EHITUSETTEV\u00d5TE - \u0411\u044e\u0440\u043e \u0438 \u043f\u0440\u043e\u0438\u0437\u0432\u043e\u0434\u0441\u0442\u0432\u0435\u043d\u043d\u044b\u0435 \u0437\u0434\u0430\u043d\u0438\u044f - AS Remet","og_description":"Remet ehitus on ehitusettev\u00f5te, mis on loodud 1990. aastal. AS Remet pakub koos oma inseneridest koosneva meeskonnaga juhtimist ehituse peat\u00f6\u00f6v\u00f5tu meetodil k.a. projekteerimis-ehituse peat\u00f6\u00f6v\u00f5tt.","og_url":"http:\/\/www.remet.ee\/tehtud-tood\/buroo-ja-toostushooned\/","og_site_name":"REMET EHITUSETTEV\u00d5TE","article_modified_time":"2018-05-07T09:34:36+00:00","twitter_card":"summary_large_image","schema":{"@context":"https:\/\/schema.org","@graph":[{"@type":"WebPage","@id":"http:\/\/www.remet.ee\/tehtud-tood\/buroo-ja-toostushooned\/","url":"http:\/\/www.remet.ee\/tehtud-tood\/buroo-ja-toostushooned\/","name":"REMET EHITUSETTEV\u00d5TE - \u0411\u044e\u0440\u043e \u0438 \u043f\u0440\u043e\u0438\u0437\u0432\u043e\u0434\u0441\u0442\u0432\u0435\u043d\u043d\u044b\u0435 \u0437\u0434\u0430\u043d\u0438\u044f - AS Remet","isPartOf":{"@id":"http:\/\/www.remet.ee\/#website"},"datePublished":"2018-05-07T08:53:44+00:00","dateModified":"2018-05-07T09:34:36+00:00","description":"Remet ehitus on ehitusettev\u00f5te, mis on loodud 1990. aastal. AS Remet pakub koos oma inseneridest koosneva meeskonnaga juhtimist ehituse peat\u00f6\u00f6v\u00f5tu meetodil k.a. projekteerimis-ehituse peat\u00f6\u00f6v\u00f5tt.","breadcrumb":{"@id":"http:\/\/www.remet.ee\/tehtud-tood\/buroo-ja-toostushooned\/#breadcrumb"},"inLanguage":"ru-RU","potentialAction":[{"@type":"ReadAction","target":["http:\/\/www.remet.ee\/tehtud-tood\/buroo-ja-toostushooned\/"]}]},{"@type":"BreadcrumbList","@id":"http:\/\/www.remet.ee\/tehtud-tood\/buroo-ja-toostushooned\/#breadcrumb","itemListElement":[{"@type":"ListItem","position":1,"name":"Home","item":"http:\/\/www.remet.ee\/"},{"@type":"ListItem","position":2,"name":"\u0412\u044b\u043f\u043e\u043b\u043d\u0435\u043d\u043d\u044b\u0435 \u043f\u0440\u043e\u0435\u043a\u0442\u044b","item":"http:\/\/www.remet.ee\/tehtud-tood\/"},{"@type":"ListItem","position":3,"name":"\u0411\u044e\u0440\u043e \u0438 \u043f\u0440\u043e\u0438\u0437\u0432\u043e\u0434\u0441\u0442\u0432\u0435\u043d\u043d\u044b\u0435 \u0437\u0434\u0430\u043d\u0438\u044f"}]},{"@type":"WebSite","@id":"http:\/\/www.remet.ee\/#website","url":"http:\/\/www.remet.ee\/","name":"REMET EHITUSETTEV\u00d5TE","description":"Ehitusettev\u00f5te Remet omab kogemust ehituses aastast 1989","potentialAction":[{"@type":"SearchAction","target":{"@type":"EntryPoint","urlTemplate":"http:\/\/www.remet.ee\/?s={search_term_string}"},"query-input":{"@type":"PropertyValueSpecification","valueRequired":true,"valueName":"search_term_string"}}],"inLanguage":"ru-RU"}]}},"_links":{"self":[{"href":"http:\/\/www.remet.ee\/ru\/wp-json\/wp\/v2\/pages\/742"}],"collection":[{"href":"http:\/\/www.remet.ee\/ru\/wp-json\/wp\/v2\/pages"}],"about":[{"href":"http:\/\/www.remet.ee\/ru\/wp-json\/wp\/v2\/types\/page"}],"author":[{"embeddable":true,"href":"http:\/\/www.remet.ee\/ru\/wp-json\/wp\/v2\/users\/1"}],"replies":[{"embeddable":true,"href":"http:\/\/www.remet.ee\/ru\/wp-json\/wp\/v2\/comments?post=742"}],"version-history":[{"count":2,"href":"http:\/\/www.remet.ee\/ru\/wp-json\/wp\/v2\/pages\/742\/revisions"}],"predecessor-version":[{"id":744,"href":"http:\/\/www.remet.ee\/ru\/wp-json\/wp\/v2\/pages\/742\/revisions\/744"}],"up":[{"embeddable":true,"href":"http:\/\/www.remet.ee\/ru\/wp-json\/wp\/v2\/pages\/730"}],"wp:attachment":[{"href":"http:\/\/www.remet.ee\/ru\/wp-json\/wp\/v2\/media?parent=742"}],"curies":[{"name":"wp","href":"https:\/\/api.w.org\/{rel}","templated":true}]}}