{"id":751,"date":"2018-05-07T11:56:44","date_gmt":"2018-05-07T08:56:44","guid":{"rendered":"http:\/\/www.remet.ee\/?page_id=751"},"modified":"2022-03-14T14:09:46","modified_gmt":"2022-03-14T12:09:46","slug":"%d0%bf%d1%80%d0%be%d0%b5%d0%ba%d1%82%d1%8b-%d0%b2-%d0%bf%d1%80%d0%be%d1%86%d0%b5%d1%81%d1%81%d0%b5","status":"publish","type":"page","link":"http:\/\/www.remet.ee\/ru\/%d0%bf%d1%80%d0%be%d0%b5%d0%ba%d1%82%d1%8b-%d0%b2-%d0%bf%d1%80%d0%be%d1%86%d0%b5%d1%81%d1%81%d0%b5\/","title":{"rendered":"\u041f\u0440\u043e\u0435\u043a\u0442\u044b \u0432 \u043f\u0440\u043e\u0446\u0435\u0441\u0441\u0435"},"content":{"rendered":"<div class=\"wpb-content-wrapper\">[vc_row el_class=&#187;pealkirjad&#187;][vc_column width=&#187;1\/2&#8243;][vc_single_image image=&#187;1218&#8243; img_size=&#187;400&#215;300&#8243; add_caption=&#187;yes&#187; alignment=&#187;center&#187; onclick=&#187;custom_link&#187; link=&#187;http:\/\/www.paepargi.ee\/&#187;][vc_custom_heading text=&#187;Hane tn 4, Tallinn \u0441\u0442\u0440\u043e\u0438\u0442\u0435\u043b\u044c\u0441\u0442\u0432\u043e &#187; font_container=&#187;tag:h3|font_size:17px|text_align:center|color:%23000000|line_height:22px&#187; use_theme_fonts=&#187;yes&#187;][\/vc_column][\/vc_row]\n<\/div>","protected":false},"excerpt":{"rendered":"<p>[vc_row el_class=&#187;pealkirjad&#187;][vc_column width=&#187;1\/2&#8243;][vc_single_image image=&#187;1218&#8243; img_size=&#187;400&#215;300&#8243; add_caption=&#187;yes&#187; alignment=&#187;center&#187; onclick=&#187;custom_link&#187; link=&#187;http:\/\/www.paepargi.ee\/&#187;][vc_custom_heading text=&#187;Hane tn 4, Tallinn \u0441\u0442\u0440\u043e\u0438\u0442\u0435\u043b\u044c\u0441\u0442\u0432\u043e &#187; font_container=&#187;tag:h3|font_size:17px|text_align:center|color:%23000000|line_height:22px&#187; use_theme_fonts=&#187;yes&#187;][\/vc_column][\/vc_row]<\/p>\n","protected":false},"author":1,"featured_media":0,"parent":0,"menu_order":0,"comment_status":"closed","ping_status":"closed","template":"page-full-alam.php","meta":{"_acf_changed":false,"footnotes":""},"class_list":["post-751","page","type-page","status-publish","hentry"],"acf":[],"yoast_head":"<!-- This site is optimized with the Yoast SEO plugin v25.6 - https:\/\/yoast.com\/wordpress\/plugins\/seo\/ -->\n<title>REMET EHITUSETTEV\u00d5TE - \u041f\u0440\u043e\u0435\u043a\u0442\u044b \u0432 \u043f\u0440\u043e\u0446\u0435\u0441\u0441\u0435 - AS Remet<\/title>\n<meta name=\"description\" content=\"Remet ehitus on ehitusettev\u00f5te, mis on loodud 1990. aastal. AS Remet pakub koos oma inseneridest koosneva meeskonnaga juhtimist ehituse peat\u00f6\u00f6v\u00f5tu meetodil k.a. projekteerimis-ehituse peat\u00f6\u00f6v\u00f5tt.\" \/>\n<meta name=\"robots\" content=\"index, follow, max-snippet:-1, max-image-preview:large, max-video-preview:-1\" \/>\n<link rel=\"canonical\" href=\"http:\/\/www.remet.ee\/toos\/\" \/>\n<meta property=\"og:locale\" content=\"ru_RU\" \/>\n<meta property=\"og:type\" content=\"article\" \/>\n<meta property=\"og:title\" content=\"REMET EHITUSETTEV\u00d5TE - \u041f\u0440\u043e\u0435\u043a\u0442\u044b \u0432 \u043f\u0440\u043e\u0446\u0435\u0441\u0441\u0435 - AS Remet\" \/>\n<meta property=\"og:description\" content=\"Remet ehitus on ehitusettev\u00f5te, mis on loodud 1990. aastal. AS Remet pakub koos oma inseneridest koosneva meeskonnaga juhtimist ehituse peat\u00f6\u00f6v\u00f5tu meetodil k.a. projekteerimis-ehituse peat\u00f6\u00f6v\u00f5tt.\" \/>\n<meta property=\"og:url\" content=\"http:\/\/www.remet.ee\/toos\/\" \/>\n<meta property=\"og:site_name\" content=\"REMET EHITUSETTEV\u00d5TE\" \/>\n<meta property=\"article:modified_time\" content=\"2022-03-14T12:09:46+00:00\" \/>\n<meta name=\"twitter:card\" content=\"summary_large_image\" \/>\n<script type=\"application\/ld+json\" class=\"yoast-schema-graph\">{\"@context\":\"https:\/\/schema.org\",\"@graph\":[{\"@type\":\"WebPage\",\"@id\":\"http:\/\/www.remet.ee\/toos\/\",\"url\":\"http:\/\/www.remet.ee\/toos\/\",\"name\":\"REMET EHITUSETTEV\u00d5TE - \u041f\u0440\u043e\u0435\u043a\u0442\u044b \u0432 \u043f\u0440\u043e\u0446\u0435\u0441\u0441\u0435 - AS Remet\",\"isPartOf\":{\"@id\":\"http:\/\/www.remet.ee\/#website\"},\"datePublished\":\"2018-05-07T08:56:44+00:00\",\"dateModified\":\"2022-03-14T12:09:46+00:00\",\"description\":\"Remet ehitus on ehitusettev\u00f5te, mis on loodud 1990. aastal. AS Remet pakub koos oma inseneridest koosneva meeskonnaga juhtimist ehituse peat\u00f6\u00f6v\u00f5tu meetodil k.a. projekteerimis-ehituse peat\u00f6\u00f6v\u00f5tt.\",\"breadcrumb\":{\"@id\":\"http:\/\/www.remet.ee\/toos\/#breadcrumb\"},\"inLanguage\":\"ru-RU\",\"potentialAction\":[{\"@type\":\"ReadAction\",\"target\":[\"http:\/\/www.remet.ee\/toos\/\"]}]},{\"@type\":\"BreadcrumbList\",\"@id\":\"http:\/\/www.remet.ee\/toos\/#breadcrumb\",\"itemListElement\":[{\"@type\":\"ListItem\",\"position\":1,\"name\":\"Home\",\"item\":\"http:\/\/www.remet.ee\/\"},{\"@type\":\"ListItem\",\"position\":2,\"name\":\"\u041f\u0440\u043e\u0435\u043a\u0442\u044b \u0432 \u043f\u0440\u043e\u0446\u0435\u0441\u0441\u0435\"}]},{\"@type\":\"WebSite\",\"@id\":\"http:\/\/www.remet.ee\/#website\",\"url\":\"http:\/\/www.remet.ee\/\",\"name\":\"REMET EHITUSETTEV\u00d5TE\",\"description\":\"Ehitusettev\u00f5te Remet omab kogemust ehituses aastast 1989\",\"potentialAction\":[{\"@type\":\"SearchAction\",\"target\":{\"@type\":\"EntryPoint\",\"urlTemplate\":\"http:\/\/www.remet.ee\/?s={search_term_string}\"},\"query-input\":{\"@type\":\"PropertyValueSpecification\",\"valueRequired\":true,\"valueName\":\"search_term_string\"}}],\"inLanguage\":\"ru-RU\"}]}<\/script>\n<!-- \/ Yoast SEO plugin. -->","yoast_head_json":{"title":"REMET EHITUSETTEV\u00d5TE - \u041f\u0440\u043e\u0435\u043a\u0442\u044b \u0432 \u043f\u0440\u043e\u0446\u0435\u0441\u0441\u0435 - AS Remet","description":"Remet ehitus on ehitusettev\u00f5te, mis on loodud 1990. aastal. AS Remet pakub koos oma inseneridest koosneva meeskonnaga juhtimist ehituse peat\u00f6\u00f6v\u00f5tu meetodil k.a. projekteerimis-ehituse peat\u00f6\u00f6v\u00f5tt.","robots":{"index":"index","follow":"follow","max-snippet":"max-snippet:-1","max-image-preview":"max-image-preview:large","max-video-preview":"max-video-preview:-1"},"canonical":"http:\/\/www.remet.ee\/toos\/","og_locale":"ru_RU","og_type":"article","og_title":"REMET EHITUSETTEV\u00d5TE - \u041f\u0440\u043e\u0435\u043a\u0442\u044b \u0432 \u043f\u0440\u043e\u0446\u0435\u0441\u0441\u0435 - AS Remet","og_description":"Remet ehitus on ehitusettev\u00f5te, mis on loodud 1990. aastal. AS Remet pakub koos oma inseneridest koosneva meeskonnaga juhtimist ehituse peat\u00f6\u00f6v\u00f5tu meetodil k.a. projekteerimis-ehituse peat\u00f6\u00f6v\u00f5tt.","og_url":"http:\/\/www.remet.ee\/toos\/","og_site_name":"REMET EHITUSETTEV\u00d5TE","article_modified_time":"2022-03-14T12:09:46+00:00","twitter_card":"summary_large_image","schema":{"@context":"https:\/\/schema.org","@graph":[{"@type":"WebPage","@id":"http:\/\/www.remet.ee\/toos\/","url":"http:\/\/www.remet.ee\/toos\/","name":"REMET EHITUSETTEV\u00d5TE - \u041f\u0440\u043e\u0435\u043a\u0442\u044b \u0432 \u043f\u0440\u043e\u0446\u0435\u0441\u0441\u0435 - AS Remet","isPartOf":{"@id":"http:\/\/www.remet.ee\/#website"},"datePublished":"2018-05-07T08:56:44+00:00","dateModified":"2022-03-14T12:09:46+00:00","description":"Remet ehitus on ehitusettev\u00f5te, mis on loodud 1990. aastal. AS Remet pakub koos oma inseneridest koosneva meeskonnaga juhtimist ehituse peat\u00f6\u00f6v\u00f5tu meetodil k.a. projekteerimis-ehituse peat\u00f6\u00f6v\u00f5tt.","breadcrumb":{"@id":"http:\/\/www.remet.ee\/toos\/#breadcrumb"},"inLanguage":"ru-RU","potentialAction":[{"@type":"ReadAction","target":["http:\/\/www.remet.ee\/toos\/"]}]},{"@type":"BreadcrumbList","@id":"http:\/\/www.remet.ee\/toos\/#breadcrumb","itemListElement":[{"@type":"ListItem","position":1,"name":"Home","item":"http:\/\/www.remet.ee\/"},{"@type":"ListItem","position":2,"name":"\u041f\u0440\u043e\u0435\u043a\u0442\u044b \u0432 \u043f\u0440\u043e\u0446\u0435\u0441\u0441\u0435"}]},{"@type":"WebSite","@id":"http:\/\/www.remet.ee\/#website","url":"http:\/\/www.remet.ee\/","name":"REMET EHITUSETTEV\u00d5TE","description":"Ehitusettev\u00f5te Remet omab kogemust ehituses aastast 1989","potentialAction":[{"@type":"SearchAction","target":{"@type":"EntryPoint","urlTemplate":"http:\/\/www.remet.ee\/?s={search_term_string}"},"query-input":{"@type":"PropertyValueSpecification","valueRequired":true,"valueName":"search_term_string"}}],"inLanguage":"ru-RU"}]}},"_links":{"self":[{"href":"http:\/\/www.remet.ee\/ru\/wp-json\/wp\/v2\/pages\/751"}],"collection":[{"href":"http:\/\/www.remet.ee\/ru\/wp-json\/wp\/v2\/pages"}],"about":[{"href":"http:\/\/www.remet.ee\/ru\/wp-json\/wp\/v2\/types\/page"}],"author":[{"embeddable":true,"href":"http:\/\/www.remet.ee\/ru\/wp-json\/wp\/v2\/users\/1"}],"replies":[{"embeddable":true,"href":"http:\/\/www.remet.ee\/ru\/wp-json\/wp\/v2\/comments?post=751"}],"version-history":[{"count":33,"href":"http:\/\/www.remet.ee\/ru\/wp-json\/wp\/v2\/pages\/751\/revisions"}],"predecessor-version":[{"id":1243,"href":"http:\/\/www.remet.ee\/ru\/wp-json\/wp\/v2\/pages\/751\/revisions\/1243"}],"wp:attachment":[{"href":"http:\/\/www.remet.ee\/ru\/wp-json\/wp\/v2\/media?parent=751"}],"curies":[{"name":"wp","href":"https:\/\/api.w.org\/{rel}","templated":true}]}}