{"id":754,"date":"2018-05-07T12:00:48","date_gmt":"2018-05-07T09:00:48","guid":{"rendered":"http:\/\/www.remet.ee\/?page_id=754"},"modified":"2023-05-31T09:35:47","modified_gmt":"2023-05-31T06:35:47","slug":"%d1%80%d0%b0%d0%b1%d0%be%d1%82%d0%bd%d0%b8%d0%ba%d0%b8","status":"publish","type":"page","link":"http:\/\/www.remet.ee\/ru\/%d1%80%d0%b0%d0%b1%d0%be%d1%82%d0%bd%d0%b8%d0%ba%d0%b8\/","title":{"rendered":"\u0420\u0430\u0431\u043e\u0442\u043d\u0438\u043a\u0438"},"content":{"rendered":"<div class=\"wpb-content-wrapper\">[vc_row css=&#187;.vc_custom_1521015280888{padding-bottom: 150px !important;}&#187;][vc_column width=&#187;1\/6&#8243;][\/vc_column][vc_column width=&#187;2\/3&#8243;][vc_row_inner el_class=&#187;isikud&#187;][vc_column_inner width=&#187;1\/3&#8243;][vc_column_text]\n<p style=\"text-align: center;\"><strong>Aivar Lehtmets<br \/>\n<\/strong><em>\u0414\u0438\u0440\u0435\u043a\u0442\u043e\u0440<br \/>\n\u0447\u043b\u0435\u043d \u043f\u0440\u0430\u0432\u043b\u0435\u043d\u0438\u044f<\/em><br \/>\nE-\u043c\u0430\u0439\u043b: <a href=\"mailto:aivar@remet.ee\">aivar@remet.ee<\/a><\/p>\n[\/vc_column_text][\/vc_column_inner][vc_column_inner width=&#187;1\/3&#8243;][vc_column_text][\/vc_column_text][\/vc_column_inner][\/vc_row_inner][\/vc_column][vc_column width=&#187;1\/6&#8243;][\/vc_column][\/vc_row]\n<\/div>","protected":false},"excerpt":{"rendered":"<p>[vc_row css=&#187;.vc_custom_1521015280888{padding-bottom: 150px !important;}&#187;][vc_column width=&#187;1\/6&#8243;][\/vc_column][vc_column width=&#187;2\/3&#8243;][vc_row_inner el_class=&#187;isikud&#187;][vc_column_inner width=&#187;1\/3&#8243;][vc_column_text] Aivar Lehtmets \u0414\u0438\u0440\u0435\u043a\u0442\u043e\u0440 \u0447\u043b\u0435\u043d \u043f\u0440\u0430\u0432\u043b\u0435\u043d\u0438\u044f E-\u043c\u0430\u0439\u043b: aivar@remet.ee [\/vc_column_text][\/vc_column_inner][vc_column_inner width=&#187;1\/3&#8243;][vc_column_text][\/vc_column_text][\/vc_column_inner][\/vc_row_inner][\/vc_column][vc_column width=&#187;1\/6&#8243;][\/vc_column][\/vc_row]<\/p>\n","protected":false},"author":1,"featured_media":0,"parent":0,"menu_order":0,"comment_status":"closed","ping_status":"closed","template":"page-full-alam.php","meta":{"_acf_changed":false,"footnotes":""},"class_list":["post-754","page","type-page","status-publish","hentry"],"acf":[],"yoast_head":"<!-- This site is optimized with the Yoast SEO plugin v25.6 - https:\/\/yoast.com\/wordpress\/plugins\/seo\/ -->\n<title>REMET EHITUSETTEV\u00d5TE - \u0420\u0430\u0431\u043e\u0442\u043d\u0438\u043a\u0438 - AS Remet<\/title>\n<meta name=\"description\" content=\"Remet ehitus on ehitusettev\u00f5te, mis on loodud 1990. aastal. AS Remet pakub koos oma inseneridest koosneva meeskonnaga juhtimist ehituse peat\u00f6\u00f6v\u00f5tu meetodil k.a. projekteerimis-ehituse peat\u00f6\u00f6v\u00f5tt.\" \/>\n<meta name=\"robots\" content=\"index, follow, max-snippet:-1, max-image-preview:large, max-video-preview:-1\" \/>\n<link rel=\"canonical\" href=\"http:\/\/www.remet.ee\/tootajad\/\" \/>\n<meta property=\"og:locale\" content=\"ru_RU\" \/>\n<meta property=\"og:type\" content=\"article\" \/>\n<meta property=\"og:title\" content=\"REMET EHITUSETTEV\u00d5TE - \u0420\u0430\u0431\u043e\u0442\u043d\u0438\u043a\u0438 - AS Remet\" \/>\n<meta property=\"og:description\" content=\"Remet ehitus on ehitusettev\u00f5te, mis on loodud 1990. aastal. AS Remet pakub koos oma inseneridest koosneva meeskonnaga juhtimist ehituse peat\u00f6\u00f6v\u00f5tu meetodil k.a. projekteerimis-ehituse peat\u00f6\u00f6v\u00f5tt.\" \/>\n<meta property=\"og:url\" content=\"http:\/\/www.remet.ee\/tootajad\/\" \/>\n<meta property=\"og:site_name\" content=\"REMET EHITUSETTEV\u00d5TE\" \/>\n<meta property=\"article:modified_time\" content=\"2023-05-31T06:35:47+00:00\" \/>\n<meta name=\"twitter:card\" content=\"summary_large_image\" \/>\n<script type=\"application\/ld+json\" class=\"yoast-schema-graph\">{\"@context\":\"https:\/\/schema.org\",\"@graph\":[{\"@type\":\"WebPage\",\"@id\":\"http:\/\/www.remet.ee\/tootajad\/\",\"url\":\"http:\/\/www.remet.ee\/tootajad\/\",\"name\":\"REMET EHITUSETTEV\u00d5TE - \u0420\u0430\u0431\u043e\u0442\u043d\u0438\u043a\u0438 - AS Remet\",\"isPartOf\":{\"@id\":\"http:\/\/www.remet.ee\/#website\"},\"datePublished\":\"2018-05-07T09:00:48+00:00\",\"dateModified\":\"2023-05-31T06:35:47+00:00\",\"description\":\"Remet ehitus on ehitusettev\u00f5te, mis on loodud 1990. aastal. AS Remet pakub koos oma inseneridest koosneva meeskonnaga juhtimist ehituse peat\u00f6\u00f6v\u00f5tu meetodil k.a. projekteerimis-ehituse peat\u00f6\u00f6v\u00f5tt.\",\"breadcrumb\":{\"@id\":\"http:\/\/www.remet.ee\/tootajad\/#breadcrumb\"},\"inLanguage\":\"ru-RU\",\"potentialAction\":[{\"@type\":\"ReadAction\",\"target\":[\"http:\/\/www.remet.ee\/tootajad\/\"]}]},{\"@type\":\"BreadcrumbList\",\"@id\":\"http:\/\/www.remet.ee\/tootajad\/#breadcrumb\",\"itemListElement\":[{\"@type\":\"ListItem\",\"position\":1,\"name\":\"Home\",\"item\":\"http:\/\/www.remet.ee\/\"},{\"@type\":\"ListItem\",\"position\":2,\"name\":\"\u0420\u0430\u0431\u043e\u0442\u043d\u0438\u043a\u0438\"}]},{\"@type\":\"WebSite\",\"@id\":\"http:\/\/www.remet.ee\/#website\",\"url\":\"http:\/\/www.remet.ee\/\",\"name\":\"REMET EHITUSETTEV\u00d5TE\",\"description\":\"Ehitusettev\u00f5te Remet omab kogemust ehituses aastast 1989\",\"potentialAction\":[{\"@type\":\"SearchAction\",\"target\":{\"@type\":\"EntryPoint\",\"urlTemplate\":\"http:\/\/www.remet.ee\/?s={search_term_string}\"},\"query-input\":{\"@type\":\"PropertyValueSpecification\",\"valueRequired\":true,\"valueName\":\"search_term_string\"}}],\"inLanguage\":\"ru-RU\"}]}<\/script>\n<!-- \/ Yoast SEO plugin. -->","yoast_head_json":{"title":"REMET EHITUSETTEV\u00d5TE - \u0420\u0430\u0431\u043e\u0442\u043d\u0438\u043a\u0438 - AS Remet","description":"Remet ehitus on ehitusettev\u00f5te, mis on loodud 1990. aastal. AS Remet pakub koos oma inseneridest koosneva meeskonnaga juhtimist ehituse peat\u00f6\u00f6v\u00f5tu meetodil k.a. projekteerimis-ehituse peat\u00f6\u00f6v\u00f5tt.","robots":{"index":"index","follow":"follow","max-snippet":"max-snippet:-1","max-image-preview":"max-image-preview:large","max-video-preview":"max-video-preview:-1"},"canonical":"http:\/\/www.remet.ee\/tootajad\/","og_locale":"ru_RU","og_type":"article","og_title":"REMET EHITUSETTEV\u00d5TE - \u0420\u0430\u0431\u043e\u0442\u043d\u0438\u043a\u0438 - AS Remet","og_description":"Remet ehitus on ehitusettev\u00f5te, mis on loodud 1990. aastal. AS Remet pakub koos oma inseneridest koosneva meeskonnaga juhtimist ehituse peat\u00f6\u00f6v\u00f5tu meetodil k.a. projekteerimis-ehituse peat\u00f6\u00f6v\u00f5tt.","og_url":"http:\/\/www.remet.ee\/tootajad\/","og_site_name":"REMET EHITUSETTEV\u00d5TE","article_modified_time":"2023-05-31T06:35:47+00:00","twitter_card":"summary_large_image","schema":{"@context":"https:\/\/schema.org","@graph":[{"@type":"WebPage","@id":"http:\/\/www.remet.ee\/tootajad\/","url":"http:\/\/www.remet.ee\/tootajad\/","name":"REMET EHITUSETTEV\u00d5TE - \u0420\u0430\u0431\u043e\u0442\u043d\u0438\u043a\u0438 - AS Remet","isPartOf":{"@id":"http:\/\/www.remet.ee\/#website"},"datePublished":"2018-05-07T09:00:48+00:00","dateModified":"2023-05-31T06:35:47+00:00","description":"Remet ehitus on ehitusettev\u00f5te, mis on loodud 1990. aastal. AS Remet pakub koos oma inseneridest koosneva meeskonnaga juhtimist ehituse peat\u00f6\u00f6v\u00f5tu meetodil k.a. projekteerimis-ehituse peat\u00f6\u00f6v\u00f5tt.","breadcrumb":{"@id":"http:\/\/www.remet.ee\/tootajad\/#breadcrumb"},"inLanguage":"ru-RU","potentialAction":[{"@type":"ReadAction","target":["http:\/\/www.remet.ee\/tootajad\/"]}]},{"@type":"BreadcrumbList","@id":"http:\/\/www.remet.ee\/tootajad\/#breadcrumb","itemListElement":[{"@type":"ListItem","position":1,"name":"Home","item":"http:\/\/www.remet.ee\/"},{"@type":"ListItem","position":2,"name":"\u0420\u0430\u0431\u043e\u0442\u043d\u0438\u043a\u0438"}]},{"@type":"WebSite","@id":"http:\/\/www.remet.ee\/#website","url":"http:\/\/www.remet.ee\/","name":"REMET EHITUSETTEV\u00d5TE","description":"Ehitusettev\u00f5te Remet omab kogemust ehituses aastast 1989","potentialAction":[{"@type":"SearchAction","target":{"@type":"EntryPoint","urlTemplate":"http:\/\/www.remet.ee\/?s={search_term_string}"},"query-input":{"@type":"PropertyValueSpecification","valueRequired":true,"valueName":"search_term_string"}}],"inLanguage":"ru-RU"}]}},"_links":{"self":[{"href":"http:\/\/www.remet.ee\/ru\/wp-json\/wp\/v2\/pages\/754"}],"collection":[{"href":"http:\/\/www.remet.ee\/ru\/wp-json\/wp\/v2\/pages"}],"about":[{"href":"http:\/\/www.remet.ee\/ru\/wp-json\/wp\/v2\/types\/page"}],"author":[{"embeddable":true,"href":"http:\/\/www.remet.ee\/ru\/wp-json\/wp\/v2\/users\/1"}],"replies":[{"embeddable":true,"href":"http:\/\/www.remet.ee\/ru\/wp-json\/wp\/v2\/comments?post=754"}],"version-history":[{"count":19,"href":"http:\/\/www.remet.ee\/ru\/wp-json\/wp\/v2\/pages\/754\/revisions"}],"predecessor-version":[{"id":1290,"href":"http:\/\/www.remet.ee\/ru\/wp-json\/wp\/v2\/pages\/754\/revisions\/1290"}],"wp:attachment":[{"href":"http:\/\/www.remet.ee\/ru\/wp-json\/wp\/v2\/media?parent=754"}],"curies":[{"name":"wp","href":"https:\/\/api.w.org\/{rel}","templated":true}]}}